{"id":707629,"date":"2025-08-27T16:07:19","date_gmt":"2025-08-27T13:07:19","guid":{"rendered":"https:\/\/roveyayinevi.com.tr\/index.php\/urun\/sura-uflenene-kadar\/"},"modified":"2026-04-16T02:16:21","modified_gmt":"2026-04-15T23:16:21","slug":"sura-uflenene-kadar","status":"publish","type":"product","link":"https:\/\/roveyayinevi.com.tr\/index.php\/urun\/sura-uflenene-kadar\/","title":{"rendered":"Sur&#8217;a \u00dcflenene Kadar"},"content":{"rendered":"<p>T\u00fcrk tarihinin ve T\u00fcrk k\u00fclt\u00fcr\u00fcn\u00fcn \u00f6nde gelen simalar\u0131 y\u00fczy\u0131llar ge\u00e7se bile milletimizin g\u00f6n\u00fcl d\u00fcnyas\u0131nda ya\u015famaya devam ediyorlar. Bu \u015fahsiyetlerden biri de Sar\u0131 Saltuk. \u00d6l\u00fcm\u00fcn\u00fcn \u00fczerinden y\u00fczy\u0131llar ge\u00e7mesine ra\u011fmen Sar\u0131 Saltuk h\u00e2l\u00e2 Anadolu, Rumeli ve Balkan T\u00fcrklerinin g\u00f6nl\u00fcnde ve haf\u0131zas\u0131nda ya\u015f\u0131yor. Sar\u0131 Saltuk, Anadolu ve Rumeli&#8217;nin fethi esnas\u0131nda gazalara kat\u0131lan, kahramanl\u0131\u011f\u0131 ve velayeti ile daha ya\u015farken efsanev\u00ee bir \u015fahsiyet haline gelen b\u00fcy\u00fck bir Anadolu erenidir. Ahmed Yesev\u00ee, Hac\u0131 Bekt\u00e2\u015f Veli&#8217;den sonra Sar\u0131 Saltuk&#8217;u Horasan erenlerinden yedi y\u00fcz ki\u015fi ile ona imd\u00e2da g\u00f6nderdi. Me\u015fh\u00fbr tahta k\u0131l\u0131c\u0131n\u0131 Sar\u0131 Saltuk&#8217;un beline ku\u015fatarak \u015fu nas\u00eehati verdi: Saltuk Muhammed&#8217;im Bekta\u015f&#8217;\u0131m seni R\u00fbm&#8217;a g\u00f6ndersin. Var git. Leh diy\u00e2r\u0131nda Makedonya ve Dobruca&#8217;da yedi krall\u0131k yerde n\u00e2m ve \u015f\u00e2n s\u00e2hibi ol. Sar\u0131 Saltuk ve yan\u0131ndaki yedi y\u00fcz m\u00fcc\u00e2hid, g\u00e2zi, dervi\u015f Anadolu&#8217;ya geldiler. Hac\u0131 Bekt\u00e2\u015f Vel\u00ee, Ahmed Yesev\u00ee&#8217;nin emrine uyarak Sar\u0131 Saltuk&#8217;u Dobruca&#8217;ya g\u00f6nderdi. Sar\u0131 Saltuk ve arkada\u015flar\u0131 Bizans ucunda dervi\u015f g\u00e2zilerin \u00f6nc\u00fcl\u00fc\u011f\u00fcn\u00fc yapt\u0131lar. Gittikleri yerlerdeki yerli ah\u00e2linin pek \u00e7o\u011fu Sar\u0131 Saltuk ve arkada\u015flar\u0131n\u0131n g\u00fczel ahl\u00e2k\u0131n\u0131 ve \u00f6rnek ya\u015fay\u0131\u015f\u0131n\u0131 g\u00f6rerek M\u00fcsl\u00fcman oldular. Bug\u00fcn T\u00fcrbesi Baba Da\u011f\u0131&#8217;nda olan Sar\u0131 Saltuk&#8217;un edebiy\u00e2t\u0131m\u0131zda ve inan\u00e7 d\u00fcnyam\u0131zda da m\u00fchim bir yeri vard\u0131r. \u0130lk kitab\u0131 \u00d6ncekilerin Masallar\u0131 Esatiru&#8217;l-Evvelin ile tasavvuf edebiyat\u0131m\u0131za yeni bir soluk getiren \u00c7\u0131nar Ata&#8217;n\u0131n ikinci roman\u0131 Sur&#8217;a \u00dcflenene Kadar Sar\u0131 Saltuk Baba ile k\u00fclt\u00fcr ve inan\u00e7 d\u00fcnyam\u0131za katk\u0131 sa\u011flayaca\u011f\u0131 kanaatindeyiz. Kara\u015farl\u0131 Ali Do\u011fan Halife Baba<\/p>\n","protected":false},"excerpt":{"rendered":"<p>T\u00fcrk tarihinin ve T\u00fcrk k\u00fclt\u00fcr\u00fcn\u00fcn \u00f6nde gelen simalar\u0131 y\u00fczy\u0131llar ge\u00e7se bile milletimizin g\u00f6n\u00fcl d\u00fcnyas\u0131nda ya\u015famaya devam ediyorlar. Bu \u015fahsiyetlerden biri de Sar\u0131 Saltuk. \u00d6l\u00fcm\u00fcn\u00fcn \u00fczerinden y\u00fczy\u0131llar<span class=\"excerpt-hellip\"> [\u2026]<\/span><\/p>\n","protected":false},"featured_media":0,"template":"","meta":{"_monsterinsights_skip_tracking":false,"_monsterinsights_sitenote_active":false,"_monsterinsights_sitenote_note":"","_monsterinsights_sitenote_category":0},"product_brand":[],"product_cat":[12718,18102,12719],"product_tag":[],"class_list":{"0":"post-707629","1":"product","2":"type-product","3":"status-publish","5":"product_cat-din","6":"product_cat-edebiyat-roman","7":"product_cat-islam","8":"pa_cilt-ciltsiz","9":"pa_tur-kitap","10":"pa_yayinevi-otuken-nesriyat","11":"pa_yazar-cinar-ata","13":"first","14":"instock","15":"sale","16":"shipping-taxable","17":"purchasable","18":"product-type-simple"},"_links":{"self":[{"href":"https:\/\/roveyayinevi.com.tr\/index.php\/wp-json\/wp\/v2\/product\/707629","targetHints":{"allow":["GET"]}}],"collection":[{"href":"https:\/\/roveyayinevi.com.tr\/index.php\/wp-json\/wp\/v2\/product"}],"about":[{"href":"https:\/\/roveyayinevi.com.tr\/index.php\/wp-json\/wp\/v2\/types\/product"}],"wp:attachment":[{"href":"https:\/\/roveyayinevi.com.tr\/index.php\/wp-json\/wp\/v2\/media?parent=707629"}],"wp:term":[{"taxonomy":"product_brand","embeddable":true,"href":"https:\/\/roveyayinevi.com.tr\/index.php\/wp-json\/wp\/v2\/product_brand?post=707629"},{"taxonomy":"product_cat","embeddable":true,"href":"https:\/\/roveyayinevi.com.tr\/index.php\/wp-json\/wp\/v2\/product_cat?post=707629"},{"taxonomy":"product_tag","embeddable":true,"href":"https:\/\/roveyayinevi.com.tr\/index.php\/wp-json\/wp\/v2\/product_tag?post=707629"}],"curies":[{"name":"wp","href":"https:\/\/api.w.org\/{rel}","templated":true}]}}