{"id":707627,"date":"2025-08-27T16:07:19","date_gmt":"2025-08-27T13:07:19","guid":{"rendered":"https:\/\/roveyayinevi.com.tr\/index.php\/urun\/ara-alem-2-yasak-oyun\/"},"modified":"2026-04-16T02:16:21","modified_gmt":"2026-04-15T23:16:21","slug":"ara-alem-2-yasak-oyun","status":"publish","type":"product","link":"https:\/\/roveyayinevi.com.tr\/index.php\/urun\/ara-alem-2-yasak-oyun\/","title":{"rendered":"Ara Alem: 2 &#8211; Yasak Oyun"},"content":{"rendered":"<p>\u201cEkrana do\u011fru \u00e7ekildi\u011fimi hissettim. Sanki milyonlarca pikselin i\u00e7inden s\u00fcz\u00fcl\u00fcp kar\u015f\u0131 tarafa ge\u00e7ecektim.\u201dHem deli, hem d\u00e2hi oyun tasar\u0131mc\u0131s\u0131 bir day\u0131, patent heyeti taraf\u0131ndan anla\u015f\u0131lamad\u0131\u011f\u0131 i\u00e7in yasaklanan bir bilgisayar oyunu, pe\u015fi s\u0131ra ortadan kaybolan denekler, \u00e7al\u0131nan be\u015f y\u00fcz y\u0131ll\u0131k oymal\u0131 \u00e7er\u00e7eveli bir resim ve ya\u015famla \u00f6l\u00fcm aras\u0131nda varl\u0131klar\u0131n\u0131 s\u00fcrd\u00fcrenlerin s\u0131\u011f\u0131na\u011f\u0131 Ara \u00c2lem\u2019den gelen Canan\u2026Tarlakoz\u2019a izini kaybettirip kaybettirmedi\u011fini d\u00fc\u015f\u00fcnerek kafas\u0131n\u0131 da\u011f\u0131tmaya \u00e7al\u0131\u015fan Canan, gecenin ge\u00e7 bir saatinde internet kafeye girmekte olan Aziz ve Oya\u2019y\u0131 takibe al\u0131r. Bu tuhaf bulu\u015fmay\u0131 kendince yorumlamaya \u00e7al\u0131\u015f\u0131rken, k\u0131sa bir s\u00fcre sonra iki arkada\u015f\u0131n yasak bir i\u015fin pe\u015finde olduklar\u0131n\u0131 anlar. Oya, day\u0131s\u0131n\u0131n haz\u0131rlad\u0131\u011f\u0131 ama da\u011f\u0131t\u0131ma sunulmas\u0131na onay alamad\u0131\u011f\u0131 bir bilgisayar oyununu denemek i\u00e7in sab\u0131rs\u0131zlanmaktad\u0131r. Oysa Aziz oyunu deneme konusunda karars\u0131zd\u0131r. Peki, Kendal\u2019\u0131n kimli\u011fi belirsiz ki\u015filer taraf\u0131ndan \u00e7al\u0131nd\u0131\u011f\u0131 d\u00fc\u015f\u00fcn\u00fclen tablosunun internet kafede ne i\u015fi vard\u0131r?..Her kitab\u0131nda okurlar\u0131n\u0131 \u015fa\u015f\u0131rtmay\u0131 ba\u015faran bol \u00f6d\u00fcll\u00fc yazar Miyase Sertbarut, geceleri saat \u00fc\u00e7 bu\u00e7ukta uyan\u0131p yazd\u0131\u011f\u0131 ve \u00fc\u00e7 kitapl\u0131k bir gerilim serisi olarak tasarlad\u0131\u011f\u0131 &#8220;Ara \u00c2lem&#8221; dizisinin ikinci halkas\u0131nda, okurlar\u0131n\u0131, hi\u00e7 de yabanc\u0131s\u0131 olmad\u0131klar\u0131 oyun labirentlerinde maceran\u0131n hazz\u0131yla ilerletirken, \u201cNe yap\u0131yorum? Neden?\u201d gibi sorular sordurtuyor.Kaan Demir\u00e7elik&#8217;in \u00f6zg\u00fcn \u00e7izimleriyle renk katt\u0131\u011f\u0131 Ara Alem 2 \u2013 Yasak Oyun, bilgisayar oyunlar\u0131n\u0131n anlams\u0131z, vah\u015fi hedeflerine dikkat \u00e7ekerken ger\u00e7ek hayatta var olan ya\u015fatma, yard\u0131mla\u015fma, \u00f6zveri gibi de\u011ferlerin yerine neler konuldu\u011funu g\u00f6steriyor.Unutmay\u0131n, baz\u0131 oyunlar kalple, baz\u0131 oyunlar ak\u0131lla oynan\u0131r. Yasak Oyun ak\u0131lla kalbin \u00e7arp\u0131\u015ft\u0131\u011f\u0131 noktad\u0131r.<\/p>\n","protected":false},"excerpt":{"rendered":"<p>\u201cEkrana do\u011fru \u00e7ekildi\u011fimi hissettim. Sanki milyonlarca pikselin i\u00e7inden s\u00fcz\u00fcl\u00fcp kar\u015f\u0131 tarafa ge\u00e7ecektim.\u201dHem deli, hem d\u00e2hi oyun tasar\u0131mc\u0131s\u0131 bir day\u0131, patent heyeti taraf\u0131ndan anla\u015f\u0131lamad\u0131\u011f\u0131 i\u00e7in yasaklanan bir<span class=\"excerpt-hellip\"> [\u2026]<\/span><\/p>\n","protected":false},"featured_media":0,"template":"","meta":{"_monsterinsights_skip_tracking":false,"_monsterinsights_sitenote_active":false,"_monsterinsights_sitenote_note":"","_monsterinsights_sitenote_category":0},"product_brand":[],"product_cat":[12275,12274],"product_tag":[],"class_list":{"0":"post-707627","1":"product","2":"type-product","3":"status-publish","5":"product_cat-6-12-yas-kitaplari","6":"product_cat-cocuk-ve-genclik-kitaplari","7":"pa_cilt-ciltli","8":"pa_tur-kitap","9":"pa_yayinevi-tudem-yayinlari","10":"pa_yazar-miyase-sertbarut","12":"first","13":"instock","14":"sale","15":"shipping-taxable","16":"purchasable","17":"product-type-simple"},"_links":{"self":[{"href":"https:\/\/roveyayinevi.com.tr\/index.php\/wp-json\/wp\/v2\/product\/707627","targetHints":{"allow":["GET"]}}],"collection":[{"href":"https:\/\/roveyayinevi.com.tr\/index.php\/wp-json\/wp\/v2\/product"}],"about":[{"href":"https:\/\/roveyayinevi.com.tr\/index.php\/wp-json\/wp\/v2\/types\/product"}],"wp:attachment":[{"href":"https:\/\/roveyayinevi.com.tr\/index.php\/wp-json\/wp\/v2\/media?parent=707627"}],"wp:term":[{"taxonomy":"product_brand","embeddable":true,"href":"https:\/\/roveyayinevi.com.tr\/index.php\/wp-json\/wp\/v2\/product_brand?post=707627"},{"taxonomy":"product_cat","embeddable":true,"href":"https:\/\/roveyayinevi.com.tr\/index.php\/wp-json\/wp\/v2\/product_cat?post=707627"},{"taxonomy":"product_tag","embeddable":true,"href":"https:\/\/roveyayinevi.com.tr\/index.php\/wp-json\/wp\/v2\/product_tag?post=707627"}],"curies":[{"name":"wp","href":"https:\/\/api.w.org\/{rel}","templated":true}]}}