{"id":707626,"date":"2025-08-27T16:07:18","date_gmt":"2025-08-27T13:07:18","guid":{"rendered":"https:\/\/roveyayinevi.com.tr\/index.php\/urun\/kuslarin-dili-2\/"},"modified":"2026-04-16T02:16:20","modified_gmt":"2026-04-15T23:16:20","slug":"kuslarin-dili-2","status":"publish","type":"product","link":"https:\/\/roveyayinevi.com.tr\/index.php\/urun\/kuslarin-dili-2\/","title":{"rendered":"Ku\u015flar\u0131n Dili"},"content":{"rendered":"<p>Kaf Da\u011f\u0131&#8217;n\u0131n ard\u0131ndaki o b\u00fcy\u00fck s\u0131r neydi? Ne gizlenmi\u015fti? O s\u0131rla kar\u015f\u0131la\u015fan sufi dervi\u015flerin ya\u015fad\u0131\u011f\u0131 o b\u00fcy\u00fck de\u011fi\u015fim neydi? G\u00f6r\u00fcnen bir\u00e7ok \u015feyin asl\u0131nda g\u00f6r\u00fcnd\u00fc\u011f\u00fc gibi olmad\u0131\u011f\u0131 ve ger\u00e7ek zannedilen bir\u00e7ok bilginin asl\u0131nda bir ill\u00fczyon oldu\u011fu ger\u00e7e\u011fiyle Kaf Da\u011f\u0131&#8217;n\u0131n ard\u0131nda kar\u015f\u0131la\u015fan dervi\u015fler art\u0131k ya\u015fam\u0131 nas\u0131l alg\u0131l\u0131yorlard\u0131?&#8230;Ku\u015flar\u0131n Dili Ruhsal Bilgidir.. Ruhsal ayd\u0131nlanma ve ruhsal bulu\u015fmad\u0131r&#8230; \u00c7\u00fcnk\u00fc Ku\u015f t\u00fcm kadim toplumlarda ve ezoterik bilgilerde ruhun sembol\u00fc olarak kullan\u0131lm\u0131\u015ft\u0131r.Simurg, uyanma ve ayd\u0131nlanma yolunda ilerlemenin sembol\u00fcd\u00fcr. Simurg, ruhun b\u00fct\u00fcnle\u015fmesi, ar\u0131nmas\u0131 ve d\u00f6n\u00fc\u015f\u00fcm\u00fcn\u00fcn t\u00fcm k\u00fclt\u00fcrlerdeki ortak y\u00fcce sembol\u00fcd\u00fcr.Ku\u015flar\u0131n yedi vadiyi a\u015f\u0131p, sonunda kar\u015f\u0131lar\u0131nda kendilerini g\u00f6rmelerinin hikayesini Attar elbet bir sebeple aktarm\u0131\u015ft\u0131. \u0130nce ve nazik bir n\u00fckte ile &#8220;Kendi \u00d6z\u00fcne&#8221; ula\u015fma bilgisi aktar\u0131lm\u0131\u015ft\u0131. Dileyen bunu masals\u0131 bir hikaye olarak okur, dileyen de tasavvufi bir &#8220;yolculuk&#8221; olarak idrak eder.Bu yolculuk insan\u0131n kendinle tan\u0131\u015fma ve kendi ilahi k\u00f6kenini fark etme yolculu\u011fudur.O kendisinin y\u00fcceltilip put h\u00e2line getirilmesinden ka\u00e7\u0131nm\u0131\u015f, kimsenin ba\u015f\u0131na \u015feyh olmay\u0131 istemedi\u011fi gibi hi\u00e7bir tarikata da ba\u011flanmam\u0131\u015ft\u0131.Anadolu &#8220;Tasavvufi \u00c7al\u0131\u015fmalar\u0131&#8221;nda ve &#8220;Sufi \u00d6\u011fretisi&#8221;nde \u00e7ok b\u00fcy\u00fck etkisi olan Ferid\u00fcddin Attar&#8217;\u0131n, b\u00e2t\u0131ni bilgilerinin nas\u0131l sembollere b\u00fcr\u00fcnd\u00fcr\u00fclerek insanlara sunuldu\u011funu, bu kitapta o g\u00fcnlerin ruhunu hissederek okuyacaks\u0131n\u0131z..<\/p>\n","protected":false},"excerpt":{"rendered":"<p>Kaf Da\u011f\u0131&#8217;n\u0131n ard\u0131ndaki o b\u00fcy\u00fck s\u0131r neydi? Ne gizlenmi\u015fti? O s\u0131rla kar\u015f\u0131la\u015fan sufi dervi\u015flerin ya\u015fad\u0131\u011f\u0131 o b\u00fcy\u00fck de\u011fi\u015fim neydi? G\u00f6r\u00fcnen bir\u00e7ok \u015feyin asl\u0131nda g\u00f6r\u00fcnd\u00fc\u011f\u00fc gibi olmad\u0131\u011f\u0131<span class=\"excerpt-hellip\"> [\u2026]<\/span><\/p>\n","protected":false},"featured_media":0,"template":"","meta":{"_monsterinsights_skip_tracking":false,"_monsterinsights_sitenote_active":false,"_monsterinsights_sitenote_note":"","_monsterinsights_sitenote_category":0},"product_brand":[],"product_cat":[12718,12719,12720],"product_tag":[],"class_list":{"0":"post-707626","1":"product","2":"type-product","3":"status-publish","5":"product_cat-din","6":"product_cat-islam","7":"product_cat-tasavvuf-mezhepler-tarikatlar","8":"pa_cilt-ciltsiz","9":"pa_tur-kitap","10":"pa_yayinevi-sinir-otesi-yayinlari","11":"pa_yazar-feriduddin-i-attar","13":"first","14":"instock","15":"sale","16":"shipping-taxable","17":"purchasable","18":"product-type-simple"},"_links":{"self":[{"href":"https:\/\/roveyayinevi.com.tr\/index.php\/wp-json\/wp\/v2\/product\/707626","targetHints":{"allow":["GET"]}}],"collection":[{"href":"https:\/\/roveyayinevi.com.tr\/index.php\/wp-json\/wp\/v2\/product"}],"about":[{"href":"https:\/\/roveyayinevi.com.tr\/index.php\/wp-json\/wp\/v2\/types\/product"}],"wp:attachment":[{"href":"https:\/\/roveyayinevi.com.tr\/index.php\/wp-json\/wp\/v2\/media?parent=707626"}],"wp:term":[{"taxonomy":"product_brand","embeddable":true,"href":"https:\/\/roveyayinevi.com.tr\/index.php\/wp-json\/wp\/v2\/product_brand?post=707626"},{"taxonomy":"product_cat","embeddable":true,"href":"https:\/\/roveyayinevi.com.tr\/index.php\/wp-json\/wp\/v2\/product_cat?post=707626"},{"taxonomy":"product_tag","embeddable":true,"href":"https:\/\/roveyayinevi.com.tr\/index.php\/wp-json\/wp\/v2\/product_tag?post=707626"}],"curies":[{"name":"wp","href":"https:\/\/api.w.org\/{rel}","templated":true}]}}