{"id":707625,"date":"2025-08-27T16:07:18","date_gmt":"2025-08-27T13:07:18","guid":{"rendered":"https:\/\/roveyayinevi.com.tr\/index.php\/urun\/file-bekcisi\/"},"modified":"2026-04-16T02:16:20","modified_gmt":"2026-04-15T23:16:20","slug":"file-bekcisi","status":"publish","type":"product","link":"https:\/\/roveyayinevi.com.tr\/index.php\/urun\/file-bekcisi\/","title":{"rendered":"File Bek\u00e7isi"},"content":{"rendered":"<p>\u201cBeklenmedik bir \u015fey, g\u00fcvenebilece\u011fin tek \u015feydir.\u201dBa\u015fta Carnegie Madalyas\u0131 ve Guardian \u00c7ocuk Kitaplar\u0131 \u00d6d\u00fcl\u00fc olmak \u00fczere d\u00fcnyan\u0131n en prestijli edebiyat \u00f6d\u00fcllerine de\u011fer g\u00f6r\u00fclen \u0130ngiliz yazar Mal Peet\u2019ten, her sayfas\u0131nda futbolun co\u015fkusunu hissedece\u011finiz mucizevi bir roman: File Bek\u00e7isi.G\u00fcney Amerika\u2019n\u0131n bir numaral\u0131 spor yazar\u0131 Paul Faustino, tak\u0131m\u0131na D\u00fcnya Kupas\u0131\u2019n\u0131 kazand\u0131ran efsane kaleci El Gato ile \u00f6zel bir s\u00f6yle\u015fi ger\u00e7ekle\u015ftirmek \u00fczere gazetedeki ofisinde bulu\u015fur. Faustino ma\u00e7 hakk\u0131nda konu\u015fmay\u0131 planlarken El Gato sohbetin gidi\u015fat\u0131n\u0131 de\u011fi\u015ftirerek s\u0131ra d\u0131\u015f\u0131 bir hik\u00e2yenin kap\u0131lar\u0131n\u0131 aralar. El Gato, \u00e7elimsiz ve \u00f6zg\u00fcvensiz bir \u00e7ocu\u011fun nas\u0131l devle\u015fen bir kaleciye d\u00f6n\u00fc\u015ft\u00fc\u011f\u00fcn\u00fc anlatarak ilham verici bir ba\u015far\u0131 \u00f6yk\u00fcs\u00fc payla\u015f\u0131r. Oysa, bu alelade bir ba\u015far\u0131 hik\u00e2yesi de\u011fildir. Ya\u011fmur ormanlar\u0131n\u0131n ortas\u0131nda gizli bir futbol sahas\u0131nda beliren, gizemli File Bek\u00e7isi\u2019nin yeti\u015ftirdi\u011fi on iki ya\u015f\u0131ndaki bir \u00e7ocu\u011fun, yani kendisinin zirveye t\u0131rman\u0131\u015f \u00f6yk\u00fcs\u00fcd\u00fcr\u2026Y\u0131rt\u0131c\u0131 hayvanlar\u0131n g\u00f6lgelerde \u00e7\u0131\u011fl\u0131k att\u0131\u011f\u0131, a\u011fa\u00e7lardan gelen f\u0131s\u0131lt\u0131lar\u0131n g\u00f6ky\u00fcz\u00fcn\u00fc y\u0131rtt\u0131\u011f\u0131; karanl\u0131klardan \u00e7\u0131kagelen ha\u015fin, bilge ve gizemli bir futbolcunun varl\u0131\u011f\u0131yla yo\u011funla\u015fan bu b\u00fcy\u00fcleyici roman edebi zenginli\u011finin yan\u0131 s\u0131ra ola\u011fan\u00fcst\u00fc bir sinematografik anlat\u0131m da sunuyor. \u00d6yle ki, kitapseverler futbol kar\u015f\u0131la\u015fmalar\u0131n\u0131n yer ald\u0131\u011f\u0131 b\u00f6l\u00fcmleri okurken kalede adeta kendileri varm\u0131\u015f hissine kap\u0131larak m\u00fcthi\u015f bir heyecana s\u00fcr\u00fckleniyor.Yak\u0131n ge\u00e7mi\u015fte sonsuzlu\u011fa u\u011furlad\u0131\u011f\u0131m\u0131z Mal Peet\u2019in, Branford Boase, Nestl\u00e9 Smarties ve Amerikan K\u00fct\u00fcphaneler Birli\u011fi \u00f6d\u00fclleriyle ta\u00e7land\u0131r\u0131lan File Bek\u00e7isi isimli kitab\u0131, futbolun ruhunun ve s\u0131rlar\u0131n\u0131n a\u00e7\u0131\u011fa \u00e7\u0131kar\u0131ld\u0131\u011f\u0131, her vuru\u015fta ve kurtar\u0131\u015fta okurunu co\u015fkuyla saran destans\u0131 bir \u00f6yk\u00fc.\u0130lk kez 2008 y\u0131l\u0131nda Tudem Yay\u0131nlar\u0131 taraf\u0131ndan yay\u0131mlanan ve 2013&#8217;e kadar d\u00f6rt bask\u0131 yapan File Bek\u00e7isi yenilenen kapak g\u00f6rseli, de\u011fi\u015fen boyutu ve g\u00f6zden ge\u00e7irilmi\u015f yeni bask\u0131s\u0131 ile tekrar edebiyatseverlerin be\u011fenisine sunuluyor. &#8220;Bu kitapta herkes i\u00e7in bir \u015feyler var; \u00f6zellikle de m\u00fckemmel yaz\u0131lm\u0131\u015f kitaplar\u0131 sevenler i\u00e7in.\u201d-The Guardian\u201cBu romandaki gizemin ve futbol a\u015fk\u0131n\u0131n tad\u0131n\u0131 \u00e7\u0131karman\u0131z i\u00e7in futbol tutkunu olman\u0131z gerekmiyor.\u201d-The Booksellers<\/p>\n","protected":false},"excerpt":{"rendered":"<p>\u201cBeklenmedik bir \u015fey, g\u00fcvenebilece\u011fin tek \u015feydir.\u201dBa\u015fta Carnegie Madalyas\u0131 ve Guardian \u00c7ocuk Kitaplar\u0131 \u00d6d\u00fcl\u00fc olmak \u00fczere d\u00fcnyan\u0131n en prestijli edebiyat \u00f6d\u00fcllerine de\u011fer g\u00f6r\u00fclen \u0130ngiliz yazar Mal Peet\u2019ten,<span class=\"excerpt-hellip\"> [\u2026]<\/span><\/p>\n","protected":false},"featured_media":0,"template":"","meta":{"_monsterinsights_skip_tracking":false,"_monsterinsights_sitenote_active":false,"_monsterinsights_sitenote_note":"","_monsterinsights_sitenote_category":0},"product_brand":[],"product_cat":[12275,12274],"product_tag":[],"class_list":{"0":"post-707625","1":"product","2":"type-product","3":"status-publish","5":"product_cat-6-12-yas-kitaplari","6":"product_cat-cocuk-ve-genclik-kitaplari","7":"pa_cilt-ciltsiz","8":"pa_tur-kitap","9":"pa_yayinevi-tudem-yayinlari","10":"pa_yazar-mal-peet","12":"first","13":"instock","14":"sale","15":"shipping-taxable","16":"purchasable","17":"product-type-simple"},"_links":{"self":[{"href":"https:\/\/roveyayinevi.com.tr\/index.php\/wp-json\/wp\/v2\/product\/707625","targetHints":{"allow":["GET"]}}],"collection":[{"href":"https:\/\/roveyayinevi.com.tr\/index.php\/wp-json\/wp\/v2\/product"}],"about":[{"href":"https:\/\/roveyayinevi.com.tr\/index.php\/wp-json\/wp\/v2\/types\/product"}],"wp:attachment":[{"href":"https:\/\/roveyayinevi.com.tr\/index.php\/wp-json\/wp\/v2\/media?parent=707625"}],"wp:term":[{"taxonomy":"product_brand","embeddable":true,"href":"https:\/\/roveyayinevi.com.tr\/index.php\/wp-json\/wp\/v2\/product_brand?post=707625"},{"taxonomy":"product_cat","embeddable":true,"href":"https:\/\/roveyayinevi.com.tr\/index.php\/wp-json\/wp\/v2\/product_cat?post=707625"},{"taxonomy":"product_tag","embeddable":true,"href":"https:\/\/roveyayinevi.com.tr\/index.php\/wp-json\/wp\/v2\/product_tag?post=707625"}],"curies":[{"name":"wp","href":"https:\/\/api.w.org\/{rel}","templated":true}]}}