{"id":707623,"date":"2025-08-27T16:07:17","date_gmt":"2025-08-27T13:07:17","guid":{"rendered":"https:\/\/roveyayinevi.com.tr\/index.php\/urun\/kuantum-cagi\/"},"modified":"2026-04-16T02:16:20","modified_gmt":"2026-04-15T23:16:20","slug":"kuantum-cagi","status":"publish","type":"product","link":"https:\/\/roveyayinevi.com.tr\/index.php\/urun\/kuantum-cagi\/","title":{"rendered":"Kuantum \u00c7a\u011f\u0131"},"content":{"rendered":"<p>Kuantum fizi\u011fi sayesinde g\u00fcndelik hayat\u0131m\u0131zda bilgisayarlar, ak\u0131ll\u0131 telefonlar, lazer cihazlar\u0131 ve MR taray\u0131c\u0131lar\u0131ndan faydalan\u0131yoruz. Peki, bu yeni fizik bize yak\u0131n gelecekte neler vaat ediyor? Saatte 1000 km h\u0131zla yol alabilen trenlerle yolculuk etme; devletlerin dinlemesine tak\u0131lmadan \u00f6zg\u00fcrce haberle\u015fme; radyoaktif at\u0131k yaratmayan \u00e7evre dostu n\u00fckleer enerji \u00fcretme; do\u011fay\u0131 mahveden barajlar yerine s\u00fcperiletken bobinlerle enerji depolama; g\u00fcn \u0131\u015f\u0131\u011f\u0131n\u0131 yava\u015flatarak geceleri g\u00fcnd\u00fcze \u00e7evirme ve \u0131\u015f\u0131ktan h\u0131zl\u0131 ileti\u015fim kurma imk\u00e2n\u0131&#8230; B\u00fct\u00fcn bunlar hayal ya da bilimkurgu de\u011fil! Kuantum fizi\u011fi! Peki, nedir bu kuantum fizi\u011fi? En basit yan\u0131t \u015fu: Atom, elektron ve foton gibi par\u00e7ac\u0131klar\u0131n davran\u0131\u015flar\u0131n\u0131 inceleyen bilim. Clegg bilim insanlar\u0131n\u0131n bu par\u00e7ac\u0131klar\u0131n davran\u0131\u015flar\u0131n\u0131n gizemini tam olarak \u00e7\u00f6zemediklerini ama geli\u015ftirdikleri modeller sayesinde insanl\u0131\u011f\u0131n hizmetine pek \u00e7ok teknoloji verdiklerini belirtiyor ve bilim insanlar\u0131 ile bilim merakl\u0131lar\u0131na k\u00fc\u00e7\u00fck bir de uyar\u0131da bulunuyor: \u201cKendi modelinize \u00e2\u015f\u0131k olmay\u0131n.\u201d \u00c7\u00fcnk\u00fc bilim d\u00fcnyas\u0131nda her \u015fey \u00e7ok h\u0131zl\u0131 de\u011fi\u015fiyor. Bu kitap de\u011fi\u015fime ayak uydurmak i\u00e7in size harika bir f\u0131rsat sunuyor. \u201cBu, Clegg\u2019in yazd\u0131\u011f\u0131 en iyi kitap.\u201d \u2015John Gribbin \u201cKuantum fizi\u011fi ve g\u00fcndelik hayata etkisi hakk\u0131nda keyif alarak okuyabilece\u011finiz bir kitap ar\u0131yorsan\u0131z Kuantum \u00c7a\u011f\u0131 tam size g\u00f6re.\u201d \u2015BBC Focus <\/p>\n","protected":false},"excerpt":{"rendered":"<p>Kuantum fizi\u011fi sayesinde g\u00fcndelik hayat\u0131m\u0131zda bilgisayarlar, ak\u0131ll\u0131 telefonlar, lazer cihazlar\u0131 ve MR taray\u0131c\u0131lar\u0131ndan faydalan\u0131yoruz. Peki, bu yeni fizik bize yak\u0131n gelecekte neler vaat ediyor? Saatte 1000<span class=\"excerpt-hellip\"> [\u2026]<\/span><\/p>\n","protected":false},"featured_media":0,"template":"","meta":{"_monsterinsights_skip_tracking":false,"_monsterinsights_sitenote_active":false,"_monsterinsights_sitenote_note":"","_monsterinsights_sitenote_category":0},"product_brand":[],"product_cat":[13005,13006],"product_tag":[],"class_list":{"0":"post-707623","1":"product","2":"type-product","3":"status-publish","5":"product_cat-bilim-muhendislik","6":"product_cat-populer-bilim","7":"pa_cilt-ciltsiz","8":"pa_tur-kitap","9":"pa_yayinevi-say-yayinlari","10":"pa_yazar-brian-clegg","12":"first","13":"instock","14":"sale","15":"shipping-taxable","16":"purchasable","17":"product-type-simple"},"_links":{"self":[{"href":"https:\/\/roveyayinevi.com.tr\/index.php\/wp-json\/wp\/v2\/product\/707623","targetHints":{"allow":["GET"]}}],"collection":[{"href":"https:\/\/roveyayinevi.com.tr\/index.php\/wp-json\/wp\/v2\/product"}],"about":[{"href":"https:\/\/roveyayinevi.com.tr\/index.php\/wp-json\/wp\/v2\/types\/product"}],"wp:attachment":[{"href":"https:\/\/roveyayinevi.com.tr\/index.php\/wp-json\/wp\/v2\/media?parent=707623"}],"wp:term":[{"taxonomy":"product_brand","embeddable":true,"href":"https:\/\/roveyayinevi.com.tr\/index.php\/wp-json\/wp\/v2\/product_brand?post=707623"},{"taxonomy":"product_cat","embeddable":true,"href":"https:\/\/roveyayinevi.com.tr\/index.php\/wp-json\/wp\/v2\/product_cat?post=707623"},{"taxonomy":"product_tag","embeddable":true,"href":"https:\/\/roveyayinevi.com.tr\/index.php\/wp-json\/wp\/v2\/product_tag?post=707623"}],"curies":[{"name":"wp","href":"https:\/\/api.w.org\/{rel}","templated":true}]}}