{"id":707622,"date":"2025-08-27T16:07:17","date_gmt":"2025-08-27T13:07:17","guid":{"rendered":"https:\/\/roveyayinevi.com.tr\/index.php\/urun\/ben-bilmem-genim-bilir\/"},"modified":"2026-04-16T02:16:20","modified_gmt":"2026-04-15T23:16:20","slug":"ben-bilmem-genim-bilir","status":"publish","type":"product","link":"https:\/\/roveyayinevi.com.tr\/index.php\/urun\/ben-bilmem-genim-bilir\/","title":{"rendered":"Ben Bilmem &#8216;Gen&#8217;im Bilir"},"content":{"rendered":"<p>H\u0131zland\u0131r\u0131lm\u0131\u015f Genetik Kursu! O g\u00fcr sa\u00e7l\u0131 adam evlendikten sonra kel mi kald\u0131? Bunun i\u00e7in kelto\u015f kay\u0131npederinizi mi su\u00e7luyorsunuz? Yok yok, adam\u0131n g\u00fcnah\u0131n\u0131 almay\u0131n. Bundan sorumlu olan ki\u015fi kaynanan\u0131z! Ayr\u0131ca, g\u00f6zleriniz mavi diye de \u00e7ok fazla b\u00f6b\u00fcrlenmeyin! Bu durum melanin denen acayip \u015feyin az olmas\u0131ndan kaynaklan\u0131r. Ayr\u0131ca g\u00f6z\u00fcn\u00fcz\u00fcn rengi mavi falan da de\u011fil; sadece g\u00f6zlerinize giren \u0131\u015f\u0131k k\u0131r\u0131l\u0131yor, sa\u00e7\u0131l\u0131yor ve ba\u015fkalar\u0131na mavi g\u00f6z\u00fck\u00fcyor. Gen ve genetik kelimeleri ilk ba\u015fta korkutucu g\u00f6r\u00fcnse de merak etmeyin&#8230; Bu kitap sadece deoksiriboz, genom, ATCGATCGA, mRNA, otozomal kromozom gibi kavramlardan ibaret de\u011fil. Bu y\u00fczden \u00f6nyarg\u0131lar\u0131n\u0131z\u0131 yava\u015f\u00e7a yere b\u0131rak\u0131n ve kitab\u0131n i\u00e7ine bir g\u00f6z at\u0131n. Katie McKissick b\u00fct\u00fcn bu genetik karma\u015fay\u0131 mizahi bir dille anlatarak ortaya olduk\u00e7a e\u011flenceli fakat bir o kadar da dolu bir bilim kitab\u0131 \u00e7\u0131kar\u0131yor. K\u0131z\u0131l sa\u00e7, solak olma, s\u0131rt k\u0131llar\u0131, d\u00fcz sa\u00e7 gibi kal\u0131tsal \u00f6zelliklerin gizemini \u00e7\u00f6zmek i\u00e7in sizi geneti\u011fin d\u00fcnyas\u0131nda yolculu\u011fa davet ediyor.  \ufffcTan\u0131t\u0131m Metni<\/p>\n","protected":false},"excerpt":{"rendered":"<p>H\u0131zland\u0131r\u0131lm\u0131\u015f Genetik Kursu! O g\u00fcr sa\u00e7l\u0131 adam evlendikten sonra kel mi kald\u0131? Bunun i\u00e7in kelto\u015f kay\u0131npederinizi mi su\u00e7luyorsunuz? Yok yok, adam\u0131n g\u00fcnah\u0131n\u0131 almay\u0131n. Bundan sorumlu olan<span class=\"excerpt-hellip\"> [\u2026]<\/span><\/p>\n","protected":false},"featured_media":0,"template":"","meta":{"_monsterinsights_skip_tracking":false,"_monsterinsights_sitenote_active":false,"_monsterinsights_sitenote_note":"","_monsterinsights_sitenote_category":0},"product_brand":[],"product_cat":[13005,13006],"product_tag":[],"class_list":{"0":"post-707622","1":"product","2":"type-product","3":"status-publish","5":"product_cat-bilim-muhendislik","6":"product_cat-populer-bilim","7":"pa_cilt-ciltsiz","8":"pa_tur-kitap","9":"pa_yayinevi-say-yayinlari","10":"pa_yazar-katie-mckissick","12":"first","13":"instock","14":"sale","15":"shipping-taxable","16":"purchasable","17":"product-type-simple"},"_links":{"self":[{"href":"https:\/\/roveyayinevi.com.tr\/index.php\/wp-json\/wp\/v2\/product\/707622","targetHints":{"allow":["GET"]}}],"collection":[{"href":"https:\/\/roveyayinevi.com.tr\/index.php\/wp-json\/wp\/v2\/product"}],"about":[{"href":"https:\/\/roveyayinevi.com.tr\/index.php\/wp-json\/wp\/v2\/types\/product"}],"wp:attachment":[{"href":"https:\/\/roveyayinevi.com.tr\/index.php\/wp-json\/wp\/v2\/media?parent=707622"}],"wp:term":[{"taxonomy":"product_brand","embeddable":true,"href":"https:\/\/roveyayinevi.com.tr\/index.php\/wp-json\/wp\/v2\/product_brand?post=707622"},{"taxonomy":"product_cat","embeddable":true,"href":"https:\/\/roveyayinevi.com.tr\/index.php\/wp-json\/wp\/v2\/product_cat?post=707622"},{"taxonomy":"product_tag","embeddable":true,"href":"https:\/\/roveyayinevi.com.tr\/index.php\/wp-json\/wp\/v2\/product_tag?post=707622"}],"curies":[{"name":"wp","href":"https:\/\/api.w.org\/{rel}","templated":true}]}}