{"id":707618,"date":"2025-08-27T16:07:15","date_gmt":"2025-08-27T13:07:15","guid":{"rendered":"https:\/\/roveyayinevi.com.tr\/index.php\/urun\/eyvah-kotu-bir-sey-olacak\/"},"modified":"2026-04-03T02:21:37","modified_gmt":"2026-04-02T23:21:37","slug":"eyvah-kotu-bir-sey-olacak","status":"publish","type":"product","link":"https:\/\/roveyayinevi.com.tr\/index.php\/urun\/eyvah-kotu-bir-sey-olacak\/","title":{"rendered":"Eyvah! K\u00f6t\u00fc Bir \u015eey Olacak"},"content":{"rendered":"<p>Eyvah!,endi\u015fe problemlerinde Evham ve Vicdan k\u0131skac\u0131ndan kurtulmak i\u00e7in ipu\u00e7lar\u0131 sunuyor.Her an hasta olabilirim.Beni dava eder mi?Ba\u015fkalar\u0131yla o kadar me\u015fgul\u00fcm ki, kendime zaman kalm\u0131yor.Acaba ay\u0131p m\u0131 ettim?Endi\u015feyi bir havuzabenzetirsek, evham ve vicdan bu havuzu dolduran iki musluk gibidir. Bu musluklardan ilki havuzu \u201cba\u015f\u0131m\u0131za k\u00f6t\u00fc bir \u015fey gelecek\u201dlerle, di\u011feri de \u201ck\u00f6t\u00fc bir \u015fey yapt\u0131m\u201dlarla doldurur. Sonu\u00e7ta havuz ta\u015far, yani endi\u015fe problemleri ya\u015far\u0131z.Kitab\u0131n yazar\u0131 Dr. H. Alp Karaosmano\u011flu. \u201cEyvah!\u201d, size ya\u015fam boyu s\u00fcrebilen bu havuz problemini sa\u011fl\u0131kl\u0131 bir yolla \u00e7\u00f6zmek i\u00e7in ipu\u00e7lar\u0131 ve kendi kendinize uygulayabilece\u011finiz \u00f6neriler sunuyor. Kitapta, evham\u0131 ortaya \u00e7\u0131karan d\u00fc\u015f\u00fcnce kal\u0131plar\u0131n\u0131, vicdan kar\u015f\u0131s\u0131nda s\u0131n\u0131rlar\u0131m\u0131z\u0131 koruma tekniklerini ve bu sorunlar\u0131n alt\u0131nda yatan Adaleti Sindirme kavram\u0131n\u0131 bulacaks\u0131n\u0131z.<\/p>\n","protected":false},"excerpt":{"rendered":"<p>Eyvah!,endi\u015fe problemlerinde Evham ve Vicdan k\u0131skac\u0131ndan kurtulmak i\u00e7in ipu\u00e7lar\u0131 sunuyor.Her an hasta olabilirim.Beni dava eder mi?Ba\u015fkalar\u0131yla o kadar me\u015fgul\u00fcm ki, kendime zaman kalm\u0131yor.Acaba ay\u0131p m\u0131 ettim?Endi\u015feyi<span class=\"excerpt-hellip\"> [\u2026]<\/span><\/p>\n","protected":false},"featured_media":0,"template":"","meta":{"_monsterinsights_skip_tracking":false,"_monsterinsights_sitenote_active":false,"_monsterinsights_sitenote_note":"","_monsterinsights_sitenote_category":0},"product_brand":[],"product_cat":[12364,12376],"product_tag":[],"class_list":{"0":"post-707618","1":"product","2":"type-product","3":"status-publish","5":"product_cat-genel-konular","6":"product_cat-kisisel-gelisim","7":"pa_cilt-ciltsiz","8":"pa_tur-kitap","9":"pa_yayinevi-psikonet-yayinlari","10":"pa_yazar-h-alp-karaosmanoglu","12":"first","13":"instock","14":"sale","15":"shipping-taxable","16":"purchasable","17":"product-type-simple"},"_links":{"self":[{"href":"https:\/\/roveyayinevi.com.tr\/index.php\/wp-json\/wp\/v2\/product\/707618","targetHints":{"allow":["GET"]}}],"collection":[{"href":"https:\/\/roveyayinevi.com.tr\/index.php\/wp-json\/wp\/v2\/product"}],"about":[{"href":"https:\/\/roveyayinevi.com.tr\/index.php\/wp-json\/wp\/v2\/types\/product"}],"wp:attachment":[{"href":"https:\/\/roveyayinevi.com.tr\/index.php\/wp-json\/wp\/v2\/media?parent=707618"}],"wp:term":[{"taxonomy":"product_brand","embeddable":true,"href":"https:\/\/roveyayinevi.com.tr\/index.php\/wp-json\/wp\/v2\/product_brand?post=707618"},{"taxonomy":"product_cat","embeddable":true,"href":"https:\/\/roveyayinevi.com.tr\/index.php\/wp-json\/wp\/v2\/product_cat?post=707618"},{"taxonomy":"product_tag","embeddable":true,"href":"https:\/\/roveyayinevi.com.tr\/index.php\/wp-json\/wp\/v2\/product_tag?post=707618"}],"curies":[{"name":"wp","href":"https:\/\/api.w.org\/{rel}","templated":true}]}}