{"id":707617,"date":"2025-08-27T16:07:14","date_gmt":"2025-08-27T13:07:14","guid":{"rendered":"https:\/\/roveyayinevi.com.tr\/index.php\/urun\/kuresel-teror-ve-turkiye\/"},"modified":"2026-04-16T02:16:20","modified_gmt":"2026-04-15T23:16:20","slug":"kuresel-teror-ve-turkiye","status":"publish","type":"product","link":"https:\/\/roveyayinevi.com.tr\/index.php\/urun\/kuresel-teror-ve-turkiye\/","title":{"rendered":"K\u00fcresel Ter\u00f6r ve T\u00fcrkiye"},"content":{"rendered":"<p>K\u00fcreselle\u00feme, Huntington, 11 Eyl\u00fcl, Etnik\u00e7i ve Mezhep\u00e7i Ter\u00f6r Kapan\u0131nda T\u00fcrkiyeProf. Emre Kongar bu yap\u0131t\u0131nda k\u00fcreselle\u015fmeyi, k\u00fcreselle\u015fen ter\u00f6r\u00fc ve bu ikisinin hem d\u00fcnyay\u0131 hem de T\u00fcrkiye\u2019yi nas\u0131l etkileyece\u011fini irdeliyor.\u2022 K\u00fcreselle\u015fme ulus-devletleri yok ediyor mu?\u2022 So\u011fuk Sava\u015f ile 11 Eyl\u00fcl ter\u00f6r\u00fcn\u00fcn ili\u015fkileri nedir?\u2022 Huntington\u2019un sav\u0131 do\u011fru mu?\u2022 \u0130kinci Cumhuriyet\u00e7ilerin temel yan\u0131lg\u0131s\u0131 nedir?\u2022 T\u00fcrkiye d\u00fcnyadaki de\u011fi\u015fimlerden nas\u0131l etkileniyor?Geni\u015fletilmi\u015f Bask\u013111 Eyl\u00fcl\u2019den 15 y\u0131l sonra T\u00fcrkiye, d\u0131\u015far\u0131dan dinci-mezhep\u00e7i, i\u00e7eriden etnik\u00e7i ter\u00f6r sald\u0131r\u0131lar\u0131yla kar\u015f\u0131 kar\u015f\u0131ya.\u2022 Bu noktaya nas\u0131l gelindi?\u2022 Nas\u0131l kurtulunur? <\/p>\n","protected":false},"excerpt":{"rendered":"<p>K\u00fcreselle\u00feme, Huntington, 11 Eyl\u00fcl, Etnik\u00e7i ve Mezhep\u00e7i Ter\u00f6r Kapan\u0131nda T\u00fcrkiyeProf. Emre Kongar bu yap\u0131t\u0131nda k\u00fcreselle\u015fmeyi, k\u00fcreselle\u015fen ter\u00f6r\u00fc ve bu ikisinin hem d\u00fcnyay\u0131 hem de T\u00fcrkiye\u2019yi nas\u0131l<span class=\"excerpt-hellip\"> [\u2026]<\/span><\/p>\n","protected":false},"featured_media":0,"template":"","meta":{"_monsterinsights_skip_tracking":false,"_monsterinsights_sitenote_active":false,"_monsterinsights_sitenote_note":"","_monsterinsights_sitenote_category":0},"product_brand":[],"product_cat":[13590,12337],"product_tag":[],"class_list":{"0":"post-707617","1":"product","2":"type-product","3":"status-publish","5":"product_cat-arastirma-inceleme-politika-siyaset","6":"product_cat-politika-siyaset","7":"pa_cilt-ciltsiz","8":"pa_tur-kitap","9":"pa_yayinevi-remzi-kitabevi","10":"pa_yazar-emre-kongar","12":"first","13":"instock","14":"sale","15":"shipping-taxable","16":"purchasable","17":"product-type-simple"},"_links":{"self":[{"href":"https:\/\/roveyayinevi.com.tr\/index.php\/wp-json\/wp\/v2\/product\/707617","targetHints":{"allow":["GET"]}}],"collection":[{"href":"https:\/\/roveyayinevi.com.tr\/index.php\/wp-json\/wp\/v2\/product"}],"about":[{"href":"https:\/\/roveyayinevi.com.tr\/index.php\/wp-json\/wp\/v2\/types\/product"}],"wp:attachment":[{"href":"https:\/\/roveyayinevi.com.tr\/index.php\/wp-json\/wp\/v2\/media?parent=707617"}],"wp:term":[{"taxonomy":"product_brand","embeddable":true,"href":"https:\/\/roveyayinevi.com.tr\/index.php\/wp-json\/wp\/v2\/product_brand?post=707617"},{"taxonomy":"product_cat","embeddable":true,"href":"https:\/\/roveyayinevi.com.tr\/index.php\/wp-json\/wp\/v2\/product_cat?post=707617"},{"taxonomy":"product_tag","embeddable":true,"href":"https:\/\/roveyayinevi.com.tr\/index.php\/wp-json\/wp\/v2\/product_tag?post=707617"}],"curies":[{"name":"wp","href":"https:\/\/api.w.org\/{rel}","templated":true}]}}