{"id":707616,"date":"2025-08-27T16:07:14","date_gmt":"2025-08-27T13:07:14","guid":{"rendered":"https:\/\/roveyayinevi.com.tr\/index.php\/urun\/emdr-goz-hareketleriyle-duyarsizlastirma-ve-yeniden-isleme\/"},"modified":"2026-04-16T02:16:20","modified_gmt":"2026-04-15T23:16:20","slug":"emdr-goz-hareketleriyle-duyarsizlastirma-ve-yeniden-isleme","status":"publish","type":"product","link":"https:\/\/roveyayinevi.com.tr\/index.php\/urun\/emdr-goz-hareketleriyle-duyarsizlastirma-ve-yeniden-isleme\/","title":{"rendered":"EMDR: G\u00f6z Hareketleriyle Duyars\u0131zla\u015ft\u0131rma ve Yeniden \u0130\u015fleme"},"content":{"rendered":"<p>EMDR, T\u00fcrk\u00e7e a\u00e7\u0131l\u0131m\u0131yla G\u00f6z Hareketleriyle Duyars\u0131zla\u015ft\u0131rma ve Yeniden \u0130\u015fleme, bug\u00fcne kadar her ya\u015ftan yakla\u015f\u0131k 2 milyon ki\u015finin farkl\u0131 tiplerdeki psikolojik rahats\u0131zl\u0131klar\u0131n\u0131n tedavi edilmesini sa\u011flayan g\u00fc\u00e7l\u00fc bir psikoterapi yakla\u015f\u0131m\u0131d\u0131r.   Dr. Francine Shapiro\u2019nun, 1987 y\u0131l\u0131nda, g\u00f6z hareketlerinin rahats\u0131z edici d\u00fc\u015f\u00fcncelerin \u015fiddetini azaltabildi\u011fini tesad\u00fcfen ke\u015ffetmesi, EMDR\u2019nin geli\u015fimine yol a\u00e7t\u0131. Dr. Shapiro bu etkiyi travmaya maruz kalm\u0131\u015f ki\u015filer \u00fczerinde bilimsel olarak inceleyip, tedavide sa\u011flanan ba\u015far\u0131y\u0131 g\u00f6steren \u00e7al\u0131\u015fmas\u0131n\u0131 yay\u0131nlay\u0131nca t\u00fcm d\u00fcnyadan terapistlerin ve ara\u015ft\u0131rmac\u0131lar\u0131n ilgisini \u00e7ekti. G\u00fcn\u00fcm\u00fczde EMDR, bir\u00e7ok terapi ekol\u00fcnden \u00f6\u011feler i\u00e7eren, farkl\u0131 tan\u0131 alm\u0131\u015f durumlara \u00f6zel, standartla\u015ft\u0131r\u0131lm\u0131\u015f protokolleri bulunan b\u00fct\u00fcnc\u00fcl bir terapi y\u00f6ntemidir.   Bu kitap, Dr. Francine Shapiro\u2019nun 14 y\u0131ll\u0131k ki\u015fisel EMDR e\u011fitimi ve deneyiminin bir \u00fcr\u00fcn\u00fcd\u00fcr. Kitapta vaka ge\u00e7mi\u015flerinin yan\u0131 s\u0131ra EMDR konusunda e\u011fitim alm\u0131\u015f pratisyenlerin tecr\u00fcbelerine de yer verilmi\u015ftir. Akademisyenler, ara\u015ft\u0131rmac\u0131lar, klinisyenler ve klinik y\u00fcksek lisans \u00f6\u011frencileri i\u00e7in \u00e7ok \u00f6nemli bir kaynakt\u0131r.   \u201cBu kitap, devam eden sinir bilimi ve son u\u00e7 ara\u015ft\u0131rmas\u0131 ba\u011flam\u0131nda \u00e7\u00f6z\u00fclmesi gereken z\u0131tl\u0131klar\u0131 ve muammalar\u0131 a\u00e7\u0131kl\u0131yor; y\u00f6nteme ve birikime dayal\u0131 bilimsel bilgiyi berrak bir \u015fekilde bize sunuyor. \u015eahsen EMDR\u2019nin etkilili\u011fi kar\u015f\u0131s\u0131nda \u00e7ok \u015fa\u015fk\u0131n\u0131m. Bu y\u00f6ntem olmasa hastalar\u0131m\u0131 nas\u0131l tedavi ederdim, bilmiyorum. Bu y\u00f6ntem, travmatize bireylere nas\u0131l yard\u0131mc\u0131 olabilece\u011fimizle ilgili t\u00fcm fikrimi de\u011fi\u015ftirdi.\u201d            \u2013  Dr. Bessel A. van der Kolk    \u201cKognirif davran\u0131\u015f\u00e7\u0131 y\u00f6nelimden do\u011fan EMDR gitgide \u00e7arp\u0131c\u0131 bir \u015fekilde b\u00fct\u00fcnleyici bir yakla\u015f\u0131m haline gelmektedir. Psikodinamik y\u00f6nelime sahip terapistler i\u00e7in potansiyel cazibesi kayda de\u011fer. Deneyimlerime g\u00f6re \u2018derin\u2019 materyali \u00e7ok h\u0131zl\u0131 \u015fekilde ortaya \u00e7\u0131kar\u0131yor ve duyusal afektik ba\u011flant\u0131lara ve \u00e7a\u011fr\u0131\u015f\u0131mlara eri\u015fme imkan\u0131 sunuyor. \u2013 Dr. Paul L. Wachtel   \u201cBu pragmatik kitap, EMDR y\u00f6nteminin kesin bir sunumu olmas\u0131 a\u00e7\u0131s\u0131ndan \u00f6nemli. Klinisyenler ayr\u0131nt\u0131l\u0131 a\u00e7\u0131klamalardan \u00e7ok memnun kalacaklar. Birka\u00e7 vaka \u00f6rne\u011fi ve be\u015f a\u00e7\u0131klamal\u0131 seans n\u00fcshas\u0131, y\u00f6ntemdeki ince noktalar\u0131 ve terapistin dan\u0131\u015fan merkezli rol\u00fcn\u00fc \u00e7ok g\u00fczel \u015fekilde a\u00e7\u0131kl\u0131yor.\u201d                                                          \u2013  Contemporary Psychology <\/p>\n","protected":false},"excerpt":{"rendered":"<p>EMDR, T\u00fcrk\u00e7e a\u00e7\u0131l\u0131m\u0131yla G\u00f6z Hareketleriyle Duyars\u0131zla\u015ft\u0131rma ve Yeniden \u0130\u015fleme, bug\u00fcne kadar her ya\u015ftan yakla\u015f\u0131k 2 milyon ki\u015finin farkl\u0131 tiplerdeki psikolojik rahats\u0131zl\u0131klar\u0131n\u0131n tedavi edilmesini sa\u011flayan g\u00fc\u00e7l\u00fc bir<span class=\"excerpt-hellip\"> [\u2026]<\/span><\/p>\n","protected":false},"featured_media":0,"template":"","meta":{"_monsterinsights_skip_tracking":false,"_monsterinsights_sitenote_active":false,"_monsterinsights_sitenote_note":"","_monsterinsights_sitenote_category":0},"product_brand":[],"product_cat":[20502,12357],"product_tag":[],"class_list":{"0":"post-707616","1":"product","2":"type-product","3":"status-publish","5":"product_cat-basvuru-kitaplari-psikoloji","6":"product_cat-psikoloji","7":"pa_cilt-ciltsiz","8":"pa_tur-kitap","9":"pa_yayinevi-okuyan-us-yayin","10":"pa_yazar-francine-shapiro","12":"first","13":"instock","14":"sale","15":"shipping-taxable","16":"purchasable","17":"product-type-simple"},"_links":{"self":[{"href":"https:\/\/roveyayinevi.com.tr\/index.php\/wp-json\/wp\/v2\/product\/707616","targetHints":{"allow":["GET"]}}],"collection":[{"href":"https:\/\/roveyayinevi.com.tr\/index.php\/wp-json\/wp\/v2\/product"}],"about":[{"href":"https:\/\/roveyayinevi.com.tr\/index.php\/wp-json\/wp\/v2\/types\/product"}],"wp:attachment":[{"href":"https:\/\/roveyayinevi.com.tr\/index.php\/wp-json\/wp\/v2\/media?parent=707616"}],"wp:term":[{"taxonomy":"product_brand","embeddable":true,"href":"https:\/\/roveyayinevi.com.tr\/index.php\/wp-json\/wp\/v2\/product_brand?post=707616"},{"taxonomy":"product_cat","embeddable":true,"href":"https:\/\/roveyayinevi.com.tr\/index.php\/wp-json\/wp\/v2\/product_cat?post=707616"},{"taxonomy":"product_tag","embeddable":true,"href":"https:\/\/roveyayinevi.com.tr\/index.php\/wp-json\/wp\/v2\/product_tag?post=707616"}],"curies":[{"name":"wp","href":"https:\/\/api.w.org\/{rel}","templated":true}]}}