{"id":707615,"date":"2025-08-27T16:07:13","date_gmt":"2025-08-27T13:07:13","guid":{"rendered":"https:\/\/roveyayinevi.com.tr\/index.php\/urun\/lupu\/"},"modified":"2026-04-16T02:16:20","modified_gmt":"2026-04-15T23:16:20","slug":"lupu","status":"publish","type":"product","link":"https:\/\/roveyayinevi.com.tr\/index.php\/urun\/lupu\/","title":{"rendered":"Lupu"},"content":{"rendered":"<p>\u201cHayaller yalan olsa da r\u00fcyalar hep ger\u00e7ektir. \u0130stedi\u011fin hayali kurabilirsin ama istedi\u011fin r\u00fcyay\u0131 g\u00f6remezsin.\u201dKad\u0131n, bir g\u00fcn evinin soka\u011f\u0131nda kimsesiz bir k\u0131z bulur. Dayanamaz, b\u0131rakmaya i\u00e7i elvermez. Evine al\u0131r, ba\u011fr\u0131na basar kimsesiz \u00e7ocu\u011fu, sanki asla sahip olamad\u0131\u011f\u0131 \u00f6z yavrusudur. Hi\u00e7 konu\u015fmaz k\u00fc\u00e7\u00fck k\u0131z. Kad\u0131n ona bir masal anlatmaya ba\u015flar.Lupu bir kad\u0131n \u00f6yk\u00fcs\u00fc. Ne kadar d\u00fc\u015fm\u00fc\u015f, bir daha kalkamam\u0131\u015f ama teslim olmam\u0131\u015f kad\u0131n varsa hepsine ait.\u201cK\u00f6t\u00fc bir insand\u0131 M\u00fcjde, g\u00f6z\u00fcn\u00fc k\u0131rpmadan \u00f6ld\u00fcr\u00fcrd\u00fc; s\u0131k\u0131lmaz, adam da k\u00f6t\u00fcyse gerisini hi\u00e7 sorgulamazd\u0131. Ama adildi kendince, bir d\u00fczeni vard\u0131, bug\u00fcne kadar sadece kendi gibileri \u00f6ld\u00fcrm\u00fc\u015ft\u00fc.\u201dYa\u015f\u0131 ge\u00e7mekte olan fahi\u015fe M\u00fcjde, falc\u0131 Ruhane ve k\u00fc\u00e7\u00fck bir k\u0131z. Orman kanunlar\u0131n\u0131n ge\u00e7erli oldu\u011fu zalim bir d\u00fcnyada tek ba\u015f\u0131na kalman\u0131n, solup gitmi\u015f bir a\u015fk\u0131n, insan\u0131 canl\u0131 tutan b\u0131\u00e7ak gibi bir intikam\u0131n, pi\u015fmanl\u0131\u011f\u0131n ve m\u00fccadelenin hikayesi.\u201cDertler hep olacak, hi\u00e7 bitmeyecek. Ama kuvvetli olmak, \u00f6zg\u00fcr olmak nedir biliyor musun? Ak\u0131ll\u0131 olmakt\u0131r, kendi kendini hep kollamakt\u0131r, hayatta kalmakt\u0131r, gerekti\u011finde ka\u00e7mak gerekti\u011finde sald\u0131rmakt\u0131r. Korkuyorsun. Korkmal\u0131s\u0131n da. Hayat sana bana kolay de\u011fil. \u0130\u015fte bu y\u00fczden g\u00f6zlerini hep a\u00e7\u0131k tutmal\u0131s\u0131n.\u201dPrenses Lupu\u2019nun masal\u0131, \u0131ss\u0131z \u00e7\u00f6llerden \u0130stanbul\u2019un pis arka sokaklar\u0131na; do\u011furmay\u0131 da \u00f6ld\u00fcrmeyi de bilen yaln\u0131z kad\u0131nlar\u0131n sesini duyuruyor.\u201cSevdi\u011fim vard\u0131 ama \u00f6ld\u00fc.\u201d\u201cSeviyor musun hala?\u201d\u201cBilmem, \u00f6l\u00fc sevilir mi?\u201d\u201cE sevilir tabii, adam ne yaps\u0131n, \u00f6ld\u00fcyse onun su\u00e7u mu? \u0130nsan s\u0131rf Hakk\u2019\u0131n rahmetine kavu\u015ftu diye sevdi\u011fini unutabilir mi?\u201dGeceleri kap\u0131n\u0131z\u0131 s\u0131k\u0131 s\u0131k\u0131ya kapat\u0131n. Ruhane\u2019nin \u00fc\u00e7 ya\u015fl\u0131 cini sizi de ziyaret etmeye gelebilir.<\/p>\n","protected":false},"excerpt":{"rendered":"<p>\u201cHayaller yalan olsa da r\u00fcyalar hep ger\u00e7ektir. \u0130stedi\u011fin hayali kurabilirsin ama istedi\u011fin r\u00fcyay\u0131 g\u00f6remezsin.\u201dKad\u0131n, bir g\u00fcn evinin soka\u011f\u0131nda kimsesiz bir k\u0131z bulur. Dayanamaz, b\u0131rakmaya i\u00e7i elvermez.<span class=\"excerpt-hellip\"> [\u2026]<\/span><\/p>\n","protected":false},"featured_media":0,"template":"","meta":{"_monsterinsights_skip_tracking":false,"_monsterinsights_sitenote_active":false,"_monsterinsights_sitenote_note":"","_monsterinsights_sitenote_category":0},"product_brand":[],"product_cat":[12291,12711],"product_tag":[],"class_list":{"0":"post-707615","1":"product","2":"type-product","3":"status-publish","5":"product_cat-edebiyat","6":"product_cat-roman-oyku","7":"pa_cilt-ciltsiz","8":"pa_tur-kitap","9":"pa_yayinevi-okuyan-us-yayin","10":"pa_yazar-ozge-gozturk","12":"first","13":"instock","14":"sale","15":"shipping-taxable","16":"purchasable","17":"product-type-simple"},"_links":{"self":[{"href":"https:\/\/roveyayinevi.com.tr\/index.php\/wp-json\/wp\/v2\/product\/707615","targetHints":{"allow":["GET"]}}],"collection":[{"href":"https:\/\/roveyayinevi.com.tr\/index.php\/wp-json\/wp\/v2\/product"}],"about":[{"href":"https:\/\/roveyayinevi.com.tr\/index.php\/wp-json\/wp\/v2\/types\/product"}],"wp:attachment":[{"href":"https:\/\/roveyayinevi.com.tr\/index.php\/wp-json\/wp\/v2\/media?parent=707615"}],"wp:term":[{"taxonomy":"product_brand","embeddable":true,"href":"https:\/\/roveyayinevi.com.tr\/index.php\/wp-json\/wp\/v2\/product_brand?post=707615"},{"taxonomy":"product_cat","embeddable":true,"href":"https:\/\/roveyayinevi.com.tr\/index.php\/wp-json\/wp\/v2\/product_cat?post=707615"},{"taxonomy":"product_tag","embeddable":true,"href":"https:\/\/roveyayinevi.com.tr\/index.php\/wp-json\/wp\/v2\/product_tag?post=707615"}],"curies":[{"name":"wp","href":"https:\/\/api.w.org\/{rel}","templated":true}]}}