{"id":707614,"date":"2025-08-27T16:07:13","date_gmt":"2025-08-27T13:07:13","guid":{"rendered":"https:\/\/roveyayinevi.com.tr\/index.php\/urun\/insanligin-oykusu-sensin\/"},"modified":"2026-04-08T02:21:25","modified_gmt":"2026-04-07T23:21:25","slug":"insanligin-oykusu-sensin","status":"publish","type":"product","link":"https:\/\/roveyayinevi.com.tr\/index.php\/urun\/insanligin-oykusu-sensin\/","title":{"rendered":"\u0130nsanl\u0131\u011f\u0131n \u00d6yk\u00fcs\u00fc Sensin"},"content":{"rendered":"<p>13 ya\u015f\u0131ndayken d\u00fcnya \u00f6\u011fretmeni se\u00e7ilen Krishnamurti, hayat\u0131n\u0131 d\u00fcnyay\u0131 dola\u015farak, insanlarla ya\u015fama ve d\u00fcnyaya dair konu\u015farak ge\u00e7irdi. Kendisine mesihlik yak\u0131\u015ft\u0131r\u0131lm\u0131\u015f olmas\u0131na ra\u011fmen bunu hi\u00e7bir zaman kabul etmedi. Onun i\u00e7in, kar\u015f\u0131la\u015ft\u0131\u011f\u0131 herkes ba\u015fl\u0131 ba\u015f\u0131na bir \u201cbirey\u201ddi. Bu nedenle \u00f6\u011fretmekten \u00e7ok payla\u015fmay\u0131 ilke edindi. Yine de d\u00fcnya \u00fczerindeki milyonlarca ki\u015fi ondan \u00e7ok \u015fey \u00f6\u011frendi. <\/p>\n","protected":false},"excerpt":{"rendered":"<p>13 ya\u015f\u0131ndayken d\u00fcnya \u00f6\u011fretmeni se\u00e7ilen Krishnamurti, hayat\u0131n\u0131 d\u00fcnyay\u0131 dola\u015farak, insanlarla ya\u015fama ve d\u00fcnyaya dair konu\u015farak ge\u00e7irdi. Kendisine mesihlik yak\u0131\u015ft\u0131r\u0131lm\u0131\u015f olmas\u0131na ra\u011fmen bunu hi\u00e7bir zaman kabul etmedi.<span class=\"excerpt-hellip\"> [\u2026]<\/span><\/p>\n","protected":false},"featured_media":0,"template":"","meta":{"_monsterinsights_skip_tracking":false,"_monsterinsights_sitenote_active":false,"_monsterinsights_sitenote_note":"","_monsterinsights_sitenote_category":0},"product_brand":[],"product_cat":[12364,12376],"product_tag":[],"class_list":{"0":"post-707614","1":"product","2":"type-product","3":"status-publish","5":"product_cat-genel-konular","6":"product_cat-kisisel-gelisim","7":"pa_cilt-ciltsiz","8":"pa_tur-kitap","9":"pa_yayinevi-omega","10":"pa_yazar-j-krishnamurti","12":"first","13":"instock","14":"sale","15":"shipping-taxable","16":"purchasable","17":"product-type-simple"},"_links":{"self":[{"href":"https:\/\/roveyayinevi.com.tr\/index.php\/wp-json\/wp\/v2\/product\/707614","targetHints":{"allow":["GET"]}}],"collection":[{"href":"https:\/\/roveyayinevi.com.tr\/index.php\/wp-json\/wp\/v2\/product"}],"about":[{"href":"https:\/\/roveyayinevi.com.tr\/index.php\/wp-json\/wp\/v2\/types\/product"}],"wp:attachment":[{"href":"https:\/\/roveyayinevi.com.tr\/index.php\/wp-json\/wp\/v2\/media?parent=707614"}],"wp:term":[{"taxonomy":"product_brand","embeddable":true,"href":"https:\/\/roveyayinevi.com.tr\/index.php\/wp-json\/wp\/v2\/product_brand?post=707614"},{"taxonomy":"product_cat","embeddable":true,"href":"https:\/\/roveyayinevi.com.tr\/index.php\/wp-json\/wp\/v2\/product_cat?post=707614"},{"taxonomy":"product_tag","embeddable":true,"href":"https:\/\/roveyayinevi.com.tr\/index.php\/wp-json\/wp\/v2\/product_tag?post=707614"}],"curies":[{"name":"wp","href":"https:\/\/api.w.org\/{rel}","templated":true}]}}