{"id":707613,"date":"2025-08-27T16:07:13","date_gmt":"2025-08-27T13:07:13","guid":{"rendered":"https:\/\/roveyayinevi.com.tr\/index.php\/urun\/kotulugun-anatomisi\/"},"modified":"2026-04-16T02:16:20","modified_gmt":"2026-04-15T23:16:20","slug":"kotulugun-anatomisi","status":"publish","type":"product","link":"https:\/\/roveyayinevi.com.tr\/index.php\/urun\/kotulugun-anatomisi\/","title":{"rendered":"K\u00f6t\u00fcl\u00fc\u011f\u00fcn Anatomisi"},"content":{"rendered":"<p>S\u0131n\u0131rda ki\u015filik bozuklu\u011fu, psikopati, narsisizm, otizm&#8230; Bu tan\u0131lar\u0131n kondu\u011fu ki\u015filerin ortak bir noktas\u0131 var: empati eksikli\u011fi. Empati eksikli\u011finin sebep olabilece\u011fi durumlar bazen son derece tehlikeli boyutlara ula\u015fabilmekte. Verilecek en iyi \u00f6rnek Nazi \u201cbilim insanlar\u0131\u201d olsa da, Columbine Lisesi Katliam\u0131, Uganda\u2019daki isyanc\u0131 askerlerin anneleri \u00e7ocuklar\u0131n\u0131 \u00f6ld\u00fcrmeye zorlamalar\u0131 gibi d\u00fcnyan\u0131n her yerinden bir\u00e7ok vaka bu durumun ne gibi sonu\u00e7lara varabilece\u011fini kan\u0131tl\u0131yor. K\u00f6t\u00fcl\u00fc\u011f\u00fcn Anatomisi, \u00f6d\u00fcll\u00fc psikolog Simon Baron-Cohen\u2019in insan zalimli\u011fine dair geli\u015ftirdi\u011fi beyin temelli yeni teoriyi ele al\u0131yor. Sadece biyolojik de\u011fil, sosyal ve \u00e7evresel etmenlerin de empati erozyonuna neden olabilece\u011fini \u00f6ne s\u00fcren Baron-Cohen k\u00f6t\u00fcl\u00fc\u011fe, yani kendi deyi\u015fiyle empati eksikli\u011fine dair s\u00fcregelen fikirlere yeni bir bak\u0131\u015f a\u00e7\u0131s\u0131 sunarak literat\u00fcre olduk\u00e7a nitelikli bir kaynak sa\u011fl\u0131yor. \u0130nsanlar\u0131n en deh\u015fet verici t\u00fcrlerine dair daha g\u00fc\u00e7l\u00fc bir anlay\u0131\u015f olu\u015fturmam\u0131z i\u00e7in olduk\u00e7a \u00f6nemli bir ad\u0131m. \u2014 BOSTON GLOBE K\u00f6t\u00fcl\u00fck kavram\u0131na yeni bir bak\u0131\u015f a\u00e7\u0131s\u0131 getiren basit ama olduk\u00e7a ikna edici bir hipotez. \u2014 NEW YORK TIMES <\/p>\n","protected":false},"excerpt":{"rendered":"<p>S\u0131n\u0131rda ki\u015filik bozuklu\u011fu, psikopati, narsisizm, otizm&#8230; Bu tan\u0131lar\u0131n kondu\u011fu ki\u015filerin ortak bir noktas\u0131 var: empati eksikli\u011fi. Empati eksikli\u011finin sebep olabilece\u011fi durumlar bazen son derece tehlikeli boyutlara<span class=\"excerpt-hellip\"> [\u2026]<\/span><\/p>\n","protected":false},"featured_media":0,"template":"","meta":{"_monsterinsights_skip_tracking":false,"_monsterinsights_sitenote_active":false,"_monsterinsights_sitenote_note":"","_monsterinsights_sitenote_category":0},"product_brand":[],"product_cat":[12358,12357],"product_tag":[],"class_list":{"0":"post-707613","1":"product","2":"type-product","3":"status-publish","5":"product_cat-genel-psikoloji","6":"product_cat-psikoloji","7":"pa_cilt-ciltsiz","8":"pa_tur-kitap","9":"pa_yayinevi-say-yayinlari","10":"pa_yazar-simon-baron-cohen","12":"first","13":"instock","14":"sale","15":"shipping-taxable","16":"purchasable","17":"product-type-simple"},"_links":{"self":[{"href":"https:\/\/roveyayinevi.com.tr\/index.php\/wp-json\/wp\/v2\/product\/707613","targetHints":{"allow":["GET"]}}],"collection":[{"href":"https:\/\/roveyayinevi.com.tr\/index.php\/wp-json\/wp\/v2\/product"}],"about":[{"href":"https:\/\/roveyayinevi.com.tr\/index.php\/wp-json\/wp\/v2\/types\/product"}],"wp:attachment":[{"href":"https:\/\/roveyayinevi.com.tr\/index.php\/wp-json\/wp\/v2\/media?parent=707613"}],"wp:term":[{"taxonomy":"product_brand","embeddable":true,"href":"https:\/\/roveyayinevi.com.tr\/index.php\/wp-json\/wp\/v2\/product_brand?post=707613"},{"taxonomy":"product_cat","embeddable":true,"href":"https:\/\/roveyayinevi.com.tr\/index.php\/wp-json\/wp\/v2\/product_cat?post=707613"},{"taxonomy":"product_tag","embeddable":true,"href":"https:\/\/roveyayinevi.com.tr\/index.php\/wp-json\/wp\/v2\/product_tag?post=707613"}],"curies":[{"name":"wp","href":"https:\/\/api.w.org\/{rel}","templated":true}]}}