{"id":707611,"date":"2025-08-27T16:07:12","date_gmt":"2025-08-27T13:07:12","guid":{"rendered":"https:\/\/roveyayinevi.com.tr\/index.php\/urun\/imdat-cikarin-beni-buradan\/"},"modified":"2026-04-16T02:16:20","modified_gmt":"2026-04-15T23:16:20","slug":"imdat-cikarin-beni-buradan","status":"publish","type":"product","link":"https:\/\/roveyayinevi.com.tr\/index.php\/urun\/imdat-cikarin-beni-buradan\/","title":{"rendered":"\u0130mdat! \u00c7\u0131kar\u0131n Beni Buradan"},"content":{"rendered":"<p>M\u00fcjde!!! Duyanlar duymayanlara haber versin! \u00c7\u0131lg\u0131n ve s\u00fcrprizlerle dolu Cordula Nine, \u00e7\u0131kt\u0131\u011f\u0131 d\u00fcnya turundan geri d\u00f6n\u00fcyor! Bu beklenmedik geri d\u00f6n\u00fc\u015fe haz\u0131rl\u0131ks\u0131z yakalanan Kazma Ailesini b\u00fcy\u00fck bir tela\u015f sar\u0131yor. B\u00fcy\u00fckanne \u00e7ook uzaklardayken, gazete man\u015fetlerini bile s\u00fcsleyecek kadar muhte\u015fem i\u015flere imza atan aile fertlerinin hayat\u0131 \u00e7\u0131\u011f\u0131r\u0131ndan \u00e7\u0131k\u0131yor. Henrik daha \u00f6nceleri can s\u0131k\u0131nt\u0131s\u0131ndan dertlenirken, \u015fimdi belediye ba\u015fkan\u0131 taraf\u0131ndan madalyalarla \u00f6d\u00fcllendirilen \u201cmuhte\u015fem\u201d ailesinin hayat\u0131n\u0131 anlamland\u0131rmaya \u00e7al\u0131\u015f\u0131yor. Sanki bir yerlerde bir \u015feyler eksik, ama ne? Henrik\u2019in hissetti\u011fi bu eksiklik, bah\u00e7eye g\u00f6md\u00fc\u011f\u00fc alt\u0131n k\u00fcl\u00e7esini anne-babas\u0131na kapt\u0131rmas\u0131ndan m\u0131, yoksa sahip olmak i\u00e7in yan\u0131p tutu\u015ftu\u011fu bir k\u00f6pe\u011fin yoklu\u011fundan m\u0131 kaynaklan\u0131yor?.. Annesi bah\u00e7esiyle, babas\u0131 eski buharl\u0131 lokomotiflerle, ablas\u0131 ise s\u0131ra d\u0131\u015f\u0131 moda tasar\u0131mlar\u0131yla o denli me\u015fgul ki Henrik\u2019i kimse d\u00fc\u015f\u00fcnm\u00fcyor. Bu durumundan hay\u0131flanan k\u00fc\u00e7\u00fck dostumuz \u00e7areyi hayallerini kurdu\u011fu mesle\u011fe odaklanmakta buluyor. Tabii bu meslek, ortal\u0131\u011f\u0131 yine kaz\u0131p durmaktan ibaret! Ama bu sefer \u00e7ok \u015fansl\u0131; yan\u0131nda, yepyeni k\u00f6pe\u011fi Kulak da var. Tabii bir de \u00e7at\u0131 kat\u0131n\u0131 mesken tutan ve kap\u0131 kom\u015fular\u0131na kalbini kapt\u0131ran Cordula Nine\u2019nin u\u00e7uk ka\u00e7\u0131k fikirleri\u2026 Yoksa kim, topra\u011f\u0131n alt\u0131nda yatan o koca lokomotiflerin yerini bir ba\u015f\u0131na ve \u015f\u0131p diye bulabilirdi ki? \u00c7ocuklar\u0131n g\u00fcndelik ya\u015fam\u0131ndaki karma\u015falar\u0131, renkli karakterler ve zekice kurgularla e\u011flenceli birer maceraya d\u00f6n\u00fc\u015ft\u00fcren, Alman Gen\u00e7lik Edebiyat\u0131 \u00d6d\u00fcll\u00fc Salah Naoura\u2019n\u0131n \u0130mdat! \u00c7\u0131kar\u0131n Beni Buradan ile ba\u015flayan acayip komik ve e\u011flenceli ser\u00fcveni, \u0130mdat! B\u00fcy\u00fckanne Geri D\u00f6n\u00fcyor ile devam ediyor! Kahkaha garantili serinin ikinci kitab\u0131nda kentin alt\u0131n\u0131 \u00fcst\u00fcne getiren Henrik\u2019e, bir kazma k\u00fcrek al\u0131p siz de e\u015flik etmek istemez misiniz?.. <\/p>\n","protected":false},"excerpt":{"rendered":"<p>M\u00fcjde!!! Duyanlar duymayanlara haber versin! \u00c7\u0131lg\u0131n ve s\u00fcrprizlerle dolu Cordula Nine, \u00e7\u0131kt\u0131\u011f\u0131 d\u00fcnya turundan geri d\u00f6n\u00fcyor! Bu beklenmedik geri d\u00f6n\u00fc\u015fe haz\u0131rl\u0131ks\u0131z yakalanan Kazma Ailesini b\u00fcy\u00fck bir<span class=\"excerpt-hellip\"> [\u2026]<\/span><\/p>\n","protected":false},"featured_media":0,"template":"","meta":{"_monsterinsights_skip_tracking":false,"_monsterinsights_sitenote_active":false,"_monsterinsights_sitenote_note":"","_monsterinsights_sitenote_category":0},"product_brand":[],"product_cat":[12291,12711],"product_tag":[],"class_list":{"0":"post-707611","1":"product","2":"type-product","3":"status-publish","5":"product_cat-edebiyat","6":"product_cat-roman-oyku","7":"pa_cilt-ciltsiz","8":"pa_tur-kitap","9":"pa_yayinevi-tudem-yayinlari","10":"pa_yazar-salah-naoura","12":"first","13":"instock","14":"sale","15":"shipping-taxable","16":"purchasable","17":"product-type-simple"},"_links":{"self":[{"href":"https:\/\/roveyayinevi.com.tr\/index.php\/wp-json\/wp\/v2\/product\/707611","targetHints":{"allow":["GET"]}}],"collection":[{"href":"https:\/\/roveyayinevi.com.tr\/index.php\/wp-json\/wp\/v2\/product"}],"about":[{"href":"https:\/\/roveyayinevi.com.tr\/index.php\/wp-json\/wp\/v2\/types\/product"}],"wp:attachment":[{"href":"https:\/\/roveyayinevi.com.tr\/index.php\/wp-json\/wp\/v2\/media?parent=707611"}],"wp:term":[{"taxonomy":"product_brand","embeddable":true,"href":"https:\/\/roveyayinevi.com.tr\/index.php\/wp-json\/wp\/v2\/product_brand?post=707611"},{"taxonomy":"product_cat","embeddable":true,"href":"https:\/\/roveyayinevi.com.tr\/index.php\/wp-json\/wp\/v2\/product_cat?post=707611"},{"taxonomy":"product_tag","embeddable":true,"href":"https:\/\/roveyayinevi.com.tr\/index.php\/wp-json\/wp\/v2\/product_tag?post=707611"}],"curies":[{"name":"wp","href":"https:\/\/api.w.org\/{rel}","templated":true}]}}