{"id":707610,"date":"2025-08-27T16:07:11","date_gmt":"2025-08-27T13:07:11","guid":{"rendered":"https:\/\/roveyayinevi.com.tr\/index.php\/urun\/satranc-8\/"},"modified":"2026-04-16T02:16:20","modified_gmt":"2026-04-15T23:16:20","slug":"satranc-8","status":"publish","type":"product","link":"https:\/\/roveyayinevi.com.tr\/index.php\/urun\/satranc-8\/","title":{"rendered":"Satran\u00e7"},"content":{"rendered":"<p>\u0130kinci D\u00fcnya Sava\u015f\u0131\u2019n\u0131n ya\u015fatt\u0131\u011f\u0131 ac\u0131lara daha fazla dayanamayarak 1942 y\u0131l\u0131nda e\u015fiyle birlikte intihar eden Stefan Zweig, soneseri olan Satran\u00e7 ile d\u00f6nemin ruh halini \u00e7arp\u0131c\u0131 bir \u015fekilde yans\u0131t\u0131yor.Satran\u00e7, New York\u2019tan Buenos Aires\u2019e gitmekte olan bir yolcu gemisinde tamamen tesad\u00fcf eseri kar\u015f\u0131la\u015fan d\u00fcnya satran\u00e7\u015fampiyonu Mirko Czentovic, onunla tan\u0131\u015fmak i\u00e7in can atan s\u0131radan bir yolcu ve Nazi y\u00f6netimi taraf\u0131ndan tutukland\u0131\u011f\u0131nda hi\u00e7beklenmedik bir \u015fekilde eline ge\u00e7irdi\u011fi bir satran\u00e7 kitab\u0131 sayesinde bu oyunun inceliklerini \u00f6\u011frenen, daha sonra bu oyunututkuya d\u00f6n\u00fc\u015ft\u00fcren ve beyin hummas\u0131na yakalanan Dr. B.\u2019nin ilgin\u00e7 \u00f6yk\u00fcs\u00fcd\u00fcr.\u00d6yk\u00fcn\u00fcn genelinde umutsuzluk temas\u0131n\u0131 i\u015fleyen yazar, Nazi y\u00f6netiminin stratejilerine ve bask\u0131lar\u0131n beyin \u00fczerindekietkilerine i\u015faret ediyor. <\/p>\n","protected":false},"excerpt":{"rendered":"<p>\u0130kinci D\u00fcnya Sava\u015f\u0131\u2019n\u0131n ya\u015fatt\u0131\u011f\u0131 ac\u0131lara daha fazla dayanamayarak 1942 y\u0131l\u0131nda e\u015fiyle birlikte intihar eden Stefan Zweig, soneseri olan Satran\u00e7 ile d\u00f6nemin ruh halini \u00e7arp\u0131c\u0131 bir \u015fekilde<span class=\"excerpt-hellip\"> [\u2026]<\/span><\/p>\n","protected":false},"featured_media":0,"template":"","meta":{"_monsterinsights_skip_tracking":false,"_monsterinsights_sitenote_active":false,"_monsterinsights_sitenote_note":"","_monsterinsights_sitenote_category":0},"product_brand":[],"product_cat":[12782,12291],"product_tag":[],"class_list":{"0":"post-707610","1":"product","2":"type-product","3":"status-publish","5":"product_cat-alman-edebiyati","6":"product_cat-edebiyat","7":"pa_cilt-ciltsiz","8":"pa_tur-kitap","9":"pa_yayinevi-say-yayinlari","10":"pa_yazar-stefan-zweig","12":"first","13":"instock","14":"sale","15":"shipping-taxable","16":"purchasable","17":"product-type-simple"},"_links":{"self":[{"href":"https:\/\/roveyayinevi.com.tr\/index.php\/wp-json\/wp\/v2\/product\/707610","targetHints":{"allow":["GET"]}}],"collection":[{"href":"https:\/\/roveyayinevi.com.tr\/index.php\/wp-json\/wp\/v2\/product"}],"about":[{"href":"https:\/\/roveyayinevi.com.tr\/index.php\/wp-json\/wp\/v2\/types\/product"}],"wp:attachment":[{"href":"https:\/\/roveyayinevi.com.tr\/index.php\/wp-json\/wp\/v2\/media?parent=707610"}],"wp:term":[{"taxonomy":"product_brand","embeddable":true,"href":"https:\/\/roveyayinevi.com.tr\/index.php\/wp-json\/wp\/v2\/product_brand?post=707610"},{"taxonomy":"product_cat","embeddable":true,"href":"https:\/\/roveyayinevi.com.tr\/index.php\/wp-json\/wp\/v2\/product_cat?post=707610"},{"taxonomy":"product_tag","embeddable":true,"href":"https:\/\/roveyayinevi.com.tr\/index.php\/wp-json\/wp\/v2\/product_tag?post=707610"}],"curies":[{"name":"wp","href":"https:\/\/api.w.org\/{rel}","templated":true}]}}