{"id":707609,"date":"2025-08-27T16:07:11","date_gmt":"2025-08-27T13:07:11","guid":{"rendered":"https:\/\/roveyayinevi.com.tr\/index.php\/urun\/darulhilafet-mektuplari-surgunden-istanbula\/"},"modified":"2026-04-16T02:16:20","modified_gmt":"2026-04-15T23:16:20","slug":"darulhilafet-mektuplari-surgunden-istanbula","status":"publish","type":"product","link":"https:\/\/roveyayinevi.com.tr\/index.php\/urun\/darulhilafet-mektuplari-surgunden-istanbula\/","title":{"rendered":"Dar\u00fclhilafet Mektuplar\u0131 &#8211; S\u00fcrg\u00fcnden \u0130stanbul&#8217;a"},"content":{"rendered":"<p>Yusuf Ak\u00e7ura&#8217;n\u0131n S\u00fcrg\u00fcnden \u0130stanbul&#8217;a D\u00e2r\u00fclhil\u00e2fet Mektuplar\u0131 kitab\u0131ndaki makaleler Terc\u00fcman ve Vakit gazetesi ile \u015eura dergisinde 1908-1912 y\u0131llar\u0131 aras\u0131nda ne\u015fredilmi\u015ftir. Ak\u00e7ura bu makalelerinde, II. Me\u015frutiyet \u00f6ncesi Avrupa ve Rusya&#8217;n\u0131n siyas\u00ee durumu ile Osmanl\u0131 Devleti&#8217;nin d\u0131\u015far\u0131dan g\u00f6r\u00fcn\u00fc\u015f\u00fcn\u00fc incelemi\u015f, Me\u015frutiyet&#8217;in ilan\u0131ndan sonra s\u00fcrg\u00fcne g\u00f6nderildi\u011fi i\u00e7in uzun y\u0131llar ayr\u0131 kald\u0131\u011f\u0131 \u0130stanbul&#8217;a gelerek d\u00f6nemin hadiselerini \u00e7ok canl\u0131 olarak resmetmi\u015ftir. Makaleleri okurken I. D\u00fcnya Sava\u015f\u0131 \u00f6ncesinde Avrupa&#8217;n\u0131n siyaset koridorlar\u0131nda \u00e7evrilen oyunlar\u0131 \u00f6\u011frenecek ve II. Me\u015frutiyet y\u0131llar\u0131n\u0131n \u0130stanbul&#8217;unda k\u0131sa bir gezintiye \u00e7\u0131kacaks\u0131n\u0131z. <\/p>\n","protected":false},"excerpt":{"rendered":"<p>Yusuf Ak\u00e7ura&#8217;n\u0131n S\u00fcrg\u00fcnden \u0130stanbul&#8217;a D\u00e2r\u00fclhil\u00e2fet Mektuplar\u0131 kitab\u0131ndaki makaleler Terc\u00fcman ve Vakit gazetesi ile \u015eura dergisinde 1908-1912 y\u0131llar\u0131 aras\u0131nda ne\u015fredilmi\u015ftir. Ak\u00e7ura bu makalelerinde, II. Me\u015frutiyet \u00f6ncesi Avrupa<span class=\"excerpt-hellip\"> [\u2026]<\/span><\/p>\n","protected":false},"featured_media":0,"template":"","meta":{"_monsterinsights_skip_tracking":false,"_monsterinsights_sitenote_active":false,"_monsterinsights_sitenote_note":"","_monsterinsights_sitenote_category":0},"product_brand":[],"product_cat":[12304,13650],"product_tag":[],"class_list":{"0":"post-707609","1":"product","2":"type-product","3":"status-publish","5":"product_cat-tarih","6":"product_cat-turk-tarihi-arastirmalari","7":"pa_cilt-ciltsiz","8":"pa_tur-kitap","9":"pa_yayinevi-otuken-nesriyat","10":"pa_yazar-yusuf-akcura","12":"first","13":"instock","14":"sale","15":"shipping-taxable","16":"purchasable","17":"product-type-simple"},"_links":{"self":[{"href":"https:\/\/roveyayinevi.com.tr\/index.php\/wp-json\/wp\/v2\/product\/707609","targetHints":{"allow":["GET"]}}],"collection":[{"href":"https:\/\/roveyayinevi.com.tr\/index.php\/wp-json\/wp\/v2\/product"}],"about":[{"href":"https:\/\/roveyayinevi.com.tr\/index.php\/wp-json\/wp\/v2\/types\/product"}],"wp:attachment":[{"href":"https:\/\/roveyayinevi.com.tr\/index.php\/wp-json\/wp\/v2\/media?parent=707609"}],"wp:term":[{"taxonomy":"product_brand","embeddable":true,"href":"https:\/\/roveyayinevi.com.tr\/index.php\/wp-json\/wp\/v2\/product_brand?post=707609"},{"taxonomy":"product_cat","embeddable":true,"href":"https:\/\/roveyayinevi.com.tr\/index.php\/wp-json\/wp\/v2\/product_cat?post=707609"},{"taxonomy":"product_tag","embeddable":true,"href":"https:\/\/roveyayinevi.com.tr\/index.php\/wp-json\/wp\/v2\/product_tag?post=707609"}],"curies":[{"name":"wp","href":"https:\/\/api.w.org\/{rel}","templated":true}]}}