{"id":707608,"date":"2025-08-27T16:07:10","date_gmt":"2025-08-27T13:07:10","guid":{"rendered":"https:\/\/roveyayinevi.com.tr\/index.php\/urun\/konstantinapol\/"},"modified":"2026-04-16T02:16:20","modified_gmt":"2026-04-15T23:16:20","slug":"konstantinapol","status":"publish","type":"product","link":"https:\/\/roveyayinevi.com.tr\/index.php\/urun\/konstantinapol\/","title":{"rendered":"Konstantinapol"},"content":{"rendered":"<p>Bu hayatta kalanlar\u0131n in\u015fa ettikleri bir \u015fehrin \u00f6yk\u00fcs\u00fcd\u00fcr. B\u00fcy\u00fck bir felakette s\u0131kl\u0131kla oldu\u011fu gibi, hayatta kalanlar etnik olarak tek bir halk de\u011fildi, \u00e7ok say\u0131da halklar\u0131n birle\u015fmesiydi. Onlar ya\u015fam \u015fekillerini oldu\u011fu kadar kendi hayatlar\u0131n\u0131 ve mallar\u0131n\u0131 savunmak i\u00e7in bir araya gelmi\u015flerdi. Kendi \u015fehirlerini teslim etmeyi reddetmi\u015flerdi. Yakla\u015f\u0131k bin y\u0131l boyunca bu kararl\u0131l\u0131klar\u0131n\u0131 s\u00fcrd\u00fcrm\u00fc\u015flerdi. Tarih onlara Bizansl\u0131lar ad\u0131n\u0131 vermi\u015ftir.Onlar hayatta kalma m\u00fccadelesinde yaln\u0131zd\u0131lar. Bat\u0131da MS. 200 ila 450 aras\u0131nda y\u00fczy\u0131llar boyunca Roma \u0130mparatorlu\u011fu \u00fczerine d\u00fc\u015fm\u00fc\u015f olan bir alacakaranl\u0131k vard\u0131. Bu durum onlar\u0131 ilk Orta \u00c7a\u011f\u2019\u0131n karanl\u0131\u011f\u0131na s\u00fcr\u00fcklenmi\u015ftir. Do\u011fu\u2019da ise bu \u015fehirde ya\u015fayanlar felaketin yaratt\u0131\u011f\u0131 \u00e7etin derslerini \u00f6\u011frenmi\u015flerdir ve karanl\u0131k ile ba\u015f etmenin yolunu bulmu\u015flard\u0131r.<\/p>\n","protected":false},"excerpt":{"rendered":"<p>Bu hayatta kalanlar\u0131n in\u015fa ettikleri bir \u015fehrin \u00f6yk\u00fcs\u00fcd\u00fcr. B\u00fcy\u00fck bir felakette s\u0131kl\u0131kla oldu\u011fu gibi, hayatta kalanlar etnik olarak tek bir halk de\u011fildi, \u00e7ok say\u0131da halklar\u0131n birle\u015fmesiydi.<span class=\"excerpt-hellip\"> [\u2026]<\/span><\/p>\n","protected":false},"featured_media":0,"template":"","meta":{"_monsterinsights_skip_tracking":false,"_monsterinsights_sitenote_active":false,"_monsterinsights_sitenote_note":"","_monsterinsights_sitenote_category":0},"product_brand":[],"product_cat":[12718,12858],"product_tag":[],"class_list":{"0":"post-707608","1":"product","2":"type-product","3":"status-publish","5":"product_cat-din","6":"product_cat-mitolojiler","7":"pa_cilt-ciltsiz","8":"pa_tur-kitap","9":"pa_yayinevi-parola-yayinlari","10":"pa_yazar-harold-lamb","12":"first","13":"instock","14":"sale","15":"shipping-taxable","16":"purchasable","17":"product-type-simple"},"_links":{"self":[{"href":"https:\/\/roveyayinevi.com.tr\/index.php\/wp-json\/wp\/v2\/product\/707608","targetHints":{"allow":["GET"]}}],"collection":[{"href":"https:\/\/roveyayinevi.com.tr\/index.php\/wp-json\/wp\/v2\/product"}],"about":[{"href":"https:\/\/roveyayinevi.com.tr\/index.php\/wp-json\/wp\/v2\/types\/product"}],"wp:attachment":[{"href":"https:\/\/roveyayinevi.com.tr\/index.php\/wp-json\/wp\/v2\/media?parent=707608"}],"wp:term":[{"taxonomy":"product_brand","embeddable":true,"href":"https:\/\/roveyayinevi.com.tr\/index.php\/wp-json\/wp\/v2\/product_brand?post=707608"},{"taxonomy":"product_cat","embeddable":true,"href":"https:\/\/roveyayinevi.com.tr\/index.php\/wp-json\/wp\/v2\/product_cat?post=707608"},{"taxonomy":"product_tag","embeddable":true,"href":"https:\/\/roveyayinevi.com.tr\/index.php\/wp-json\/wp\/v2\/product_tag?post=707608"}],"curies":[{"name":"wp","href":"https:\/\/api.w.org\/{rel}","templated":true}]}}