{"id":707607,"date":"2025-08-27T16:07:10","date_gmt":"2025-08-27T13:07:10","guid":{"rendered":"https:\/\/roveyayinevi.com.tr\/index.php\/urun\/theodora-ve-imparator\/"},"modified":"2026-04-16T02:16:20","modified_gmt":"2026-04-15T23:16:20","slug":"theodora-ve-imparator","status":"publish","type":"product","link":"https:\/\/roveyayinevi.com.tr\/index.php\/urun\/theodora-ve-imparator\/","title":{"rendered":"Theodora ve \u0130mparator"},"content":{"rendered":"<p>Ge\u00e7mi\u015f d\u00f6nemlere \u0131\u015f\u0131k tutan tarih\u00e7i Harold Lamb \u201cTheodora ve \u0130mparator\u201d kitab\u0131yla Bizans D\u00f6neminde Konstantinapol\u2019e, \u0130stanbul\u2019a dair tarihi ger\u00e7ekleri canl\u0131 betimlemelerle anlat\u0131yor.Ge\u00e7mi\u015fi \u015faibelerle dolu Theodora\u2019n\u0131n Bizans \u0130mparatoru J\u00fcstinyen ile ya\u015fad\u0131\u011f\u0131 d\u00f6nem \u00e7a\u011f\u0131n\u0131n \u00f6nemli olaylar\u0131, entrikalar, sava\u015flar, ayaklanmalar, veba salg\u0131n\u0131 ve politik stratejiler e\u015fli\u011finde okuyucuya sunuluyor.Tarih i\u00e7inde pek \u00e7ok d\u00f6nem \u00fczerine ba\u015f yap\u0131tlar ortaya koyan Lamb, tarihi olaylar\u0131 bir roman havas\u0131nda vererek okuyucuyu \u0130stanbul\u2019un eski d\u00f6nemlerinde bir yolculu\u011fa \u00e7\u0131kar\u0131yor.<\/p>\n","protected":false},"excerpt":{"rendered":"<p>Ge\u00e7mi\u015f d\u00f6nemlere \u0131\u015f\u0131k tutan tarih\u00e7i Harold Lamb \u201cTheodora ve \u0130mparator\u201d kitab\u0131yla Bizans D\u00f6neminde Konstantinapol\u2019e, \u0130stanbul\u2019a dair tarihi ger\u00e7ekleri canl\u0131 betimlemelerle anlat\u0131yor.Ge\u00e7mi\u015fi \u015faibelerle dolu Theodora\u2019n\u0131n Bizans \u0130mparatoru<span class=\"excerpt-hellip\"> [\u2026]<\/span><\/p>\n","protected":false},"featured_media":0,"template":"","meta":{"_monsterinsights_skip_tracking":false,"_monsterinsights_sitenote_active":false,"_monsterinsights_sitenote_note":"","_monsterinsights_sitenote_category":0},"product_brand":[],"product_cat":[12718,12858],"product_tag":[],"class_list":{"0":"post-707607","1":"product","2":"type-product","3":"status-publish","5":"product_cat-din","6":"product_cat-mitolojiler","7":"pa_cilt-ciltsiz","8":"pa_tur-kitap","9":"pa_yayinevi-parola-yayinlari","10":"pa_yazar-harold-lamb","12":"first","13":"instock","14":"sale","15":"shipping-taxable","16":"purchasable","17":"product-type-simple"},"_links":{"self":[{"href":"https:\/\/roveyayinevi.com.tr\/index.php\/wp-json\/wp\/v2\/product\/707607","targetHints":{"allow":["GET"]}}],"collection":[{"href":"https:\/\/roveyayinevi.com.tr\/index.php\/wp-json\/wp\/v2\/product"}],"about":[{"href":"https:\/\/roveyayinevi.com.tr\/index.php\/wp-json\/wp\/v2\/types\/product"}],"wp:attachment":[{"href":"https:\/\/roveyayinevi.com.tr\/index.php\/wp-json\/wp\/v2\/media?parent=707607"}],"wp:term":[{"taxonomy":"product_brand","embeddable":true,"href":"https:\/\/roveyayinevi.com.tr\/index.php\/wp-json\/wp\/v2\/product_brand?post=707607"},{"taxonomy":"product_cat","embeddable":true,"href":"https:\/\/roveyayinevi.com.tr\/index.php\/wp-json\/wp\/v2\/product_cat?post=707607"},{"taxonomy":"product_tag","embeddable":true,"href":"https:\/\/roveyayinevi.com.tr\/index.php\/wp-json\/wp\/v2\/product_tag?post=707607"}],"curies":[{"name":"wp","href":"https:\/\/api.w.org\/{rel}","templated":true}]}}