{"id":707605,"date":"2025-08-27T16:07:09","date_gmt":"2025-08-27T13:07:09","guid":{"rendered":"https:\/\/roveyayinevi.com.tr\/index.php\/urun\/ruhu-allaha-yukselten-oruc\/"},"modified":"2026-04-16T02:16:20","modified_gmt":"2026-04-15T23:16:20","slug":"ruhu-allaha-yukselten-oruc","status":"publish","type":"product","link":"https:\/\/roveyayinevi.com.tr\/index.php\/urun\/ruhu-allaha-yukselten-oruc\/","title":{"rendered":"Ruhu Allah\u2019a Y\u00fckselten Oru\u00e7"},"content":{"rendered":"<p>\u201cGeldi Ramazan ay\u0131. Ey ay y\u00fczl\u00fc yar. Oru\u00e7 tut ve az uyu. Ta ki kalbin g\u00f6r\u00fcr olsun. Kalbin bo\u015f olsun ki hal ehli olas\u0131n. Ney ol da saf ruhu bul. Ney gibi kan\u0131ndan dol. Tatl\u0131 \u015feylere zevk et. Bu kar\u0131n nehrinden her y\u0131l killer temizlenmeli ki g\u00f6nl\u00fcn hayat p\u0131nar\u0131 ten topra\u011f\u0131n\u0131 diriltsin oru\u00e7la bedeni ve ruhu. Ekmekten uzak dur ki v\u00fccuduna ruhani mey dolsun ve her zerren onunla mest olsun. Bu anlar\u0131 unutma. \u0130\u00e7, bu ruhani meydir. \u0130\u00e7 de seller gibi co\u015f. Ta ki kalbin derya oluncaya dek i\u00e7. A\u00e7l\u0131k her uyan\u0131k g\u00f6nl\u00fcn az\u0131\u011f\u0131 olan Hak yeme\u011fidir. Onu, a\u015fktan divane olan kuluna \u015fah verdi. Gece g\u00fcnd\u00fcz daima uyan\u0131k ve oru\u00e7lu ol. A\u015fkla dol ve kendinden ge\u00e7. \u015eekli b\u0131rak, anlam\u0131 bul.\u201d- Erzurumlu \u0130brahim Hakk\u0131 Hazretleri<\/p>\n","protected":false},"excerpt":{"rendered":"<p>\u201cGeldi Ramazan ay\u0131. Ey ay y\u00fczl\u00fc yar. Oru\u00e7 tut ve az uyu. Ta ki kalbin g\u00f6r\u00fcr olsun. Kalbin bo\u015f olsun ki hal ehli olas\u0131n. Ney ol<span class=\"excerpt-hellip\"> [\u2026]<\/span><\/p>\n","protected":false},"featured_media":0,"template":"","meta":{"_monsterinsights_skip_tracking":false,"_monsterinsights_sitenote_active":false,"_monsterinsights_sitenote_note":"","_monsterinsights_sitenote_category":0},"product_brand":[],"product_cat":[12718,12719,15238],"product_tag":[],"class_list":{"0":"post-707605","1":"product","2":"type-product","3":"status-publish","5":"product_cat-din","6":"product_cat-islam","7":"product_cat-tasavvuf","8":"pa_cilt-ciltsiz","9":"pa_tur-kitap","10":"pa_yayinevi-nefes-yayincilik","11":"pa_yazar-cemalnur-sargut","13":"first","14":"instock","15":"sale","16":"shipping-taxable","17":"purchasable","18":"product-type-simple"},"_links":{"self":[{"href":"https:\/\/roveyayinevi.com.tr\/index.php\/wp-json\/wp\/v2\/product\/707605","targetHints":{"allow":["GET"]}}],"collection":[{"href":"https:\/\/roveyayinevi.com.tr\/index.php\/wp-json\/wp\/v2\/product"}],"about":[{"href":"https:\/\/roveyayinevi.com.tr\/index.php\/wp-json\/wp\/v2\/types\/product"}],"wp:attachment":[{"href":"https:\/\/roveyayinevi.com.tr\/index.php\/wp-json\/wp\/v2\/media?parent=707605"}],"wp:term":[{"taxonomy":"product_brand","embeddable":true,"href":"https:\/\/roveyayinevi.com.tr\/index.php\/wp-json\/wp\/v2\/product_brand?post=707605"},{"taxonomy":"product_cat","embeddable":true,"href":"https:\/\/roveyayinevi.com.tr\/index.php\/wp-json\/wp\/v2\/product_cat?post=707605"},{"taxonomy":"product_tag","embeddable":true,"href":"https:\/\/roveyayinevi.com.tr\/index.php\/wp-json\/wp\/v2\/product_tag?post=707605"}],"curies":[{"name":"wp","href":"https:\/\/api.w.org\/{rel}","templated":true}]}}