{"id":707603,"date":"2025-08-27T16:07:08","date_gmt":"2025-08-27T13:07:08","guid":{"rendered":"https:\/\/roveyayinevi.com.tr\/index.php\/urun\/a-tik-tuk\/"},"modified":"2026-04-16T02:16:20","modified_gmt":"2026-04-15T23:16:20","slug":"a-tik-tuk","status":"publish","type":"product","link":"https:\/\/roveyayinevi.com.tr\/index.php\/urun\/a-tik-tuk\/","title":{"rendered":"A-Tik-Tuk"},"content":{"rendered":"<p>Bir kutup ay\u0131s\u0131 atas\u00f6z\u00fc ne der? A-T\u0130K-TUK, A-T\u0130K-TUK!S\u0131n\u0131r tan\u0131maz hayal g\u00fcc\u00fcne sahip \u00f6d\u00fcll\u00fc yazar \u00c7i\u011fdem G\u00fcnde\u015f, masal d\u00fc\u015fler yaratmadaki ustal\u0131\u011f\u0131n\u0131 bu kez \u00f6yk\u00fcler kaleme almak i\u00e7in kullan\u0131yor. Neler yok ki G\u00fcnde\u015f\u2019in \u00f6yk\u00fc p\u0131nar\u0131nda\u2026Fasolada! Cac\u0131ki! Zeibekiko! 23 Nisan \u00c7ocuk Bayram\u0131 i\u00e7in Ege\u2019nin kar\u015f\u0131 k\u0131y\u0131s\u0131ndan T\u00fcrkiye\u2019ye gelen Elefteria\u2019n\u0131n, Ceren\u2019in ve ailesinin birbirlerinden \u00f6\u011frenecek \u00e7ok \u015feyleri var. Hatta bizim bile\u2026 O zaman verin elinizi, \u015fark\u0131lar s\u00f6yleyelim. Dilimiz farkl\u0131 belki ama ya\u015famdan ald\u0131\u011f\u0131m\u0131z tatlar benzer nas\u0131l olsa. G\u00f6zlerimizi yumup, bir baba ve o\u011flun avlanmak i\u00e7in \u00e7\u0131kt\u0131klar\u0131 kamp gezisinde sessizce orman\u0131 dinleyelim; f\u0131s\u0131ldayaca\u011f\u0131 \u00f6nemli s\u0131rlar var. Ne\u015femize ne\u015fe kat\u0131p k\u0131rm\u0131z\u0131 bir bisikletin s\u0131rt\u0131nda var g\u00fcc\u00fcm\u00fczle pedal \u00e7evirelim. G\u00fczel bir ak\u015fam\u00fcst\u00fc Eci\u015f\u2019le B\u00fcc\u00fc\u015f\u2019\u00fcn sofras\u0131na konuk olup b\u00fcy\u00fckannemizin anlatacaklar\u0131yla masal masal renklenelim. Dilerseniz \u00c7a\u011fr\u0131 ve Emre\u2019nin s\u00f6zlerine kulak verip kar\u015f\u0131m\u0131za \u00e7\u0131kan engelleri ad\u0131m ad\u0131m a\u015fal\u0131m. Yeter ki d\u00fcnyada bar\u0131\u015f, \u00e7ocuklar\u0131n g\u00f6zlerinde hep ya\u015fama sevinci olsun\u2026\u00c7i\u011fdem G\u00fcnde\u015f\u2019ten hayata dokunan, i\u00e7imizi sevin\u00e7le dolduran umut dolu be\u015f g\u00fczel \u00f6yk\u00fc\u2026<\/p>\n","protected":false},"excerpt":{"rendered":"<p>Bir kutup ay\u0131s\u0131 atas\u00f6z\u00fc ne der? A-T\u0130K-TUK, A-T\u0130K-TUK!S\u0131n\u0131r tan\u0131maz hayal g\u00fcc\u00fcne sahip \u00f6d\u00fcll\u00fc yazar \u00c7i\u011fdem G\u00fcnde\u015f, masal d\u00fc\u015fler yaratmadaki ustal\u0131\u011f\u0131n\u0131 bu kez \u00f6yk\u00fcler kaleme almak i\u00e7in<span class=\"excerpt-hellip\"> [\u2026]<\/span><\/p>\n","protected":false},"featured_media":0,"template":"","meta":{"_monsterinsights_skip_tracking":false,"_monsterinsights_sitenote_active":false,"_monsterinsights_sitenote_note":"","_monsterinsights_sitenote_category":0},"product_brand":[],"product_cat":[12275,12274],"product_tag":[],"class_list":{"0":"post-707603","1":"product","2":"type-product","3":"status-publish","5":"product_cat-6-12-yas-kitaplari","6":"product_cat-cocuk-ve-genclik-kitaplari","7":"pa_cilt-ciltsiz","8":"pa_tur-kitap","9":"pa_yayinevi-tudem-yayinlari","10":"pa_yazar-cigdem-gundes","12":"first","13":"instock","14":"sale","15":"shipping-taxable","16":"purchasable","17":"product-type-simple"},"_links":{"self":[{"href":"https:\/\/roveyayinevi.com.tr\/index.php\/wp-json\/wp\/v2\/product\/707603","targetHints":{"allow":["GET"]}}],"collection":[{"href":"https:\/\/roveyayinevi.com.tr\/index.php\/wp-json\/wp\/v2\/product"}],"about":[{"href":"https:\/\/roveyayinevi.com.tr\/index.php\/wp-json\/wp\/v2\/types\/product"}],"wp:attachment":[{"href":"https:\/\/roveyayinevi.com.tr\/index.php\/wp-json\/wp\/v2\/media?parent=707603"}],"wp:term":[{"taxonomy":"product_brand","embeddable":true,"href":"https:\/\/roveyayinevi.com.tr\/index.php\/wp-json\/wp\/v2\/product_brand?post=707603"},{"taxonomy":"product_cat","embeddable":true,"href":"https:\/\/roveyayinevi.com.tr\/index.php\/wp-json\/wp\/v2\/product_cat?post=707603"},{"taxonomy":"product_tag","embeddable":true,"href":"https:\/\/roveyayinevi.com.tr\/index.php\/wp-json\/wp\/v2\/product_tag?post=707603"}],"curies":[{"name":"wp","href":"https:\/\/api.w.org\/{rel}","templated":true}]}}