{"id":707598,"date":"2025-08-27T16:07:05","date_gmt":"2025-08-27T13:07:05","guid":{"rendered":"https:\/\/roveyayinevi.com.tr\/index.php\/urun\/aysenazin-dogum-gunu-partisi\/"},"modified":"2026-04-16T02:16:20","modified_gmt":"2026-04-15T23:16:20","slug":"aysenazin-dogum-gunu-partisi","status":"publish","type":"product","link":"https:\/\/roveyayinevi.com.tr\/index.php\/urun\/aysenazin-dogum-gunu-partisi\/","title":{"rendered":"Ay\u015fenaz\u2019\u0131n Do\u011fum G\u00fcn\u00fc Partisi"},"content":{"rendered":"<p>Ay\u015fenaz bug\u00fcn bir ya\u015f daha b\u00fcy\u00fcd\u00fc. Onu ve arkada\u015flar\u0131n\u0131 harika bir do\u011fum g\u00fcn\u00fc partisi bekliyordu.Ay\u015fenaz do\u011fum g\u00fcn\u00fcnde ve sonras\u0131nda ya\u015fad\u0131klar\u0131n\u0131 hi\u00e7 unutmayacakt\u0131 \u2026<\/p>\n","protected":false},"excerpt":{"rendered":"<p>Ay\u015fenaz bug\u00fcn bir ya\u015f daha b\u00fcy\u00fcd\u00fc. Onu ve arkada\u015flar\u0131n\u0131 harika bir do\u011fum g\u00fcn\u00fc partisi bekliyordu.Ay\u015fenaz do\u011fum g\u00fcn\u00fcnde ve sonras\u0131nda ya\u015fad\u0131klar\u0131n\u0131 hi\u00e7 unutmayacakt\u0131 \u2026<\/p>\n","protected":false},"featured_media":0,"template":"","meta":{"_monsterinsights_skip_tracking":false,"_monsterinsights_sitenote_active":false,"_monsterinsights_sitenote_note":"","_monsterinsights_sitenote_category":0},"product_brand":[],"product_cat":[12274,12523],"product_tag":[],"class_list":{"0":"post-707598","1":"product","2":"type-product","3":"status-publish","5":"product_cat-cocuk-ve-genclik-kitaplari","6":"product_cat-masallar","7":"pa_cilt-ciltsiz","8":"pa_tur-kitap","9":"pa_yayinevi-profil-kitap","10":"pa_yazar-kubra-cifci","12":"first","13":"instock","14":"sale","15":"shipping-taxable","16":"purchasable","17":"product-type-simple"},"_links":{"self":[{"href":"https:\/\/roveyayinevi.com.tr\/index.php\/wp-json\/wp\/v2\/product\/707598","targetHints":{"allow":["GET"]}}],"collection":[{"href":"https:\/\/roveyayinevi.com.tr\/index.php\/wp-json\/wp\/v2\/product"}],"about":[{"href":"https:\/\/roveyayinevi.com.tr\/index.php\/wp-json\/wp\/v2\/types\/product"}],"wp:attachment":[{"href":"https:\/\/roveyayinevi.com.tr\/index.php\/wp-json\/wp\/v2\/media?parent=707598"}],"wp:term":[{"taxonomy":"product_brand","embeddable":true,"href":"https:\/\/roveyayinevi.com.tr\/index.php\/wp-json\/wp\/v2\/product_brand?post=707598"},{"taxonomy":"product_cat","embeddable":true,"href":"https:\/\/roveyayinevi.com.tr\/index.php\/wp-json\/wp\/v2\/product_cat?post=707598"},{"taxonomy":"product_tag","embeddable":true,"href":"https:\/\/roveyayinevi.com.tr\/index.php\/wp-json\/wp\/v2\/product_tag?post=707598"}],"curies":[{"name":"wp","href":"https:\/\/api.w.org\/{rel}","templated":true}]}}