{"id":707595,"date":"2025-08-27T16:07:04","date_gmt":"2025-08-27T13:07:04","guid":{"rendered":"https:\/\/roveyayinevi.com.tr\/index.php\/urun\/kokoloji-3\/"},"modified":"2026-04-12T02:19:22","modified_gmt":"2026-04-11T23:19:22","slug":"kokoloji-3","status":"publish","type":"product","link":"https:\/\/roveyayinevi.com.tr\/index.php\/urun\/kokoloji-3\/","title":{"rendered":"Kokoloji 3"},"content":{"rendered":"<p>Yeni oyunlarla kendini ke\u015ffetmeye devam!\u0130lk iki kitapla d\u00fcnyay\u0131 kas\u0131p kavuran Kokoloji\u2019nin yepyeni oyunlar\u0131 \u00fc\u00e7\u00fcnc\u00fc kitapta!\u0130lk kitapta zihninizin gizli b\u00f6l\u00fcm\u00fcnde dola\u015ft\u0131n\u0131z, varl\u0131\u011f\u0131n\u0131 bile unuttu\u011funuz pek \u00e7ok \u015feyle kar\u015f\u0131la\u015ft\u0131n\u0131z. \u0130kinci kitapta bir yandan e\u011flenceye devam ederken bir yandan kendinizi biraz daha ke\u015ffettiniz.Kokoloji 3\u2019te s\u0131n\u0131rlar iyice geni\u015fliyor. Sorulara verdi\u011finiz yan\u0131tlar\u0131n hayat\u0131n\u0131za dair neleri anlatt\u0131\u011f\u0131n\u0131 g\u00f6r\u00fcnce \u015fa\u015fk\u0131nl\u0131\u011f\u0131n\u0131z\u0131 gizleyemeyeceksiniz.A\u015fk, seks, i\u015f, aile ve ili\u015fkilerle ilgili tam 45 oyun. \u0130sterseniz tek ba\u015f\u0131n\u0131za, isterseniz grup halinde oynay\u0131n. Her \u015fekilde kendinizi daha iyi tan\u0131yaca\u011f\u0131n\u0131zdan emin olun!\u201cKokoloji, sohbet ortam\u0131 yaratmay\u0131, ho\u015fg\u00f6r\u00fcy\u00fc artt\u0131rmay\u0131, insan ili\u015fkilerini geli\u015ftirip, derinle\u015ftirmeyi, zihni canland\u0131rmay\u0131 ve hayal g\u00fcc\u00fcn\u00fc harekete ge\u00e7irmeyi ama\u00e7l\u0131yor. Ama daha \u00f6nemlisi, ne \u00e7ok ortak yan\u0131m\u0131z oldu\u011funu ortaya koyarak bize yaln\u0131z olmad\u0131\u011f\u0131m\u0131z\u0131 g\u00f6steriyor.\u201d- Isamu Saito\u201cKokoloji\u2019de akl\u0131n\u0131z ilk gelen \u015feyi s\u00f6ylemek \u00f6nemli. Do\u011fru cevap olmad\u0131\u011f\u0131 gibi yanl\u0131\u015f cevap da yok. Bu y\u00fczden gev\u015feyin ve cevap verin. Kasmay\u0131n yani kendinizi. Grup halinde oynamak, yaln\u0131z oynamaktan daha e\u011flenceli. Topla\u015f\u0131n, bir araya gelin. Bir de d\u00fcr\u00fcst olun. Kim tutar art\u0131k sizi&#8230;\u201d\u2013 Ay\u015fe Arman, H\u00fcrriyet Gazetesi<\/p>\n","protected":false},"excerpt":{"rendered":"<p>Yeni oyunlarla kendini ke\u015ffetmeye devam!\u0130lk iki kitapla d\u00fcnyay\u0131 kas\u0131p kavuran Kokoloji\u2019nin yepyeni oyunlar\u0131 \u00fc\u00e7\u00fcnc\u00fc kitapta!\u0130lk kitapta zihninizin gizli b\u00f6l\u00fcm\u00fcnde dola\u015ft\u0131n\u0131z, varl\u0131\u011f\u0131n\u0131 bile unuttu\u011funuz pek \u00e7ok \u015feyle<span class=\"excerpt-hellip\"> [\u2026]<\/span><\/p>\n","protected":false},"featured_media":0,"template":"","meta":{"_monsterinsights_skip_tracking":false,"_monsterinsights_sitenote_active":false,"_monsterinsights_sitenote_note":"","_monsterinsights_sitenote_category":0},"product_brand":[],"product_cat":[12364,12376],"product_tag":[],"class_list":{"0":"post-707595","1":"product","2":"type-product","3":"status-publish","5":"product_cat-genel-konular","6":"product_cat-kisisel-gelisim","7":"pa_cilt-ciltsiz","8":"pa_tur-kitap","9":"pa_yayinevi-okuyan-us-yayin","10":"pa_yazar-tadahiko-nagao","12":"first","13":"instock","14":"sale","15":"shipping-taxable","16":"purchasable","17":"product-type-simple"},"_links":{"self":[{"href":"https:\/\/roveyayinevi.com.tr\/index.php\/wp-json\/wp\/v2\/product\/707595","targetHints":{"allow":["GET"]}}],"collection":[{"href":"https:\/\/roveyayinevi.com.tr\/index.php\/wp-json\/wp\/v2\/product"}],"about":[{"href":"https:\/\/roveyayinevi.com.tr\/index.php\/wp-json\/wp\/v2\/types\/product"}],"wp:attachment":[{"href":"https:\/\/roveyayinevi.com.tr\/index.php\/wp-json\/wp\/v2\/media?parent=707595"}],"wp:term":[{"taxonomy":"product_brand","embeddable":true,"href":"https:\/\/roveyayinevi.com.tr\/index.php\/wp-json\/wp\/v2\/product_brand?post=707595"},{"taxonomy":"product_cat","embeddable":true,"href":"https:\/\/roveyayinevi.com.tr\/index.php\/wp-json\/wp\/v2\/product_cat?post=707595"},{"taxonomy":"product_tag","embeddable":true,"href":"https:\/\/roveyayinevi.com.tr\/index.php\/wp-json\/wp\/v2\/product_tag?post=707595"}],"curies":[{"name":"wp","href":"https:\/\/api.w.org\/{rel}","templated":true}]}}