{"id":707592,"date":"2025-08-27T16:07:02","date_gmt":"2025-08-27T13:07:02","guid":{"rendered":"https:\/\/roveyayinevi.com.tr\/index.php\/urun\/eflatun-huzunler\/"},"modified":"2026-04-13T02:20:43","modified_gmt":"2026-04-12T23:20:43","slug":"eflatun-huzunler","status":"publish","type":"product","link":"https:\/\/roveyayinevi.com.tr\/index.php\/urun\/eflatun-huzunler\/","title":{"rendered":"Eflatun H\u00fcz\u00fcnler"},"content":{"rendered":"<p>Ay\u015fe \u0130lker her ne kadar akademisyen kimli\u011fiyle tan\u0131nsa da asl\u0131nda 1970&#8217;li y\u0131llardan beri Ana, T\u00f6re, Divan, Do\u011fu\u015f ve Kanat gibi dergilerde pek \u00e7ok hik\u00e2yesi yay\u0131mland\u0131. 1986&#8217;ya kadar yazd\u0131\u011f\u0131 hik\u00e2yeleri K\u00fclt\u00fcr Bakanl\u0131\u011f\u0131 Gen\u00e7lik Dizisi i\u00e7inde \u201cBir Ba\u015fka Sevda\u201d ad\u0131yla yay\u0131mland\u0131. K\u00fclt\u00fcr Bakanl\u0131\u011f\u0131&#8217;n\u0131n bir projesi olarak yurt d\u0131\u015f\u0131ndaki T\u00fcrk i\u015f\u00e7ilerinin \u00e7ocuklar\u0131na y\u00f6nelik haz\u0131rlanan hik\u00e2ye dizisinde \u201cT\u00fcrk Misafirperverli\u011fi\u201d (Turkish Hospitality) kitab\u0131n\u0131 yazd\u0131 ve bu hik\u00e2yeler \u0130ngilizce terc\u00fcmesiyle bas\u0131ld\u0131. Daha sonra, bilimsel \u00e7al\u0131\u015fmalar\u0131n\u0131 ve On \u0130ki Eyl\u00fcl&#8217;\u00fc konu edindi\u011fi baz\u0131 deneme ve hik\u00e2yeleri T\u00f6re, Berceste ve Karde\u015f Kalemler gibi dergilerde yay\u0131mland\u0131. Eflatun H\u00fcz\u00fcnler ba\u015fl\u0131\u011f\u0131 alt\u0131nda toplad\u0131\u011f\u0131 yirmi bir hik\u00e2yesinde Ay\u015fe \u0130lker, T\u00fcrk\u00e7eyi ne kadar duru ve ne kadar latif bir \u015fekilde kulland\u0131\u011f\u0131n\u0131 insanl\u0131k h\u00e2lleri \u00fczerinden okuyucular\u0131na g\u00f6steriyor. \u201cH\u00fclya, mektubun devam\u0131n\u0131 okuyamad\u0131. \u0130\u00e7inde tortop olan ac\u0131lar, bir h\u0131\u00e7k\u0131r\u0131kla f\u0131rlad\u0131 d\u0131\u015far\u0131. G\u00f6zya\u015flar\u0131 mektubun \u00fczerine d\u00fc\u015ft\u00fc. Efl\u00e2tun h\u00fcz\u00fcnl\u00fc kad\u0131n, Melek, kokular, deri \u00e7antalar, parlak k\u0131yafetler, to*puz sa\u00e7lar\u2026 Hepsi birbirine kar\u0131\u015f\u0131p, mektubun \u00fczerine kapkara bir g\u00f6r\u00fcnt\u00fc olarak oturdu. Sa\u00e7lar\u0131nda uzak akraba kad\u0131n\u0131n g\u00f6zya\u015flar\u0131n\u0131, s\u0131cak nefesini hissetti. G\u00fcl\u00fcmseyen bir k\u0131z resmi \u201cBu benim Mele\u011fim\u201d sesiyle kara g\u00f6r\u00fcnt\u00fcy\u00fc yerinden kald\u0131rd\u0131.\u201d<\/p>\n","protected":false},"excerpt":{"rendered":"<p>Ay\u015fe \u0130lker her ne kadar akademisyen kimli\u011fiyle tan\u0131nsa da asl\u0131nda 1970&#8217;li y\u0131llardan beri Ana, T\u00f6re, Divan, Do\u011fu\u015f ve Kanat gibi dergilerde pek \u00e7ok hik\u00e2yesi yay\u0131mland\u0131. 1986&#8217;ya<span class=\"excerpt-hellip\"> [\u2026]<\/span><\/p>\n","protected":false},"featured_media":0,"template":"","meta":{"_monsterinsights_skip_tracking":false,"_monsterinsights_sitenote_active":false,"_monsterinsights_sitenote_note":"","_monsterinsights_sitenote_category":0},"product_brand":[],"product_cat":[12291,12711],"product_tag":[],"class_list":{"0":"post-707592","1":"product","2":"type-product","3":"status-publish","5":"product_cat-edebiyat","6":"product_cat-roman-oyku","7":"pa_cilt-ciltsiz","8":"pa_tur-kitap","9":"pa_yayinevi-otuken-nesriyat","10":"pa_yazar-ayse-ilker","12":"first","13":"instock","14":"sale","15":"shipping-taxable","16":"purchasable","17":"product-type-simple"},"_links":{"self":[{"href":"https:\/\/roveyayinevi.com.tr\/index.php\/wp-json\/wp\/v2\/product\/707592","targetHints":{"allow":["GET"]}}],"collection":[{"href":"https:\/\/roveyayinevi.com.tr\/index.php\/wp-json\/wp\/v2\/product"}],"about":[{"href":"https:\/\/roveyayinevi.com.tr\/index.php\/wp-json\/wp\/v2\/types\/product"}],"wp:attachment":[{"href":"https:\/\/roveyayinevi.com.tr\/index.php\/wp-json\/wp\/v2\/media?parent=707592"}],"wp:term":[{"taxonomy":"product_brand","embeddable":true,"href":"https:\/\/roveyayinevi.com.tr\/index.php\/wp-json\/wp\/v2\/product_brand?post=707592"},{"taxonomy":"product_cat","embeddable":true,"href":"https:\/\/roveyayinevi.com.tr\/index.php\/wp-json\/wp\/v2\/product_cat?post=707592"},{"taxonomy":"product_tag","embeddable":true,"href":"https:\/\/roveyayinevi.com.tr\/index.php\/wp-json\/wp\/v2\/product_tag?post=707592"}],"curies":[{"name":"wp","href":"https:\/\/api.w.org\/{rel}","templated":true}]}}