{"id":707590,"date":"2025-08-27T16:07:01","date_gmt":"2025-08-27T13:07:01","guid":{"rendered":"https:\/\/roveyayinevi.com.tr\/index.php\/urun\/gul-ve-ben\/"},"modified":"2026-04-16T02:16:19","modified_gmt":"2026-04-15T23:16:19","slug":"gul-ve-ben","status":"publish","type":"product","link":"https:\/\/roveyayinevi.com.tr\/index.php\/urun\/gul-ve-ben\/","title":{"rendered":"G\u00fcl ve Ben"},"content":{"rendered":"<p>Kan ve g\u00f6zya\u015flar\u0131yla beslenen \u00e7a\u011f\u0131m\u0131zda, \u015ferha \u015ferha \u00e7atlam\u0131\u015f \u00e7orak topraklar\u0131m\u0131za bir rahmet gibi Ya\u011fmur d\u00fc\u015ft\u00fc \u00f6nce&#8230;Ve \u00e7i\u00e7eklerin ad\u0131n\u0131 unuttu\u011fumuz bir zamanda G\u00fcl ve Ben geldi&#8230;Renksiz kokusuz naylon \u00e7i\u00e7eklere g\u00fcl ad\u0131n\u0131 koydu\u011fumuz bir zamanda, b\u00fclb\u00fcllerin sustu\u011fu, g\u00fclzar\u0131n tar\u00fbmar oldu\u011fu bir zamanda. Ya\u011fmur&#8217;la y\u0131kanm\u0131\u015f topraklar\u0131m\u0131za g\u00fcl dikmeye geldi Nurullah Gen\u00e7&#8230;Ve g\u00f6rd\u00fck ki, G\u00fcl, Ya\u011fmur un bir sonraki ad\u0131d\u0131r&#8230;G\u00fcl sesleri geliyor; her yer dua ve niyazA\u00e7t\u0131 g\u00f6k kap\u0131s\u0131n\u0131 yerde \u00e7i\u011f taneleriAd\u0131mlar\u0131 par\u0131lt\u0131, al\u0131nlar\u0131 bembeyazDa\u011f\u0131l\u0131yor evrene g\u00fcl\u00fcn mestaneleriSen ki, en b\u00fcy\u00fck G\u00fcl&#8217;s\u00fcn, en \u00e7ok g\u00fcl\u00fc seversinS\u00f6yle bah\u00e7\u0131van\u0131na, bir g\u00fcl de bana versin<\/p>\n","protected":false},"excerpt":{"rendered":"<p>Kan ve g\u00f6zya\u015flar\u0131yla beslenen \u00e7a\u011f\u0131m\u0131zda, \u015ferha \u015ferha \u00e7atlam\u0131\u015f \u00e7orak topraklar\u0131m\u0131za bir rahmet gibi Ya\u011fmur d\u00fc\u015ft\u00fc \u00f6nce&#8230;Ve \u00e7i\u00e7eklerin ad\u0131n\u0131 unuttu\u011fumuz bir zamanda G\u00fcl ve Ben geldi&#8230;Renksiz kokusuz<span class=\"excerpt-hellip\"> [\u2026]<\/span><\/p>\n","protected":false},"featured_media":0,"template":"","meta":{"_monsterinsights_skip_tracking":false,"_monsterinsights_sitenote_active":false,"_monsterinsights_sitenote_note":"","_monsterinsights_sitenote_category":0},"product_brand":[],"product_cat":[12291,12509],"product_tag":[],"class_list":{"0":"post-707590","1":"product","2":"type-product","3":"status-publish","5":"product_cat-edebiyat","6":"product_cat-siir","7":"pa_cilt-ciltsiz","8":"pa_tur-kitap","9":"pa_yayinevi-timas-yayinlari","10":"pa_yazar-nurullah-genc","12":"first","13":"instock","14":"sale","15":"shipping-taxable","16":"purchasable","17":"product-type-simple"},"_links":{"self":[{"href":"https:\/\/roveyayinevi.com.tr\/index.php\/wp-json\/wp\/v2\/product\/707590","targetHints":{"allow":["GET"]}}],"collection":[{"href":"https:\/\/roveyayinevi.com.tr\/index.php\/wp-json\/wp\/v2\/product"}],"about":[{"href":"https:\/\/roveyayinevi.com.tr\/index.php\/wp-json\/wp\/v2\/types\/product"}],"wp:attachment":[{"href":"https:\/\/roveyayinevi.com.tr\/index.php\/wp-json\/wp\/v2\/media?parent=707590"}],"wp:term":[{"taxonomy":"product_brand","embeddable":true,"href":"https:\/\/roveyayinevi.com.tr\/index.php\/wp-json\/wp\/v2\/product_brand?post=707590"},{"taxonomy":"product_cat","embeddable":true,"href":"https:\/\/roveyayinevi.com.tr\/index.php\/wp-json\/wp\/v2\/product_cat?post=707590"},{"taxonomy":"product_tag","embeddable":true,"href":"https:\/\/roveyayinevi.com.tr\/index.php\/wp-json\/wp\/v2\/product_tag?post=707590"}],"curies":[{"name":"wp","href":"https:\/\/api.w.org\/{rel}","templated":true}]}}