{"id":707589,"date":"2025-08-27T16:07:01","date_gmt":"2025-08-27T13:07:01","guid":{"rendered":"https:\/\/roveyayinevi.com.tr\/index.php\/urun\/kayip-islam-tarihi\/"},"modified":"2026-04-16T02:16:19","modified_gmt":"2026-04-15T23:16:19","slug":"kayip-islam-tarihi","status":"publish","type":"product","link":"https:\/\/roveyayinevi.com.tr\/index.php\/urun\/kayip-islam-tarihi\/","title":{"rendered":"Kay\u0131p \u0130slam Tarihi"},"content":{"rendered":"<p>\u0130slam medeniyeti, Arabistan\u2019\u0131n kurak \u00e7\u00f6llerinden meteor h\u0131z\u0131yla y\u00fckseldikten sonra Hindistan\u2019dan \u0130spanya\u2019ya kadar uzanan geni\u015f bir co\u011frafyada bir\u00e7ok farkl\u0131 k\u00fclt\u00fcr, din ve entelekt\u00fcel gelene\u011fi i\u00e7erisine ald\u0131. Bunun sonucunda, yaln\u0131z Antik \u00c7a\u011f ile R\u00f6nesans Avrupas\u0131 aras\u0131ndaki bilgi k\u00f6pr\u00fcs\u00fcn\u00fc de\u011fil, ayn\u0131 zamanda g\u00fcn\u00fcm\u00fczdeki modern bilim d\u00fcnyas\u0131n\u0131n temelini de olu\u015fturan bir \u201cAlt\u0131n \u00c7a\u011f\u201d ortaya \u00e7\u0131kt\u0131.H\u00fck\u00fcmdarlar, devlet adamlar\u0131 ve askerlerin yan\u0131 s\u0131ra M\u00fcsl\u00fcman d\u00fc\u015f\u00fcn\u00fcrler, ilim ve din adamlar\u0131 da faaliyetleriyle bu geli\u015fime katk\u0131 sundular.   Kay\u0131p \u0130slam Tarihi\u2019nde, matematik ba\u015fta olmak \u00fczere astronomi, co\u011frafya, t\u0131p ve fizi\u011fe yapt\u0131\u011f\u0131 muazzam katk\u0131larla isimleri haf\u0131zalara kaz\u0131nmas\u0131 gereken el-Harezmi, \u0130bn Haldun, \u00d6mer Hayyam, Biruni, \u0130bn Sina, el-Gazzali, \u0130bn\u00fc\u2019l-Heysem, Piri Reis, Mimar Sinan gibi alimlere hak ettikleri de\u011fer veriliyor&#8230;   End\u00fcl\u00fcs, Bat\u0131 Afrika\u2019n\u0131n Savana emirlikleri, Bab\u00fcrl\u00fcler gibi yok olan medeniyetlerin yan\u0131 s\u0131ra Abbasiler, Sel\u00e7uklular ve Osmanl\u0131lar gibi \u00e7a\u011flara damgas\u0131n\u0131 vuran hanedanlar\u0131n da bilinmeyen y\u00f6nleri anlat\u0131l\u0131yor\u2026 M\u00fcsl\u00fcman ya da gayrim\u00fcslim, en me\u015fhur ara\u015ft\u0131rmac\u0131lar\u0131n d\u00fcnyan\u0131n her taraf\u0131ndan ak\u0131n ettikleri ilim merkezleri; Ba\u011fdat, \u015eam, Kurtuba, Kahire, Buhara, \u0130skenderiye, Delhi, \u0130stanbul gibi kadim \u015fehirler inceleniyor\u2026   Lost Islamic History web sitesiyle milyonlarca okura ula\u015fan Firas Alkhateeb taraf\u0131ndan kaleme al\u0131nan bu kitap, \u0130slam tarihinin b\u00fct\u00fcnc\u00fcl bir \u015fekilde ele al\u0131n\u0131p de\u011ferlendirilmesi hedefine y\u00f6nelik \u00e7ok \u00f6nemli bir \u00e7al\u0131\u015fma. Hz. Muhammed ile ba\u015flayan ve halen devam etmekte olan \u0130slam tarihini (iyi ve k\u00f6t\u00fc g\u00fcnleriyle birlikte) canl\u0131 bir \u00e7izgi halinde sunan eser, a\u00e7\u0131k ve anla\u015f\u0131l\u0131r \u00fcslubu, siyasetten bilimsel \u00e7al\u0131\u015fmalara kadar b\u00fct\u00fcn \u00f6nemli te\u015febb\u00fcsleri bir arada de\u011ferlendirme e\u011filimi ve herkese hitap eden yakla\u015f\u0131m\u0131yla okurlara \u201cKay\u0131p \u0130slam Tarihi&#8217;ni ke\u015ffetme duygusu ya\u015fatacak.<\/p>\n","protected":false},"excerpt":{"rendered":"<p>\u0130slam medeniyeti, Arabistan\u2019\u0131n kurak \u00e7\u00f6llerinden meteor h\u0131z\u0131yla y\u00fckseldikten sonra Hindistan\u2019dan \u0130spanya\u2019ya kadar uzanan geni\u015f bir co\u011frafyada bir\u00e7ok farkl\u0131 k\u00fclt\u00fcr, din ve entelekt\u00fcel gelene\u011fi i\u00e7erisine ald\u0131. Bunun<span class=\"excerpt-hellip\"> [\u2026]<\/span><\/p>\n","protected":false},"featured_media":0,"template":"","meta":{"_monsterinsights_skip_tracking":false,"_monsterinsights_sitenote_active":false,"_monsterinsights_sitenote_note":"","_monsterinsights_sitenote_category":0},"product_brand":[],"product_cat":[12718,16794],"product_tag":[],"class_list":{"0":"post-707589","1":"product","2":"type-product","3":"status-publish","5":"product_cat-din","6":"product_cat-dinler-tarihi","7":"pa_tur-kitap","8":"pa_yayinevi-timas-yayinlari","9":"pa_yazar-firas-alkhateeb","11":"first","12":"instock","13":"sale","14":"shipping-taxable","15":"purchasable","16":"product-type-simple"},"_links":{"self":[{"href":"https:\/\/roveyayinevi.com.tr\/index.php\/wp-json\/wp\/v2\/product\/707589","targetHints":{"allow":["GET"]}}],"collection":[{"href":"https:\/\/roveyayinevi.com.tr\/index.php\/wp-json\/wp\/v2\/product"}],"about":[{"href":"https:\/\/roveyayinevi.com.tr\/index.php\/wp-json\/wp\/v2\/types\/product"}],"wp:attachment":[{"href":"https:\/\/roveyayinevi.com.tr\/index.php\/wp-json\/wp\/v2\/media?parent=707589"}],"wp:term":[{"taxonomy":"product_brand","embeddable":true,"href":"https:\/\/roveyayinevi.com.tr\/index.php\/wp-json\/wp\/v2\/product_brand?post=707589"},{"taxonomy":"product_cat","embeddable":true,"href":"https:\/\/roveyayinevi.com.tr\/index.php\/wp-json\/wp\/v2\/product_cat?post=707589"},{"taxonomy":"product_tag","embeddable":true,"href":"https:\/\/roveyayinevi.com.tr\/index.php\/wp-json\/wp\/v2\/product_tag?post=707589"}],"curies":[{"name":"wp","href":"https:\/\/api.w.org\/{rel}","templated":true}]}}