{"id":707587,"date":"2025-08-27T16:07:00","date_gmt":"2025-08-27T13:07:00","guid":{"rendered":"https:\/\/roveyayinevi.com.tr\/index.php\/urun\/yuregini-haramdan-sakin\/"},"modified":"2025-11-22T04:00:30","modified_gmt":"2025-11-22T01:00:30","slug":"yuregini-haramdan-sakin","status":"publish","type":"product","link":"https:\/\/roveyayinevi.com.tr\/index.php\/urun\/yuregini-haramdan-sakin\/","title":{"rendered":"Y\u00fcre\u011fini Haramdan Sak\u0131n"},"content":{"rendered":"<p>Sak\u0131n\u0131lan bir bak\u0131\u015fla ba\u015flayan G\u00f6zlerini Haramdan Sak\u0131n yolculu\u011funun okyanusvari r\u00fczgar\u0131 Y\u00fcre\u011fini Haramdan Sak\u0131n\u2019la esmeye devam ediyor\u2026Art\u0131k buradayd\u0131 Bet\u00fcl, ula\u015f\u0131lmaz dedi\u011fi adam\u0131n o \u00e7etin s\u0131n\u0131rlar\u0131n\u0131n hemen dibinde&#8230; Yak\u0131n\u0131ndayken daha sert esen \u00d6mer\u2019in r\u00fczgar\u0131 art\u0131k Bet\u00fcl\u2019\u00fc daha fazla sars\u0131yor fakat o huzurlu serinli\u011fi de daha \u00f6zel hissettiriyordu. Aralar\u0131ndaki onca mesafeden geriye kalan s\u0131n\u0131rlar\u0131 a\u015fman\u0131n neler getirece\u011finden ikisi de habersizdi. Fakat bir ger\u00e7ek vard\u0131; art\u0131k o r\u00fczg\u00e2rda savrulan yaln\u0131zca Bet\u00fcl olmayacak, \u00d6mer de kendi r\u00fczg\u00e2r\u0131n\u0131n tad\u0131na bakacakt\u0131.Tehlike yakla\u015fmaya, silahlar patlamaya ve g\u00fcne\u015f de umursamazca par\u0131ldamaya devam ediyordu.\u201cG\u00f6zlerini a\u00e7\u0131p bana d\u00f6nd\u00fc\u011f\u00fcnde montumu tutup beni kendine \u00e7ekti ve ba\u015f\u0131m\u0131 g\u00f6\u011fs\u00fcne yaslad\u0131. Kahkahalar\u0131m karn\u0131m\u0131 a\u011fr\u0131tacak boyuta ula\u015ft\u0131\u011f\u0131nda y\u00fcz\u00fcm\u00fc kaza\u011f\u0131na do\u011fru \u00e7evirdim. Kaza\u011f\u0131 g\u00f6zya\u015flar\u0131mla \u0131slan\u0131yordu. Zor \u00e7\u0131kan sesimle, &#8220;\u015e\u00fck\u00fcr&#8230;&#8221; dedim. \u00d6ylesine de\u011fildi, t\u00fcm samimiyetimle s\u00f6ylemi\u015ftim; \u015fu an i\u00e7in denilebilecek en g\u00fczel kelimenin bu oldu\u011funu hissetti\u011fim i\u00e7in&#8230;\u00d6mer \u00f6nce g\u00fcld\u00fc ve ba\u015f\u0131m g\u00f6\u011fs\u00fcyle birlikte birka\u00e7 kez kalk\u0131p indi. Sonra da omzumu biraz daha kendine bast\u0131r\u0131p derin bir nefes ald\u0131 ve, &#8220;\u015e\u00fck\u00fcr&#8230;&#8221; dedi; benim gibi\u2026\u201d<\/p>\n","protected":false},"excerpt":{"rendered":"<p>Sak\u0131n\u0131lan bir bak\u0131\u015fla ba\u015flayan G\u00f6zlerini Haramdan Sak\u0131n yolculu\u011funun okyanusvari r\u00fczgar\u0131 Y\u00fcre\u011fini Haramdan Sak\u0131n\u2019la esmeye devam ediyor\u2026Art\u0131k buradayd\u0131 Bet\u00fcl, ula\u015f\u0131lmaz dedi\u011fi adam\u0131n o \u00e7etin s\u0131n\u0131rlar\u0131n\u0131n hemen dibinde&#8230;<span class=\"excerpt-hellip\"> [\u2026]<\/span><\/p>\n","protected":false},"featured_media":0,"template":"","meta":{"_monsterinsights_skip_tracking":false,"_monsterinsights_sitenote_active":false,"_monsterinsights_sitenote_note":"","_monsterinsights_sitenote_category":0},"product_brand":[],"product_cat":[12718,18102,12719],"product_tag":[],"class_list":{"0":"post-707587","1":"product","2":"type-product","3":"status-publish","5":"product_cat-din","6":"product_cat-edebiyat-roman","7":"product_cat-islam","8":"pa_cilt-ciltsiz","9":"pa_tur-kitap","10":"pa_yayinevi-portakal-kitap","11":"pa_yazar-merve-ozcan","13":"first","14":"instock","15":"sale","16":"shipping-taxable","17":"purchasable","18":"product-type-simple"},"_links":{"self":[{"href":"https:\/\/roveyayinevi.com.tr\/index.php\/wp-json\/wp\/v2\/product\/707587","targetHints":{"allow":["GET"]}}],"collection":[{"href":"https:\/\/roveyayinevi.com.tr\/index.php\/wp-json\/wp\/v2\/product"}],"about":[{"href":"https:\/\/roveyayinevi.com.tr\/index.php\/wp-json\/wp\/v2\/types\/product"}],"wp:attachment":[{"href":"https:\/\/roveyayinevi.com.tr\/index.php\/wp-json\/wp\/v2\/media?parent=707587"}],"wp:term":[{"taxonomy":"product_brand","embeddable":true,"href":"https:\/\/roveyayinevi.com.tr\/index.php\/wp-json\/wp\/v2\/product_brand?post=707587"},{"taxonomy":"product_cat","embeddable":true,"href":"https:\/\/roveyayinevi.com.tr\/index.php\/wp-json\/wp\/v2\/product_cat?post=707587"},{"taxonomy":"product_tag","embeddable":true,"href":"https:\/\/roveyayinevi.com.tr\/index.php\/wp-json\/wp\/v2\/product_tag?post=707587"}],"curies":[{"name":"wp","href":"https:\/\/api.w.org\/{rel}","templated":true}]}}