{"id":707583,"date":"2025-08-27T16:06:58","date_gmt":"2025-08-27T13:06:58","guid":{"rendered":"https:\/\/roveyayinevi.com.tr\/index.php\/urun\/cennette-uzun-bir-kis\/"},"modified":"2026-04-16T02:16:19","modified_gmt":"2026-04-15T23:16:19","slug":"cennette-uzun-bir-kis","status":"publish","type":"product","link":"https:\/\/roveyayinevi.com.tr\/index.php\/urun\/cennette-uzun-bir-kis\/","title":{"rendered":"Cennette Uzun Bir K\u0131\u015f"},"content":{"rendered":"<p>Zengin ve tahsilli bir ailenin, yurtd\u0131\u015f\u0131nda okumu\u015f, iki dil bilen, parlak, \u201cba\u015far\u0131l\u0131\u201d ve hi\u00e7bir i\u015fte tutunamayan k\u0131z\u0131&#8230;Delice planlar\u0131n\u0131 hayata ge\u00e7irmeden \u00f6nce ge\u00e7mi\u015finden getirdi\u011fi o karanl\u0131k lekeyle y\u00fczle\u015fmeyi ba\u015farabilecek mi?Babas\u0131n\u0131n bitmek bilmeyen dayaklar\u0131 ve annesinin &#8220;Her \u015feyi sizin i\u00e7in yapt\u0131m ve bak\u0131n \u015fimdi ne haldeyim&#8221;leri aras\u0131nda b\u00fcy\u00fcm\u00fc\u015f, fakir semtin silik, \u00e7ekingen, uslu delikanl\u0131s\u0131&#8230;\u00d6n\u00fcne gelen kurtulu\u015f f\u0131rsat\u0131n\u0131 kullanabilecek mi, yoksa kimi zaman neredeyse bilgeli\u011fe varan s\u00fcnepeli\u011finin girdab\u0131nda bo\u011fulup gidecek mi?Mahallelinin g\u00f6zdesi, delikanl\u0131lar\u0131n &#8220;namusu&#8221;, ailesine ve k\u00f6klerine kar\u015f\u0131 duydu\u011fu korkun\u00e7 tiksintiyle &#8220;\u00e7\u0131kt\u0131\u011f\u0131 kabu\u011fu be\u011fenmeyen&#8221; gen\u00e7 bir hem\u015fire&#8230;Oldu\u011fu her \u015feyden s\u0131yr\u0131lmak i\u00e7in kendini b\u0131rakt\u0131\u011f\u0131 su\u00e7 dolu ve f\u0131rt\u0131nal\u0131 hayatta ka\u00e7 ki\u015finin ba\u015f\u0131n\u0131 yakacak?&#8230; ve varl\u0131\u011f\u0131, a\u015fk\u0131, tutkusu ve bunlar\u0131n tamam\u0131ndan b\u00fcy\u00fck s\u0131rr\u0131yla t\u00fcm denklemleri alt\u00fcst eden gizemli bir adam&#8230;Bar\u0131\u015f Tuna\u2019n\u0131n kuvvetli dili, heyecan verici tasvirleri ve her etapta \u015fa\u015f\u0131rtmay\u0131 ba\u015faran kurgusuyla Cennette Uzun Bir K\u0131\u015f son d\u00f6nemin en ba\u015far\u0131l\u0131 romanlar\u0131ndan biri olmaya aday.A\u015fk, geleneksel aile yap\u0131s\u0131, din-mezhep ayr\u0131\u015fmalar\u0131, sosyal s\u0131n\u0131f problemleri, kapal\u0131 kap\u0131lar ard\u0131nda ya\u015fanan cinsel tacizin sonu\u00e7lar\u0131n\u0131n hayata yans\u0131mas\u0131 bu s\u00fcr\u00fckleyici hikayede bir araya geliyor.<\/p>\n","protected":false},"excerpt":{"rendered":"<p>Zengin ve tahsilli bir ailenin, yurtd\u0131\u015f\u0131nda okumu\u015f, iki dil bilen, parlak, \u201cba\u015far\u0131l\u0131\u201d ve hi\u00e7bir i\u015fte tutunamayan k\u0131z\u0131&#8230;Delice planlar\u0131n\u0131 hayata ge\u00e7irmeden \u00f6nce ge\u00e7mi\u015finden getirdi\u011fi o karanl\u0131k lekeyle<span class=\"excerpt-hellip\"> [\u2026]<\/span><\/p>\n","protected":false},"featured_media":0,"template":"","meta":{"_monsterinsights_skip_tracking":false,"_monsterinsights_sitenote_active":false,"_monsterinsights_sitenote_note":"","_monsterinsights_sitenote_category":0},"product_brand":[],"product_cat":[12291,12292],"product_tag":[],"class_list":{"0":"post-707583","1":"product","2":"type-product","3":"status-publish","5":"product_cat-edebiyat","6":"product_cat-turk-edebiyati","7":"pa_cilt-ciltsiz","8":"pa_tur-kitap","9":"pa_yayinevi-okuyan-us-yayin","10":"pa_yazar-baris-tuna","12":"first","13":"instock","14":"sale","15":"shipping-taxable","16":"purchasable","17":"product-type-simple"},"_links":{"self":[{"href":"https:\/\/roveyayinevi.com.tr\/index.php\/wp-json\/wp\/v2\/product\/707583","targetHints":{"allow":["GET"]}}],"collection":[{"href":"https:\/\/roveyayinevi.com.tr\/index.php\/wp-json\/wp\/v2\/product"}],"about":[{"href":"https:\/\/roveyayinevi.com.tr\/index.php\/wp-json\/wp\/v2\/types\/product"}],"wp:attachment":[{"href":"https:\/\/roveyayinevi.com.tr\/index.php\/wp-json\/wp\/v2\/media?parent=707583"}],"wp:term":[{"taxonomy":"product_brand","embeddable":true,"href":"https:\/\/roveyayinevi.com.tr\/index.php\/wp-json\/wp\/v2\/product_brand?post=707583"},{"taxonomy":"product_cat","embeddable":true,"href":"https:\/\/roveyayinevi.com.tr\/index.php\/wp-json\/wp\/v2\/product_cat?post=707583"},{"taxonomy":"product_tag","embeddable":true,"href":"https:\/\/roveyayinevi.com.tr\/index.php\/wp-json\/wp\/v2\/product_tag?post=707583"}],"curies":[{"name":"wp","href":"https:\/\/api.w.org\/{rel}","templated":true}]}}