{"id":707576,"date":"2025-08-27T16:06:55","date_gmt":"2025-08-27T13:06:55","guid":{"rendered":"https:\/\/roveyayinevi.com.tr\/index.php\/urun\/cocuk-psikolojisi-2\/"},"modified":"2026-04-16T02:16:19","modified_gmt":"2026-04-15T23:16:19","slug":"cocuk-psikolojisi-2","status":"publish","type":"product","link":"https:\/\/roveyayinevi.com.tr\/index.php\/urun\/cocuk-psikolojisi-2\/","title":{"rendered":"\u00c7ocuk Psikolojisi"},"content":{"rendered":"<p>\u0130svi\u00e7reli psikolog Jean Piaget, psikoloji alan\u0131na derin katk\u0131lar yapm\u0131\u015ft\u0131r. Bili\u015fsel geli\u015fim u\u0308zerine yu\u0308ru\u0308ttu\u0308g\u0306u\u0308 ara\u015ft\u0131rmalar\u0131 ve u\u0308rettig\u0306i teorileri \u00e7ocuk psikolojisini \u00e7ok farkl\u0131 yo\u0308nlere ta\u015f\u0131m\u0131\u015ft\u0131r. \u00c7al\u0131\u015fmalar\u0131 dig\u0306er psikologlar i\u00e7in ilham kaynag\u0306\u0131 olmu\u015f, du\u0308\u015fu\u0308nceleri u\u0308zerine bir\u00e7ok kitap ve makale yaz\u0131lm\u0131\u015ft\u0131r. Eserlerinin etkisi ku\u0308ltu\u0308ru\u0308n dig\u0306er alanlar\u0131n\u0131 da sarm\u0131\u015ft\u0131r. Piaget\u2019nin yakla\u015f\u0131k 40 y\u0131l\u0131n\u0131 verdig\u0306i geli\u015fim psikolojisi ara\u015ft\u0131rmalar\u0131 bu kitapta kendisi ve sad\u0131k asistan\u0131 Ba\u0308rbel Inhelder taraf\u0131ndan a\u00e7\u0131k bir \u015fekilde sunulur. Bu sentez \u00e7al\u0131\u015fma, \u00e7ocug\u0306un bili\u015fsel geli\u015fiminin her evresine \u0131\u015f\u0131k tutar.<\/p>\n","protected":false},"excerpt":{"rendered":"<p>\u0130svi\u00e7reli psikolog Jean Piaget, psikoloji alan\u0131na derin katk\u0131lar yapm\u0131\u015ft\u0131r. Bili\u015fsel geli\u015fim u\u0308zerine yu\u0308ru\u0308ttu\u0308g\u0306u\u0308 ara\u015ft\u0131rmalar\u0131 ve u\u0308rettig\u0306i teorileri \u00e7ocuk psikolojisini \u00e7ok farkl\u0131 yo\u0308nlere ta\u015f\u0131m\u0131\u015ft\u0131r. \u00c7al\u0131\u015fmalar\u0131 dig\u0306er psikologlar<span class=\"excerpt-hellip\"> [\u2026]<\/span><\/p>\n","protected":false},"featured_media":0,"template":"","meta":{"_monsterinsights_skip_tracking":false,"_monsterinsights_sitenote_active":false,"_monsterinsights_sitenote_note":"","_monsterinsights_sitenote_category":0},"product_brand":[],"product_cat":[12679,12357],"product_tag":[],"class_list":{"0":"post-707576","1":"product","2":"type-product","3":"status-publish","5":"product_cat-cocuk-psikolojisi","6":"product_cat-psikoloji","7":"pa_cilt-ciltsiz","8":"pa_tur-kitap","9":"pa_yayinevi-pinhan-yayincilik","10":"pa_yazar-jean-piaget","12":"first","13":"instock","14":"sale","15":"shipping-taxable","16":"purchasable","17":"product-type-simple"},"_links":{"self":[{"href":"https:\/\/roveyayinevi.com.tr\/index.php\/wp-json\/wp\/v2\/product\/707576","targetHints":{"allow":["GET"]}}],"collection":[{"href":"https:\/\/roveyayinevi.com.tr\/index.php\/wp-json\/wp\/v2\/product"}],"about":[{"href":"https:\/\/roveyayinevi.com.tr\/index.php\/wp-json\/wp\/v2\/types\/product"}],"wp:attachment":[{"href":"https:\/\/roveyayinevi.com.tr\/index.php\/wp-json\/wp\/v2\/media?parent=707576"}],"wp:term":[{"taxonomy":"product_brand","embeddable":true,"href":"https:\/\/roveyayinevi.com.tr\/index.php\/wp-json\/wp\/v2\/product_brand?post=707576"},{"taxonomy":"product_cat","embeddable":true,"href":"https:\/\/roveyayinevi.com.tr\/index.php\/wp-json\/wp\/v2\/product_cat?post=707576"},{"taxonomy":"product_tag","embeddable":true,"href":"https:\/\/roveyayinevi.com.tr\/index.php\/wp-json\/wp\/v2\/product_tag?post=707576"}],"curies":[{"name":"wp","href":"https:\/\/api.w.org\/{rel}","templated":true}]}}