{"id":707575,"date":"2025-08-27T16:06:55","date_gmt":"2025-08-27T13:06:55","guid":{"rendered":"https:\/\/roveyayinevi.com.tr\/index.php\/urun\/oguz-kagan-destani-2\/"},"modified":"2026-04-16T02:16:19","modified_gmt":"2026-04-15T23:16:19","slug":"oguz-kagan-destani-2","status":"publish","type":"product","link":"https:\/\/roveyayinevi.com.tr\/index.php\/urun\/oguz-kagan-destani-2\/","title":{"rendered":"O\u011fuz Ka\u011fan Destan\u0131"},"content":{"rendered":"<p>O\u011fuz Ka\u011fan Destan\u0131 \u00fczerine \u00e7ok \u00f6nemli bilim adamlar\u0131, hi\u00e7 tart\u0131\u015fmas\u0131z, ciddi \u00e7al\u0131\u015fmalar yapm\u0131\u015ft\u0131r. Ancak T\u00fcrk k\u00fclt\u00fcr\u00fcn\u00fcn en k\u0131ymetli hazinelerinden biri olan destan\u0131n, b\u00fct\u00fcn n\u00fcshalar\u0131n\u0131n de\u011ferlendirildi\u011fi ve ortaya koyuldu\u011fu, eksiksiz bir metin bi\u00e7imi mevcut de\u011fildi. Prof. Dr. Necati Demir\u2019in b\u00fcy\u00fck bir titizlikle yay\u0131na haz\u0131rlad\u0131\u011f\u0131 bu \u00e7al\u0131\u015fmada pek \u00e7ok n\u00fcsha birle\u015ftirilmi\u015f ve tam bir metin elde edilmeye \u00e7al\u0131\u015f\u0131lm\u0131\u015ft\u0131r. O\u011fuz Ka\u011fan Destan\u0131 di\u011fer ad\u0131yla O\u011fuz-name, ger\u00e7ek \u201cT\u00fcrk Kimli\u011fi\u201d kitab\u0131d\u0131r. G\u00fcn\u00fcm\u00fcz yazarlar\u0131n\u0131n bin bir kayna\u011fa ba\u015fvurarak yazd\u0131\u011f\u0131 bu t\u00fcr \u00e7al\u0131\u015fmalardan \u00f6nce O\u011fuz-name, binlerce y\u0131ldan beri toparlana toparlana ve s\u00fcz\u00fcle s\u00fcz\u00fcle gelmi\u015f; \u00e7e\u015fitli yazarlar\u0131n katk\u0131s\u0131 ile olgunla\u015fm\u0131\u015ft\u0131r. Eser tam anlam\u0131yla bir T\u00fcrk tarihi, T\u00fcrk dili, T\u00fcrk edebiyat\u0131, T\u00fcrk k\u00fclt\u00fcr\u00fc, T\u00fcrk sosyolojisi, T\u00fcrk siyas\u00ee tarihi, T\u00fcrk hukuk tarihi kitab\u0131d\u0131r. O\u011fuz Ka\u011fan Destan\u0131, g\u00fcne\u015fin do\u011fdu\u011fu yerden g\u00fcne\u015fin batt\u0131\u011f\u0131 yere kadar b\u00fct\u00fcn d\u00fcnyan\u0131n O\u011fuz Ka\u011fan taraf\u0131ndan fethinin kitab\u0131d\u0131r. O\u011fuz Ka\u011fan ata yurdu olan Iss\u0131k G\u00f6l \u00e7evresinden ordusu ile birlikte hareket ederek b\u00fct\u00fcn d\u00fcnya \u00fczerine seferler d\u00fczenler. B\u00fct\u00fcn Asya\u2019y\u0131, Avrupa\u2019y\u0131 ve Afrika\u2019n\u0131n kuzeyini ve bu arada Anadolu\u2019yu da O\u011fuz \u00fclkesi haline getirir.<\/p>\n","protected":false},"excerpt":{"rendered":"<p>O\u011fuz Ka\u011fan Destan\u0131 \u00fczerine \u00e7ok \u00f6nemli bilim adamlar\u0131, hi\u00e7 tart\u0131\u015fmas\u0131z, ciddi \u00e7al\u0131\u015fmalar yapm\u0131\u015ft\u0131r. Ancak T\u00fcrk k\u00fclt\u00fcr\u00fcn\u00fcn en k\u0131ymetli hazinelerinden biri olan destan\u0131n, b\u00fct\u00fcn n\u00fcshalar\u0131n\u0131n de\u011ferlendirildi\u011fi ve<span class=\"excerpt-hellip\"> [\u2026]<\/span><\/p>\n","protected":false},"featured_media":0,"template":"","meta":{"_monsterinsights_skip_tracking":false,"_monsterinsights_sitenote_active":false,"_monsterinsights_sitenote_note":"","_monsterinsights_sitenote_category":0},"product_brand":[],"product_cat":[12291,13706],"product_tag":[],"class_list":{"0":"post-707575","1":"product","2":"type-product","3":"status-publish","5":"product_cat-edebiyat","6":"product_cat-efsane-destan-masal","7":"pa_cilt-ciltsiz","8":"pa_tur-kitap","9":"pa_yayinevi-otuken-nesriyat","10":"pa_yazar-necati-demir","12":"first","13":"instock","14":"sale","15":"shipping-taxable","16":"purchasable","17":"product-type-simple"},"_links":{"self":[{"href":"https:\/\/roveyayinevi.com.tr\/index.php\/wp-json\/wp\/v2\/product\/707575","targetHints":{"allow":["GET"]}}],"collection":[{"href":"https:\/\/roveyayinevi.com.tr\/index.php\/wp-json\/wp\/v2\/product"}],"about":[{"href":"https:\/\/roveyayinevi.com.tr\/index.php\/wp-json\/wp\/v2\/types\/product"}],"wp:attachment":[{"href":"https:\/\/roveyayinevi.com.tr\/index.php\/wp-json\/wp\/v2\/media?parent=707575"}],"wp:term":[{"taxonomy":"product_brand","embeddable":true,"href":"https:\/\/roveyayinevi.com.tr\/index.php\/wp-json\/wp\/v2\/product_brand?post=707575"},{"taxonomy":"product_cat","embeddable":true,"href":"https:\/\/roveyayinevi.com.tr\/index.php\/wp-json\/wp\/v2\/product_cat?post=707575"},{"taxonomy":"product_tag","embeddable":true,"href":"https:\/\/roveyayinevi.com.tr\/index.php\/wp-json\/wp\/v2\/product_tag?post=707575"}],"curies":[{"name":"wp","href":"https:\/\/api.w.org\/{rel}","templated":true}]}}