{"id":707574,"date":"2025-08-27T16:06:54","date_gmt":"2025-08-27T13:06:54","guid":{"rendered":"https:\/\/roveyayinevi.com.tr\/index.php\/urun\/maestra\/"},"modified":"2026-04-16T02:16:19","modified_gmt":"2026-04-15T23:16:19","slug":"maestra","status":"publish","type":"product","link":"https:\/\/roveyayinevi.com.tr\/index.php\/urun\/maestra\/","title":{"rendered":"Maestra"},"content":{"rendered":"<p>G\u00fcnd\u00fczleri sanat galerisinde asistan, geceleri \u015fehrin pop\u00fcler kul\u00fcb\u00fcnde eskort\u2026 \u0130yi bir hayat pe\u015finde ve bunun i\u00e7in de oyunu kural\u0131na g\u00f6re oynamas\u0131 gerekti\u011finin fark\u0131nda. Giyinmeyi, konu\u015fmay\u0131, jet set\u2019in inceliklerini, erkek d\u00fcnyas\u0131nda ilgi oda\u011f\u0131 olmay\u0131 \u00f6\u011freniyor. Ancak bir g\u00fcn \u00f6yle bir \u015fey oluyor ki, Judith direksiyonunun y\u00f6n\u00fcn\u00fc de\u011fi\u015ftirmek zorunda kal\u0131yor. Ortaya \u00e7\u0131kard\u0131\u011f\u0131 s\u0131r, sanat galerisinden kovulmas\u0131na neden olunca Judith\u2019in g\u00f6z\u00fc korkutucu derecede karar\u0131yor.\u201c\u0130stediklerini elde etmek i\u00e7in her \u015feyi yapmay\u0131 g\u00f6ze alan bir kad\u0131n\u0131 bu kadar tehlikeli ve heyecan verici yapan nedir?&#8230; Judith\u2019i radikal bir kahraman yapan onun misilleme y\u00f6ntemleri\u2026 Tamamen kendine \u00f6zg\u00fc kad\u0131ns\u0131 cephanesini konu\u015fland\u0131r\u0131yor\u2026 Di\u015fili\u011fini silaha d\u00f6n\u00fc\u015ft\u00fcr\u00fcyor. G\u00f6zleri kararm\u0131\u015f bir kad\u0131n\u0131n amans\u0131z g\u00fcc\u00fcn\u00fc hissetmemek m\u00fcmk\u00fcn de\u011fil.\u201d- O! Oprah Magazine\u201cMaestra bu y\u0131l\u0131n en \u00e7ok konu\u015fulan romanlar\u0131ndan biri olacak\u2026 Judith, Patricia Highsmith\u2019in Tom Ripley\u2019sinden daha da ilgin\u00e7 bir karakter olabilir\u2026 Judith\u2019in hayalleri ger\u00e7ek olacak m\u0131? Yoksa su\u00e7lar\u0131yla y\u00fczle\u015fmek zorunda m\u0131 kalacak? Hemen \u00f6\u011frenemeyece\u011fiz. \u00c7\u00fcnk\u00fc iki kitapl\u0131k ser\u00fcven daha ya\u015fayacak\u2026 daha fazla karga\u015fa, daha \u00e7ok sanat ve kesinlikle seks doyumsuz Judith\u2019i ve onun bitmek bilmeyen ini\u015f \u00e7\u0131k\u0131\u015flar\u0131ndan haz duyacak olanlar\u0131 bekliyor.\u201d- The Washington Post\u201cMaestra cesur, ahlaken karma\u015f\u0131k ve sivri bir karakteri sahneye \u00e7\u0131kar\u0131yor. Stieg Larsson\u2019un Ejderha D\u00f6vmeli K\u0131z ve Gillian Flynn\u2019in Kay\u0131p K\u0131z\u2019\u0131n\u0131 sevenlerin kesinlikle \u00e7ok ilgisini \u00e7ekecek.\u201d- The New York Times<\/p>\n","protected":false},"excerpt":{"rendered":"<p>G\u00fcnd\u00fczleri sanat galerisinde asistan, geceleri \u015fehrin pop\u00fcler kul\u00fcb\u00fcnde eskort\u2026 \u0130yi bir hayat pe\u015finde ve bunun i\u00e7in de oyunu kural\u0131na g\u00f6re oynamas\u0131 gerekti\u011finin fark\u0131nda. Giyinmeyi, konu\u015fmay\u0131, jet<span class=\"excerpt-hellip\"> [\u2026]<\/span><\/p>\n","protected":false},"featured_media":0,"template":"","meta":{"_monsterinsights_skip_tracking":false,"_monsterinsights_sitenote_active":false,"_monsterinsights_sitenote_note":"","_monsterinsights_sitenote_category":0},"product_brand":[],"product_cat":[12291,12711],"product_tag":[],"class_list":{"0":"post-707574","1":"product","2":"type-product","3":"status-publish","5":"product_cat-edebiyat","6":"product_cat-roman-oyku","7":"pa_cilt-ciltsiz","8":"pa_tur-kitap","9":"pa_yayinevi-okuyan-us-yayin","10":"pa_yazar-l-s-hilton","12":"first","13":"instock","14":"sale","15":"shipping-taxable","16":"purchasable","17":"product-type-simple"},"_links":{"self":[{"href":"https:\/\/roveyayinevi.com.tr\/index.php\/wp-json\/wp\/v2\/product\/707574","targetHints":{"allow":["GET"]}}],"collection":[{"href":"https:\/\/roveyayinevi.com.tr\/index.php\/wp-json\/wp\/v2\/product"}],"about":[{"href":"https:\/\/roveyayinevi.com.tr\/index.php\/wp-json\/wp\/v2\/types\/product"}],"wp:attachment":[{"href":"https:\/\/roveyayinevi.com.tr\/index.php\/wp-json\/wp\/v2\/media?parent=707574"}],"wp:term":[{"taxonomy":"product_brand","embeddable":true,"href":"https:\/\/roveyayinevi.com.tr\/index.php\/wp-json\/wp\/v2\/product_brand?post=707574"},{"taxonomy":"product_cat","embeddable":true,"href":"https:\/\/roveyayinevi.com.tr\/index.php\/wp-json\/wp\/v2\/product_cat?post=707574"},{"taxonomy":"product_tag","embeddable":true,"href":"https:\/\/roveyayinevi.com.tr\/index.php\/wp-json\/wp\/v2\/product_tag?post=707574"}],"curies":[{"name":"wp","href":"https:\/\/api.w.org\/{rel}","templated":true}]}}