{"id":707571,"date":"2025-08-27T16:06:53","date_gmt":"2025-08-27T13:06:53","guid":{"rendered":"https:\/\/roveyayinevi.com.tr\/index.php\/urun\/tom-gates-birazcik-sansli\/"},"modified":"2026-04-16T02:16:19","modified_gmt":"2026-04-15T23:16:19","slug":"tom-gates-birazcik-sansli","status":"publish","type":"product","link":"https:\/\/roveyayinevi.com.tr\/index.php\/urun\/tom-gates-birazcik-sansli\/","title":{"rendered":"Tom Gates &#8211; Birazc\u0131k \u015eansl\u0131"},"content":{"rendered":"<p>Sevgili dostumuz Tom Gates son zamanlarda kendini pek \u015fansl\u0131 hissetmiyor. Evde televizyonun \u00f6n\u00fcne kurulup \u00c7\u0131lg\u0131n Meyve \u00c7etesi\u2019nin maceralar\u0131n\u0131 izlemek varken, babas\u0131 d\u0131\u015far\u0131 \u00e7\u0131k\u0131p \u201cbiraz hava alal\u0131m\u201d diye tutturuyor. Haftal\u0131k Rock Dergisi\u2019nin d\u00fczenledi\u011fi M\u00fczik Gruplar\u0131 Sava\u015f\u0131 se\u00e7meleri i\u00e7in arkada\u015flar\u0131yla s\u00fcrekli prova yapmalar\u0131 gerekirken bir t\u00fcrl\u00fc vakit bulam\u0131yor. Bay Bilgili\u2019nin bitmek bilmez \u00f6devlerine kafa yorarken bir de Me\u015felik Okulu\u2019nu saran Zenginle\u015ftirme Haftas\u0131 tela\u015f\u0131yla u\u011fra\u015fmak zorunda kal\u0131yor. Tom\u2019un \u00e7\u0131lg\u0131na \u00e7evirmeyi ba\u015fard\u0131\u011f\u0131 sivri burunlu ayakkab\u0131l\u0131 m\u00fcfetti\u015ften ya da yeni kap\u0131 kom\u015fular\u0131n\u0131n sevimsiz k\u0131z\u0131 June\u2019la ayn\u0131 s\u0131n\u0131fa d\u00fc\u015fmesinden hi\u00e7 bahsetmeyelim isterseniz\u2026Evet, Tom\u2019un icad\u0131 \u015eans \u00d6l\u00e7er\u2019e g\u00f6re kahraman\u0131m\u0131z \u015fu s\u0131ralar hi\u00e7 \u015fansl\u0131 g\u00f6r\u00fcnm\u00fcyor. Bir d\u00fczine karamelli gofret yese bile \u015fans\u0131n\u0131 tersine \u00e7evirmeyi ba\u015farabilece\u011fe benzemiyor. Ama ibrenin yava\u015f yava\u015f a\u015f\u0131r\u0131 \u015fansl\u0131y\u0131 g\u00f6stermesi i\u00e7in g\u00fczel geli\u015fmeler de ya\u015fanm\u0131yor de\u011fil! A\u015f\u0131r\u0131 g\u0131c\u0131k Marcus\u2019u zor da olsa alt etmeyi ba\u015farmak, bir dolu acayip \u015feyin yer ald\u0131\u011f\u0131 bir \u00f6yk\u00fc okuyarak co\u015fmak ve pek tabii ki Gruplar Sava\u015f\u0131 elemelerinde sahne almak.Tom Gates\u2019in kahkaha garantili yepyeni maceras\u0131nda sizleri iki de muhte\u015fem s\u00fcrpriz bekliyor. \u0130p karalamalar\u0131 ve u\u00e7urtma yap\u0131m\u0131\u2026 Herhangi bir ip par\u00e7as\u0131n\u0131n nas\u0131l ola\u011fan\u00fcst\u00fc bir ip karalamacas\u0131na ya da r\u00fczgara meydan okuyan bir u\u00e7urtmaya d\u00f6n\u00fc\u015ft\u00fc\u011f\u00fcn\u00fc g\u00f6r\u00fcnce g\u00f6zlerinize inanamayacaks\u0131n\u0131z.Ba\u015fta &#8220;Roald Dahl En Komik Kitap \u00d6d\u00fcl\u00fc&#8221; olmak \u00fczere, &#8220;Red House&#8221;, &#8220;Waterstones \u00c7ocuk Kitaplar\u0131 \u00d6d\u00fcl\u00fc&#8221; gibi pek \u00e7ok \u00f6d\u00fcle de\u011fer g\u00f6r\u00fclen &#8220;Tom Gates&#8221; dizisinin 7. maceras\u0131 yine akl\u0131n\u0131z\u0131 ba\u015f\u0131n\u0131zdan alacak. Bizden s\u00f6ylemesi&#8230;<\/p>\n","protected":false},"excerpt":{"rendered":"<p>Sevgili dostumuz Tom Gates son zamanlarda kendini pek \u015fansl\u0131 hissetmiyor. Evde televizyonun \u00f6n\u00fcne kurulup \u00c7\u0131lg\u0131n Meyve \u00c7etesi\u2019nin maceralar\u0131n\u0131 izlemek varken, babas\u0131 d\u0131\u015far\u0131 \u00e7\u0131k\u0131p \u201cbiraz hava alal\u0131m\u201d<span class=\"excerpt-hellip\"> [\u2026]<\/span><\/p>\n","protected":false},"featured_media":0,"template":"","meta":{"_monsterinsights_skip_tracking":false,"_monsterinsights_sitenote_active":false,"_monsterinsights_sitenote_note":"","_monsterinsights_sitenote_category":0},"product_brand":[],"product_cat":[12275,12274],"product_tag":[],"class_list":{"0":"post-707571","1":"product","2":"type-product","3":"status-publish","5":"product_cat-6-12-yas-kitaplari","6":"product_cat-cocuk-ve-genclik-kitaplari","7":"pa_cilt-ciltli","8":"pa_tur-kitap","9":"pa_yayinevi-tudem-yayinlari","10":"pa_yazar-liz-pichon","12":"first","13":"instock","14":"sale","15":"shipping-taxable","16":"purchasable","17":"product-type-simple"},"_links":{"self":[{"href":"https:\/\/roveyayinevi.com.tr\/index.php\/wp-json\/wp\/v2\/product\/707571","targetHints":{"allow":["GET"]}}],"collection":[{"href":"https:\/\/roveyayinevi.com.tr\/index.php\/wp-json\/wp\/v2\/product"}],"about":[{"href":"https:\/\/roveyayinevi.com.tr\/index.php\/wp-json\/wp\/v2\/types\/product"}],"wp:attachment":[{"href":"https:\/\/roveyayinevi.com.tr\/index.php\/wp-json\/wp\/v2\/media?parent=707571"}],"wp:term":[{"taxonomy":"product_brand","embeddable":true,"href":"https:\/\/roveyayinevi.com.tr\/index.php\/wp-json\/wp\/v2\/product_brand?post=707571"},{"taxonomy":"product_cat","embeddable":true,"href":"https:\/\/roveyayinevi.com.tr\/index.php\/wp-json\/wp\/v2\/product_cat?post=707571"},{"taxonomy":"product_tag","embeddable":true,"href":"https:\/\/roveyayinevi.com.tr\/index.php\/wp-json\/wp\/v2\/product_tag?post=707571"}],"curies":[{"name":"wp","href":"https:\/\/api.w.org\/{rel}","templated":true}]}}