{"id":707570,"date":"2025-08-27T16:06:52","date_gmt":"2025-08-27T13:06:52","guid":{"rendered":"https:\/\/roveyayinevi.com.tr\/index.php\/urun\/ataturk-sesleniyor\/"},"modified":"2026-04-16T02:16:19","modified_gmt":"2026-04-15T23:16:19","slug":"ataturk-sesleniyor","status":"publish","type":"product","link":"https:\/\/roveyayinevi.com.tr\/index.php\/urun\/ataturk-sesleniyor\/","title":{"rendered":"Atat\u00fcrk Sesleniyor"},"content":{"rendered":"<p>Gazi ile sohbetler ve an\u0131larAtat\u00fcrk e\u011flenmeyi, dans etmeyi, \u015fark\u0131 ve t\u00fcrk\u00fc s\u00f6ylemeyi, do\u011fay\u0131, hayvanlar\u0131 seven, al\u00e7akg\u00f6n\u00fcll\u00fc, bir o kadar da duygusal bir ki\u015fiydi. Olur olmaz yap\u0131l\u0131 insanlarla g\u00fcre\u015f tutmaya kalkar, y\u00fczer, k\u00fcrek \u00e7eker, satran\u00e7 ve bilardo oynard\u0131. D\u00fc\u015fman ba\u015fkomutan\u0131n\u0131, \u201c\u00dcz\u00fclme, Napolyon da sava\u015f kaybetti,\u201d diyerek teselli etmeye \u00e7al\u0131\u015fm\u0131\u015f; Yunan bayra\u011f\u0131n\u0131 yere serenleri ve esirlere k\u00f6t\u00fc davrananlar\u0131 azarlam\u0131\u015ft\u0131.Diktat\u00f6rlerden ve dalkavuklardan hi\u00e7 ho\u015flanmazd\u0131. Osmanl\u0131l\u0131\u011fa hi\u00e7 \u00f6zenmedi. Mutlu gelece\u011fi hep ayd\u0131nl\u0131klarda arad\u0131. Bir yurtta\u015f gibi halk\u0131n aras\u0131na kar\u0131\u015fman\u0131n \u00f6zlemi i\u00e7indeydi.H\u0131fz\u0131 T opuz, kendi an\u0131lar\u0131n\u0131n e\u015fli\u011finde Atat\u00fcrk\u2019le ilgili \u00f6zel sohbet ve tan\u0131kl\u0131klardan se\u00e7ti\u011fi par\u00e7alarla ya\u015fayan Atat\u00fcrk\u2019\u00fc bir kez daha tan\u0131t\u0131yor biz <\/p>\n","protected":false},"excerpt":{"rendered":"<p>Gazi ile sohbetler ve an\u0131larAtat\u00fcrk e\u011flenmeyi, dans etmeyi, \u015fark\u0131 ve t\u00fcrk\u00fc s\u00f6ylemeyi, do\u011fay\u0131, hayvanlar\u0131 seven, al\u00e7akg\u00f6n\u00fcll\u00fc, bir o kadar da duygusal bir ki\u015fiydi. Olur olmaz yap\u0131l\u0131<span class=\"excerpt-hellip\"> [\u2026]<\/span><\/p>\n","protected":false},"featured_media":0,"template":"","meta":{"_monsterinsights_skip_tracking":false,"_monsterinsights_sitenote_active":false,"_monsterinsights_sitenote_note":"","_monsterinsights_sitenote_category":0},"product_brand":[],"product_cat":[13701,12291],"product_tag":[],"class_list":{"0":"post-707570","1":"product","2":"type-product","3":"status-publish","5":"product_cat-ani-mektup-gunluk","6":"product_cat-edebiyat","7":"pa_cilt-ciltsiz","8":"pa_tur-kitap","9":"pa_yayinevi-remzi-kitabevi","10":"pa_yazar-hifzi-topuz","12":"first","13":"instock","14":"sale","15":"shipping-taxable","16":"purchasable","17":"product-type-simple"},"_links":{"self":[{"href":"https:\/\/roveyayinevi.com.tr\/index.php\/wp-json\/wp\/v2\/product\/707570","targetHints":{"allow":["GET"]}}],"collection":[{"href":"https:\/\/roveyayinevi.com.tr\/index.php\/wp-json\/wp\/v2\/product"}],"about":[{"href":"https:\/\/roveyayinevi.com.tr\/index.php\/wp-json\/wp\/v2\/types\/product"}],"wp:attachment":[{"href":"https:\/\/roveyayinevi.com.tr\/index.php\/wp-json\/wp\/v2\/media?parent=707570"}],"wp:term":[{"taxonomy":"product_brand","embeddable":true,"href":"https:\/\/roveyayinevi.com.tr\/index.php\/wp-json\/wp\/v2\/product_brand?post=707570"},{"taxonomy":"product_cat","embeddable":true,"href":"https:\/\/roveyayinevi.com.tr\/index.php\/wp-json\/wp\/v2\/product_cat?post=707570"},{"taxonomy":"product_tag","embeddable":true,"href":"https:\/\/roveyayinevi.com.tr\/index.php\/wp-json\/wp\/v2\/product_tag?post=707570"}],"curies":[{"name":"wp","href":"https:\/\/api.w.org\/{rel}","templated":true}]}}