{"id":707569,"date":"2025-08-27T16:06:52","date_gmt":"2025-08-27T13:06:52","guid":{"rendered":"https:\/\/roveyayinevi.com.tr\/index.php\/urun\/a-dan-z-ye-muzik-1-bolum\/"},"modified":"2026-04-16T02:16:19","modified_gmt":"2026-04-15T23:16:19","slug":"a-dan-z-ye-muzik-1-bolum","status":"publish","type":"product","link":"https:\/\/roveyayinevi.com.tr\/index.php\/urun\/a-dan-z-ye-muzik-1-bolum\/","title":{"rendered":"A dan Z ye M\u00fczik 1. B\u00f6l\u00fcm"},"content":{"rendered":"<p>M\u00fczik ser\u00fcveni serisinin Adan Z ye M\u00fczik  1. B\u00f6l\u00fcm adl\u0131 bu kitap \u00e7ocuklara m\u00fczi\u011fin temelini olu\u015fturan nota de\u011ferleri notalar porte \u00f6l\u00e7\u00fc , \u00f6l\u00e7\u00fc \u00e7izgisi \u00f6l\u00e7\u00fc say\u0131s\u0131 ve \u00e7ift anahtar kavramlar\u0131n\u0131 boyamalar \u00e7\u0131kartmalar ve \u00f6\u011frenci kat\u0131l\u0131m\u0131n\u0131 te\u015fvik eden birbirinden zevkli oyunlarla \u00f6zellikle klavye \u00fczerinde anlatmaktad\u0131r  bu sayede \u00f6\u011frenci temel m\u00fczik bilgilerini kolayl\u0131kla \u00f6\u011frenecek ve piyanno \u00e7almaya ge\u00e7i\u015f i\u00e7in gerekli olan alt yap\u0131y\u0131 kazanacakt\u0131r.  <\/p>\n","protected":false},"excerpt":{"rendered":"<p>M\u00fczik ser\u00fcveni serisinin Adan Z ye M\u00fczik 1. B\u00f6l\u00fcm adl\u0131 bu kitap \u00e7ocuklara m\u00fczi\u011fin temelini olu\u015fturan nota de\u011ferleri notalar porte \u00f6l\u00e7\u00fc , \u00f6l\u00e7\u00fc \u00e7izgisi \u00f6l\u00e7\u00fc say\u0131s\u0131<span class=\"excerpt-hellip\"> [\u2026]<\/span><\/p>\n","protected":false},"featured_media":0,"template":"","meta":{"_monsterinsights_skip_tracking":false,"_monsterinsights_sitenote_active":false,"_monsterinsights_sitenote_note":"","_monsterinsights_sitenote_category":0},"product_brand":[],"product_cat":[14556,20810],"product_tag":[],"class_list":{"0":"post-707569","1":"product","2":"type-product","3":"status-publish","5":"product_cat-muzik","6":"product_cat-ogrenim-kitaplari","7":"pa_cilt-ciltsiz","8":"pa_tur-kitap","9":"pa_yayinevi-porte-muzik-egitim-merkezi","10":"pa_yazar-kolektif","12":"first","13":"instock","14":"sale","15":"shipping-taxable","16":"purchasable","17":"product-type-simple"},"_links":{"self":[{"href":"https:\/\/roveyayinevi.com.tr\/index.php\/wp-json\/wp\/v2\/product\/707569","targetHints":{"allow":["GET"]}}],"collection":[{"href":"https:\/\/roveyayinevi.com.tr\/index.php\/wp-json\/wp\/v2\/product"}],"about":[{"href":"https:\/\/roveyayinevi.com.tr\/index.php\/wp-json\/wp\/v2\/types\/product"}],"wp:attachment":[{"href":"https:\/\/roveyayinevi.com.tr\/index.php\/wp-json\/wp\/v2\/media?parent=707569"}],"wp:term":[{"taxonomy":"product_brand","embeddable":true,"href":"https:\/\/roveyayinevi.com.tr\/index.php\/wp-json\/wp\/v2\/product_brand?post=707569"},{"taxonomy":"product_cat","embeddable":true,"href":"https:\/\/roveyayinevi.com.tr\/index.php\/wp-json\/wp\/v2\/product_cat?post=707569"},{"taxonomy":"product_tag","embeddable":true,"href":"https:\/\/roveyayinevi.com.tr\/index.php\/wp-json\/wp\/v2\/product_tag?post=707569"}],"curies":[{"name":"wp","href":"https:\/\/api.w.org\/{rel}","templated":true}]}}