{"id":707567,"date":"2025-08-27T16:06:51","date_gmt":"2025-08-27T13:06:51","guid":{"rendered":"https:\/\/roveyayinevi.com.tr\/index.php\/urun\/yeni-efeler\/"},"modified":"2026-04-16T02:16:19","modified_gmt":"2026-04-15T23:16:19","slug":"yeni-efeler","status":"publish","type":"product","link":"https:\/\/roveyayinevi.com.tr\/index.php\/urun\/yeni-efeler\/","title":{"rendered":"Yeni Efeler"},"content":{"rendered":"<p>Hipokrat, Norm C\u0131vata, Dimes, Abal\u0131o\u011flu Grubu, \u00d6zs\u00fct, Sun Holding, Murat Ihlamur, Dalan Kimya, \u0130nci Holding, U\u011fur Y\u00fccel\u2026Yeni Efeler Ege&#8217;den yola \u00e7\u0131kan T\u00fcrkiye&#8217;nin bu de\u011ferli markalar\u0131n\u0131n i\u015f hayat\u0131ndaki yolculu\u011funu anlatan bir kitap. Her bir \u00f6yk\u00fcde s\u00f6z konusu i\u015fletmenin tarihiyle birlikte bu \u00f6yk\u00fcden \u00e7\u0131kar\u0131lacak dersler payla\u015f\u0131l\u0131yor. Teklif yapmaktan finansa, \u00fcretim yeri bulmaktan eleman yeti\u015ftirmeye, ortaklarla \u00e7al\u0131\u015fmaktan ara\u015ft\u0131rma ve geli\u015ftirmeye kadar pek \u00e7ok konuda tespit ve analizler yer al\u0131yor.Melih Arat ve \u0130pek G\u00fcrel&#8217;in haz\u0131rlad\u0131klar\u0131 kitaptan ba\u015far\u0131ya giden yolda giri\u015fimciyi bekleyen riskleri ve tehlikeleri bu \u015firketlerin kurucular\u0131n\u0131n ve bug\u00fcnk\u00fc yeni ku\u015fak y\u00f6neticilerinin a\u011fz\u0131ndan \u00f6\u011freniyorsunuz. Y\u0131llar\u0131n s\u00fczgecinden ge\u00e7mi\u015f bu dam\u0131t\u0131lm\u0131\u015f bilgiler ve deneyimler ayn\u0131 zamanda \u00e7ok \u00f6nemli ya\u015fam dersleri niteli\u011finde.<\/p>\n","protected":false},"excerpt":{"rendered":"<p>Hipokrat, Norm C\u0131vata, Dimes, Abal\u0131o\u011flu Grubu, \u00d6zs\u00fct, Sun Holding, Murat Ihlamur, Dalan Kimya, \u0130nci Holding, U\u011fur Y\u00fccel\u2026Yeni Efeler Ege&#8217;den yola \u00e7\u0131kan T\u00fcrkiye&#8217;nin bu de\u011ferli markalar\u0131n\u0131n i\u015f<span class=\"excerpt-hellip\"> [\u2026]<\/span><\/p>\n","protected":false},"featured_media":0,"template":"","meta":{"_monsterinsights_skip_tracking":false,"_monsterinsights_sitenote_active":false,"_monsterinsights_sitenote_note":"","_monsterinsights_sitenote_category":0},"product_brand":[],"product_cat":[12291,30969],"product_tag":[],"class_list":{"0":"post-707567","1":"product","2":"type-product","3":"status-publish","5":"product_cat-edebiyat","6":"product_cat-soylesi-edebiyat","7":"pa_cilt-ciltsiz","8":"pa_tur-kitap","9":"pa_yayinevi-optimist-yayin-dagitim","10":"pa_yazar-ipek-gurel","12":"first","13":"instock","14":"sale","15":"shipping-taxable","16":"purchasable","17":"product-type-simple"},"_links":{"self":[{"href":"https:\/\/roveyayinevi.com.tr\/index.php\/wp-json\/wp\/v2\/product\/707567","targetHints":{"allow":["GET"]}}],"collection":[{"href":"https:\/\/roveyayinevi.com.tr\/index.php\/wp-json\/wp\/v2\/product"}],"about":[{"href":"https:\/\/roveyayinevi.com.tr\/index.php\/wp-json\/wp\/v2\/types\/product"}],"wp:attachment":[{"href":"https:\/\/roveyayinevi.com.tr\/index.php\/wp-json\/wp\/v2\/media?parent=707567"}],"wp:term":[{"taxonomy":"product_brand","embeddable":true,"href":"https:\/\/roveyayinevi.com.tr\/index.php\/wp-json\/wp\/v2\/product_brand?post=707567"},{"taxonomy":"product_cat","embeddable":true,"href":"https:\/\/roveyayinevi.com.tr\/index.php\/wp-json\/wp\/v2\/product_cat?post=707567"},{"taxonomy":"product_tag","embeddable":true,"href":"https:\/\/roveyayinevi.com.tr\/index.php\/wp-json\/wp\/v2\/product_tag?post=707567"}],"curies":[{"name":"wp","href":"https:\/\/api.w.org\/{rel}","templated":true}]}}