{"id":707565,"date":"2025-08-27T16:06:50","date_gmt":"2025-08-27T13:06:50","guid":{"rendered":"https:\/\/roveyayinevi.com.tr\/index.php\/urun\/padisahlarin-akil-hocalari\/"},"modified":"2026-04-16T02:16:19","modified_gmt":"2026-04-15T23:16:19","slug":"padisahlarin-akil-hocalari","status":"publish","type":"product","link":"https:\/\/roveyayinevi.com.tr\/index.php\/urun\/padisahlarin-akil-hocalari\/","title":{"rendered":"Padi\u015fahlar\u0131n Ak\u0131l Hocalar\u0131"},"content":{"rendered":"<p>\u0130nsan nas\u0131l ki beden ve ruhsa, ak\u0131l ve kalpse, g\u00f6r\u00fcnenin ard\u0131nda bir g\u00f6r\u00fcnmeyen yani ki g\u00f6nl\u00fc varsa, devlet dedi\u011fimiz dahi \u00f6yledir. Ecdat cihana h\u00fckmetmeden \u00f6nce g\u00f6n\u00fcllere h\u00fckmetmeyi, \u015fehirlere girmeden \u00f6nce g\u00f6n\u00fcllere girmeyi \u015fiar edinmi\u015ftir. Ve bilmi\u015ftir ki g\u00f6n\u00fcllere girilmeden \u015fehirlere girilemez!Bu yolda devleti idare edenler, evvela g\u00f6n\u00fcllerini terbiye etmi\u015f ve g\u00f6n\u00fcllerine h\u00fckmetmemi\u015f, kul olmay\u0131 bilmi\u015flerdir. Ve bu maksad\u0131 kendilerine her daim anlatacak ve unuttuklar\u0131nda hat\u0131rlatacak bir hocan\u0131n hemen yan\u0131nda bulunmay\u0131 \u015feref afrz etmi\u015flerdir. Yoksa &#8220;Evliya ve enbiyaya intisab\u0131m var&#8221; demeleri, &#8220;Sultanl\u0131k bir kuru kavga imi\u015f&#8221; deyip de g\u00f6n\u00fcllerindekini bu denli s\u00f6ylemeleri ba\u015fka bir sebepten de\u011fildir.Ecdad\u0131n kurdu\u011fu bu g\u00f6n\u00fcl medeniyetinin g\u00f6r\u00fcnen y\u00fcz\u00fc, sureti padi\u015fahlar ise bunun bir de ard\u0131nda olan\u0131, sureti ve bu bedenin bir g\u00f6nl\u00fc ve akl\u0131 olmas\u0131 gerek. \u0130\u015fte bu kitapta g\u00f6r\u00fcnenin ard\u0131nda olan\u0131, g\u00f6n\u00fcl medeniyetinin esas mimarlar\u0131n\u0131 ve sultanlar\u0131n sultanlar\u0131n\u0131 okuyacaks\u0131n\u0131z&#8230;Yavuz Bahad\u0131ro\u011flu bize bir s\u0131rr\u0131 f\u0131s\u0131ld\u0131yor; cihana sultan olman\u0131n, g\u00f6n\u00fcl medeniyeti kurman\u0131n s\u0131rr\u0131n\u0131&#8230;- Fatih Duman<\/p>\n","protected":false},"excerpt":{"rendered":"<p>\u0130nsan nas\u0131l ki beden ve ruhsa, ak\u0131l ve kalpse, g\u00f6r\u00fcnenin ard\u0131nda bir g\u00f6r\u00fcnmeyen yani ki g\u00f6nl\u00fc varsa, devlet dedi\u011fimiz dahi \u00f6yledir. Ecdat cihana h\u00fckmetmeden \u00f6nce g\u00f6n\u00fcllere<span class=\"excerpt-hellip\"> [\u2026]<\/span><\/p>\n","protected":false},"featured_media":0,"template":"","meta":{"_monsterinsights_skip_tracking":false,"_monsterinsights_sitenote_active":false,"_monsterinsights_sitenote_note":"","_monsterinsights_sitenote_category":0},"product_brand":[],"product_cat":[13517,12304],"product_tag":[],"class_list":{"0":"post-707565","1":"product","2":"type-product","3":"status-publish","5":"product_cat-osmanli-tarihi","6":"product_cat-tarih","7":"pa_cilt-ciltsiz","8":"pa_tur-kitap","9":"pa_yayinevi-nesil-yayinlari","10":"pa_yazar-yavuz-bahadiroglu","12":"first","13":"instock","14":"sale","15":"shipping-taxable","16":"purchasable","17":"product-type-simple"},"_links":{"self":[{"href":"https:\/\/roveyayinevi.com.tr\/index.php\/wp-json\/wp\/v2\/product\/707565","targetHints":{"allow":["GET"]}}],"collection":[{"href":"https:\/\/roveyayinevi.com.tr\/index.php\/wp-json\/wp\/v2\/product"}],"about":[{"href":"https:\/\/roveyayinevi.com.tr\/index.php\/wp-json\/wp\/v2\/types\/product"}],"wp:attachment":[{"href":"https:\/\/roveyayinevi.com.tr\/index.php\/wp-json\/wp\/v2\/media?parent=707565"}],"wp:term":[{"taxonomy":"product_brand","embeddable":true,"href":"https:\/\/roveyayinevi.com.tr\/index.php\/wp-json\/wp\/v2\/product_brand?post=707565"},{"taxonomy":"product_cat","embeddable":true,"href":"https:\/\/roveyayinevi.com.tr\/index.php\/wp-json\/wp\/v2\/product_cat?post=707565"},{"taxonomy":"product_tag","embeddable":true,"href":"https:\/\/roveyayinevi.com.tr\/index.php\/wp-json\/wp\/v2\/product_tag?post=707565"}],"curies":[{"name":"wp","href":"https:\/\/api.w.org\/{rel}","templated":true}]}}