{"id":707564,"date":"2025-08-27T16:06:50","date_gmt":"2025-08-27T13:06:50","guid":{"rendered":"https:\/\/roveyayinevi.com.tr\/index.php\/urun\/istanbula-capkin-bakis\/"},"modified":"2026-04-16T02:16:19","modified_gmt":"2026-04-15T23:16:19","slug":"istanbula-capkin-bakis","status":"publish","type":"product","link":"https:\/\/roveyayinevi.com.tr\/index.php\/urun\/istanbula-capkin-bakis\/","title":{"rendered":"\u0130stanbul\u2019a \u00c7apk\u0131n Bak\u0131\u015f"},"content":{"rendered":"<p>\u201cBiz k\u00f6kten \u0130stanbullular i\u00e7in \u00f6lmek, gitmekten daha kolayd\u0131r.\u201d\u0130stanbul\u2019a \u00c7apk\u0131n Bak\u0131\u015f, anlam de\u011fi\u015ftiren \u201c\u0130stanbulluluk\u201d kavram\u0131na, \u015fehirle ya\u015fad\u0131\u011f\u0131m\u0131z a\u015fk-nefret ili\u015fkisine, \u0130stanbul\u2019un ruh hallerine, kim oldu\u011fumuza, ne istedi\u011fimize, neler yapt\u0131\u011f\u0131m\u0131za, nerelere gitti\u011fimize, ili\u015fkilerimize ve niye biraz delirdi\u011fimize i\u00e7eriden ayna tutuyor.\u201c\u0130stanbul\u2019da kim oldu\u011fumuzun \u00f6nemi olmayan anlara hepimizin \u00e7ok ihtiyac\u0131 vard\u0131r ama di\u011fer taraftan hepimiz \u0130stanbul\u2019da kim oldu\u011fumuzun bilinmesi, \u00f6nemsenmesi i\u00e7in didinir dururuz.\u201d\u0130stanbullu olman\u0131n\/g\u00f6r\u00fcnmenin gizli kodlar\u0131n\u0131 da i\u00e7inde bar\u0131nd\u0131ran \u0130stanbul\u2019a \u00c7apk\u0131n Bak\u0131\u015f, okurken kafa sallay\u0131p g\u00fclece\u011finiz, kendinizden ve \u00e7evrenizden bir s\u00fcr\u00fc \u015fey bulaca\u011f\u0131n\u0131z, \u0130stanbul gibi ele avuca s\u0131\u011fmayan, hoppa bir kitap.\u201cBir taraf\u0131m y\u0131rt\u0131k ve haval\u0131 bir \u0130stanbullu olsa da, di\u011fer taraf\u0131m esnaf\u0131n \u2018ablas\u0131\u2019, \u2018yengesi\u2019 olma ihtimalini hep severek i\u00e7inde bar\u0131nd\u0131r\u0131r.\u201d<\/p>\n","protected":false},"excerpt":{"rendered":"<p>\u201cBiz k\u00f6kten \u0130stanbullular i\u00e7in \u00f6lmek, gitmekten daha kolayd\u0131r.\u201d\u0130stanbul\u2019a \u00c7apk\u0131n Bak\u0131\u015f, anlam de\u011fi\u015ftiren \u201c\u0130stanbulluluk\u201d kavram\u0131na, \u015fehirle ya\u015fad\u0131\u011f\u0131m\u0131z a\u015fk-nefret ili\u015fkisine, \u0130stanbul\u2019un ruh hallerine, kim oldu\u011fumuza, ne istedi\u011fimize, neler<span class=\"excerpt-hellip\"> [\u2026]<\/span><\/p>\n","protected":false},"featured_media":0,"template":"","meta":{"_monsterinsights_skip_tracking":false,"_monsterinsights_sitenote_active":false,"_monsterinsights_sitenote_note":"","_monsterinsights_sitenote_category":0},"product_brand":[],"product_cat":[18545,12291],"product_tag":[],"class_list":{"0":"post-707564","1":"product","2":"type-product","3":"status-publish","5":"product_cat-anlati","6":"product_cat-edebiyat","7":"pa_cilt-ciltsiz","8":"pa_tur-kitap","9":"pa_yayinevi-okuyan-us-yayin","10":"pa_yazar-buket-baydar","12":"first","13":"instock","14":"sale","15":"shipping-taxable","16":"purchasable","17":"product-type-simple"},"_links":{"self":[{"href":"https:\/\/roveyayinevi.com.tr\/index.php\/wp-json\/wp\/v2\/product\/707564","targetHints":{"allow":["GET"]}}],"collection":[{"href":"https:\/\/roveyayinevi.com.tr\/index.php\/wp-json\/wp\/v2\/product"}],"about":[{"href":"https:\/\/roveyayinevi.com.tr\/index.php\/wp-json\/wp\/v2\/types\/product"}],"wp:attachment":[{"href":"https:\/\/roveyayinevi.com.tr\/index.php\/wp-json\/wp\/v2\/media?parent=707564"}],"wp:term":[{"taxonomy":"product_brand","embeddable":true,"href":"https:\/\/roveyayinevi.com.tr\/index.php\/wp-json\/wp\/v2\/product_brand?post=707564"},{"taxonomy":"product_cat","embeddable":true,"href":"https:\/\/roveyayinevi.com.tr\/index.php\/wp-json\/wp\/v2\/product_cat?post=707564"},{"taxonomy":"product_tag","embeddable":true,"href":"https:\/\/roveyayinevi.com.tr\/index.php\/wp-json\/wp\/v2\/product_tag?post=707564"}],"curies":[{"name":"wp","href":"https:\/\/api.w.org\/{rel}","templated":true}]}}