{"id":707563,"date":"2025-08-27T16:06:49","date_gmt":"2025-08-27T13:06:49","guid":{"rendered":"https:\/\/roveyayinevi.com.tr\/index.php\/urun\/cebrailin-kanat-sesi\/"},"modified":"2026-04-16T02:16:19","modified_gmt":"2026-04-15T23:16:19","slug":"cebrailin-kanat-sesi","status":"publish","type":"product","link":"https:\/\/roveyayinevi.com.tr\/index.php\/urun\/cebrailin-kanat-sesi\/","title":{"rendered":"Cebrail&#8217;in Kanat Sesi"},"content":{"rendered":"<p>Cebrail&#8217;in Kanat Sesi, \u0130slam d\u00fcnyas\u0131nda sezgi ve ilhama dayanan felsefenin temellerini atan \u015eehabeddin S\u00fchreverdi&#8217;nin felsefi ve irfani sembolik hikayelerinden olu\u015fuyor. \u0130nsan\u0131n \u00f6yk\u00fcs\u00fcn\u00fcn bu alemdeki yaln\u0131zl\u0131\u011f\u0131yla ba\u015flad\u0131\u011f\u0131n\u0131 s\u00f6yler S\u00fchreverdi. Hikayelerinde, varl\u0131k aleminden yokluk diyar\u0131na g\u00f6nderilen insan\u0131n, as\u0131l vatan\u0131na d\u00f6nme i\u015ftiyak\u0131n\u0131 anlat\u0131r.Gayb alemine \u00e7\u0131k\u0131lan seferin ad\u0131m ad\u0131m \u00f6yk\u00fcs\u00fc&#8230; Yolcunun kar\u015f\u0131la\u015faca\u011f\u0131 engeller, tehlikeleri a\u015fman\u0131n usulleri ve menzillerin esrar\u0131&#8230;Kur&#8217;an, irfan\u0131 bilgi ve antik \u0130ran hikayelerinden esinlenerek yaz\u0131lan hikayeler, zahir\u0131 anlamlar\u0131n\u0131n yan\u0131 s\u0131ra pek \u00e7ok felsefi ve irfani bilgiye de kaynakl\u0131k ediyor.A\u015fka hemdem olmak isteyenler i\u00e7in&#8230;<\/p>\n","protected":false},"excerpt":{"rendered":"<p>Cebrail&#8217;in Kanat Sesi, \u0130slam d\u00fcnyas\u0131nda sezgi ve ilhama dayanan felsefenin temellerini atan \u015eehabeddin S\u00fchreverdi&#8217;nin felsefi ve irfani sembolik hikayelerinden olu\u015fuyor. \u0130nsan\u0131n \u00f6yk\u00fcs\u00fcn\u00fcn bu alemdeki yaln\u0131zl\u0131\u011f\u0131yla ba\u015flad\u0131\u011f\u0131n\u0131<span class=\"excerpt-hellip\"> [\u2026]<\/span><\/p>\n","protected":false},"featured_media":0,"template":"","meta":{"_monsterinsights_skip_tracking":false,"_monsterinsights_sitenote_active":false,"_monsterinsights_sitenote_note":"","_monsterinsights_sitenote_category":0},"product_brand":[],"product_cat":[12718,12719,12720],"product_tag":[],"class_list":{"0":"post-707563","1":"product","2":"type-product","3":"status-publish","5":"product_cat-din","6":"product_cat-islam","7":"product_cat-tasavvuf-mezhepler-tarikatlar","8":"pa_cilt-ciltsiz","9":"pa_tur-kitap","10":"pa_yayinevi-sufi-kitap","11":"pa_yazar-sehadettin-suhreverdi","13":"first","14":"instock","15":"sale","16":"shipping-taxable","17":"purchasable","18":"product-type-simple"},"_links":{"self":[{"href":"https:\/\/roveyayinevi.com.tr\/index.php\/wp-json\/wp\/v2\/product\/707563","targetHints":{"allow":["GET"]}}],"collection":[{"href":"https:\/\/roveyayinevi.com.tr\/index.php\/wp-json\/wp\/v2\/product"}],"about":[{"href":"https:\/\/roveyayinevi.com.tr\/index.php\/wp-json\/wp\/v2\/types\/product"}],"wp:attachment":[{"href":"https:\/\/roveyayinevi.com.tr\/index.php\/wp-json\/wp\/v2\/media?parent=707563"}],"wp:term":[{"taxonomy":"product_brand","embeddable":true,"href":"https:\/\/roveyayinevi.com.tr\/index.php\/wp-json\/wp\/v2\/product_brand?post=707563"},{"taxonomy":"product_cat","embeddable":true,"href":"https:\/\/roveyayinevi.com.tr\/index.php\/wp-json\/wp\/v2\/product_cat?post=707563"},{"taxonomy":"product_tag","embeddable":true,"href":"https:\/\/roveyayinevi.com.tr\/index.php\/wp-json\/wp\/v2\/product_tag?post=707563"}],"curies":[{"name":"wp","href":"https:\/\/api.w.org\/{rel}","templated":true}]}}