{"id":707561,"date":"2025-08-27T16:06:48","date_gmt":"2025-08-27T13:06:48","guid":{"rendered":"https:\/\/roveyayinevi.com.tr\/index.php\/urun\/evren-101\/"},"modified":"2026-04-16T02:16:19","modified_gmt":"2026-04-15T23:16:19","slug":"evren-101","status":"publish","type":"product","link":"https:\/\/roveyayinevi.com.tr\/index.php\/urun\/evren-101\/","title":{"rendered":"Evren 101"},"content":{"rendered":"<p>Ders kitaplar\u0131 genellikle uzay\u0131n g\u00fczelliklerini ve gizemini s\u0131k\u0131c\u0131 tart\u0131\u015fmalarla arka planda b\u0131rak\u0131rlar. Galileo da b\u00f6yle bir \u015fey istemezdi tabii ki! Bu y\u00fczden, Evren 101 s\u0131k\u0131c\u0131 ayr\u0131nt\u0131lara ve uzun anlat\u0131lara girmeden, y\u0131ld\u0131zlarla bezenmi\u015f g\u00f6ky\u00fcz\u00fcm\u00fcz\u00fcn ard\u0131nda saklanm\u0131\u015f olanlar\u0131 ke\u015ffetmenizi sa\u011flayacak ve ilginizi her daim canl\u0131 tutacak ilgin\u00e7 bilgileri sizlere e\u011flenceli bir dille sunmak i\u00e7in haz\u0131rland\u0131. <\/p>\n","protected":false},"excerpt":{"rendered":"<p>Ders kitaplar\u0131 genellikle uzay\u0131n g\u00fczelliklerini ve gizemini s\u0131k\u0131c\u0131 tart\u0131\u015fmalarla arka planda b\u0131rak\u0131rlar. Galileo da b\u00f6yle bir \u015fey istemezdi tabii ki! Bu y\u00fczden, Evren 101 s\u0131k\u0131c\u0131 ayr\u0131nt\u0131lara<span class=\"excerpt-hellip\"> [\u2026]<\/span><\/p>\n","protected":false},"featured_media":0,"template":"","meta":{"_monsterinsights_skip_tracking":false,"_monsterinsights_sitenote_active":false,"_monsterinsights_sitenote_note":"","_monsterinsights_sitenote_category":0},"product_brand":[],"product_cat":[43754,13005],"product_tag":[],"class_list":{"0":"post-707561","1":"product","2":"type-product","3":"status-publish","5":"product_cat-astronomi","6":"product_cat-bilim-muhendislik","7":"pa_cilt-ciltsiz","8":"pa_tur-kitap","9":"pa_yayinevi-say-yayinlari","10":"pa_yazar-carolyn-collins-petersen","12":"first","13":"instock","14":"sale","15":"shipping-taxable","16":"purchasable","17":"product-type-simple"},"_links":{"self":[{"href":"https:\/\/roveyayinevi.com.tr\/index.php\/wp-json\/wp\/v2\/product\/707561","targetHints":{"allow":["GET"]}}],"collection":[{"href":"https:\/\/roveyayinevi.com.tr\/index.php\/wp-json\/wp\/v2\/product"}],"about":[{"href":"https:\/\/roveyayinevi.com.tr\/index.php\/wp-json\/wp\/v2\/types\/product"}],"wp:attachment":[{"href":"https:\/\/roveyayinevi.com.tr\/index.php\/wp-json\/wp\/v2\/media?parent=707561"}],"wp:term":[{"taxonomy":"product_brand","embeddable":true,"href":"https:\/\/roveyayinevi.com.tr\/index.php\/wp-json\/wp\/v2\/product_brand?post=707561"},{"taxonomy":"product_cat","embeddable":true,"href":"https:\/\/roveyayinevi.com.tr\/index.php\/wp-json\/wp\/v2\/product_cat?post=707561"},{"taxonomy":"product_tag","embeddable":true,"href":"https:\/\/roveyayinevi.com.tr\/index.php\/wp-json\/wp\/v2\/product_tag?post=707561"}],"curies":[{"name":"wp","href":"https:\/\/api.w.org\/{rel}","templated":true}]}}