{"id":707560,"date":"2025-08-27T16:06:48","date_gmt":"2025-08-27T13:06:48","guid":{"rendered":"https:\/\/roveyayinevi.com.tr\/index.php\/urun\/ruyalar-alemi\/"},"modified":"2026-04-16T02:16:19","modified_gmt":"2026-04-15T23:16:19","slug":"ruyalar-alemi","status":"publish","type":"product","link":"https:\/\/roveyayinevi.com.tr\/index.php\/urun\/ruyalar-alemi\/","title":{"rendered":"R\u00fcyalar Alemi"},"content":{"rendered":"<p>Ya\u015fam\u0131m\u0131z\u0131n uyuyarak ge\u00e7en \u00fc\u00e7te birlik b\u00f6l\u00fcm\u00fcn\u00fcn kendimizi ke\u015ffetmek i\u00e7in bir f\u0131rsat olabilece\u011fini hi\u00e7 d\u00fc\u015f\u00fcnmeyiz. R\u00fcya bilincinin, ya\u015fam\u0131m\u0131z\u0131n geri kalan\u0131n\u0131 zenginle\u015ftirmesine imk\u00e2n verecek psikolojik ve k\u00fclt\u00fcrel mekanizmalardan yoksunuz. Suf\u00eeler, ya\u015fam bir r\u00fcyadan ibaret de\u011fil midir, diye sorarlar. \u0130nsanlar uykudad\u0131r, \u00f6l\u00fcnce uyan\u0131rlar, \u015feklindeki hadis, \u0130slam d\u00fcnyas\u0131nda r\u00fcya tart\u0131\u015fmas\u0131n\u0131 b\u00fcy\u00fck bir etki alt\u0131nda b\u0131rakm\u0131\u015ft\u0131r. Bu kitap tasavvufun r\u00fcyaya bak\u0131\u015f\u0131yla g\u00fcn\u00fcm\u00fcz psikoloji ekollerinin fikirlerini bulu\u015fturmay\u0131 hedefliyor. R\u00fcyayla ilgili t\u00fcm bilinenleri, bilinmeyenlere ula\u015fmak i\u00e7in bir araya getiriyor. R\u00fcya yorumlamada tek katman yerine \u00e7ok katmanl\u0131 okunabilirli\u011fi g\u00f6stermeyi ve iki kanatl\u0131 ku\u015fun in\u015fas\u0131na katk\u0131 sunmay\u0131 umuyor. M. Fatih \u00c7\u0131tlak tasavvuf\u00ee perspektiften r\u00fcyaya nas\u0131l bak\u0131lmas\u0131 gerekti\u011fini, Dr. Mustafa Merter psikoloji ve tasavvufun r\u00fcya yorumunda nas\u0131l bir araya getirilebilece\u011fini, Prof. Dr. Necdet Tosun Nak\u015fbend\u00eelik\u2019te r\u00fcyan\u0131n neden \u00f6nemli olmad\u0131\u011f\u0131n\u0131, Prof. Dr. Re\u015fat \u00d6ng\u00f6ren bir Osmanl\u0131 suf\u00ee aliminin r\u00fcya yorum metodunu, Prof. Dr. Dilaver G\u00fcrer Hz. Y\u00fbsuf\u2019un r\u00fcyas\u0131 \u00fczerinden \u0130bn Arab\u00ee\u2019nin r\u00fcyaya bak\u0131\u015f\u0131n\u0131, Dr. Hatice Aliba\u015fo\u011flu psikoloji ekollerinin r\u00fcya ve r\u00fcya yorumuna bak\u0131\u015f\u0131n\u0131 ve Musa Hub Bedi\u00fczzaman\u2019\u0131n Risale-i Nur\u2019larda r\u00fcyalara bak\u0131\u015f\u0131n\u0131 ele al\u0131yor. Uyku r\u00fcyaya \u00e7a\u011f\u0131rd\u0131\u011f\u0131 i\u00e7in g\u00fczeldir ama sak\u0131n\u0131lmas\u0131 gereken elbette gaflet uykusudur.<\/p>\n","protected":false},"excerpt":{"rendered":"<p>Ya\u015fam\u0131m\u0131z\u0131n uyuyarak ge\u00e7en \u00fc\u00e7te birlik b\u00f6l\u00fcm\u00fcn\u00fcn kendimizi ke\u015ffetmek i\u00e7in bir f\u0131rsat olabilece\u011fini hi\u00e7 d\u00fc\u015f\u00fcnmeyiz. R\u00fcya bilincinin, ya\u015fam\u0131m\u0131z\u0131n geri kalan\u0131n\u0131 zenginle\u015ftirmesine imk\u00e2n verecek psikolojik ve k\u00fclt\u00fcrel mekanizmalardan<span class=\"excerpt-hellip\"> [\u2026]<\/span><\/p>\n","protected":false},"featured_media":0,"template":"","meta":{"_monsterinsights_skip_tracking":false,"_monsterinsights_sitenote_active":false,"_monsterinsights_sitenote_note":"","_monsterinsights_sitenote_category":0},"product_brand":[],"product_cat":[12718,12719,15238],"product_tag":[],"class_list":{"0":"post-707560","1":"product","2":"type-product","3":"status-publish","5":"product_cat-din","6":"product_cat-islam","7":"product_cat-tasavvuf","8":"pa_cilt-ciltsiz","9":"pa_tur-kitap","10":"pa_yayinevi-sufi-kitap","11":"pa_yazar-kolektif","13":"first","14":"instock","15":"sale","16":"shipping-taxable","17":"purchasable","18":"product-type-simple"},"_links":{"self":[{"href":"https:\/\/roveyayinevi.com.tr\/index.php\/wp-json\/wp\/v2\/product\/707560","targetHints":{"allow":["GET"]}}],"collection":[{"href":"https:\/\/roveyayinevi.com.tr\/index.php\/wp-json\/wp\/v2\/product"}],"about":[{"href":"https:\/\/roveyayinevi.com.tr\/index.php\/wp-json\/wp\/v2\/types\/product"}],"wp:attachment":[{"href":"https:\/\/roveyayinevi.com.tr\/index.php\/wp-json\/wp\/v2\/media?parent=707560"}],"wp:term":[{"taxonomy":"product_brand","embeddable":true,"href":"https:\/\/roveyayinevi.com.tr\/index.php\/wp-json\/wp\/v2\/product_brand?post=707560"},{"taxonomy":"product_cat","embeddable":true,"href":"https:\/\/roveyayinevi.com.tr\/index.php\/wp-json\/wp\/v2\/product_cat?post=707560"},{"taxonomy":"product_tag","embeddable":true,"href":"https:\/\/roveyayinevi.com.tr\/index.php\/wp-json\/wp\/v2\/product_tag?post=707560"}],"curies":[{"name":"wp","href":"https:\/\/api.w.org\/{rel}","templated":true}]}}