{"id":707558,"date":"2025-08-27T16:06:47","date_gmt":"2025-08-27T13:06:47","guid":{"rendered":"https:\/\/roveyayinevi.com.tr\/index.php\/urun\/yeniden-basla\/"},"modified":"2026-04-16T02:16:19","modified_gmt":"2026-04-15T23:16:19","slug":"yeniden-basla","status":"publish","type":"product","link":"https:\/\/roveyayinevi.com.tr\/index.php\/urun\/yeniden-basla\/","title":{"rendered":"Yeniden Ba\u015fla"},"content":{"rendered":"<p>Bir\u00e7o\u011fumuz hayat\u0131m\u0131z\u0131n bir k\u0131sm\u0131n\u0131 sevmedi\u011fimiz i\u015fleri yaparak ge\u00e7iriyoruz. Veya sevdi\u011fimiz halde y\u00f6ntemine bir t\u00fcrl\u00fc karar veremedi\u011fimiz i\u00e7in ba\u015far\u0131s\u0131z oldu\u011fumuz alanlarda faaliyet g\u00f6steriyoruz. Belki de y\u0131llard\u0131r yapmay\u0131 s\u00fcrd\u00fcrd\u00fc\u011f\u00fcm\u00fcz mesle\u011fimizin inceliklerinden halen bihaberiz. Ya da ka\u00e7 ya\u015f\u0131nda olursak olal\u0131m, kendimizi tan\u0131maya hala ihtiyac\u0131m\u0131z var.\u00d6nce hangisini yapmal\u0131y\u0131z? Mesle\u011fimizi karakterimize g\u00f6re mi se\u00e7meli yoksa i\u015f s\u00fcre\u00e7lerimizi ki\u015fili\u011fimize g\u00f6re yeniden mi tasarlamal\u0131y\u0131z?43 \u00fclkeden 328 kat\u0131l\u0131mc\u0131n\u0131n g\u00f6r\u00fc\u015flerine, fikirlerine ve bizzat tan\u0131kl\u0131\u011f\u0131na ba\u015fvurularak haz\u0131rlanm\u0131\u015f olan bu kitap, kendinizi ke\u015ffetmek ve hobilerinizi mesle\u011finize d\u00f6n\u00fc\u015ft\u00fcrebilmeniz i\u00e7in size yol g\u00f6sterecek son derece etkili bir k\u0131lavuz.Hangi meslekler tam da size g\u00f6re? \u00c7al\u0131\u015ft\u0131\u011f\u0131n\u0131z i\u015fte daha ba\u015far\u0131l\u0131 olmak i\u00e7in nas\u0131l bir y\u00f6ntem izlemelisiniz? Karakterinize uygun i\u015f s\u00fcre\u00e7leri nelerdir? Bu sorular\u0131 oda\u011fa alan Yeniden Ba\u015fla, hem ki\u015fisel \u00f6zelliklerinizi ve yeteneklerinizi daha iyi analiz etmenizi sa\u011flayacak hem de sevdi\u011finiz ve ilgi duydu\u011funuz aktiviteleri mesle\u011finize d\u00f6n\u00fc\u015ft\u00fcrmede size rehberlik edecek.Kitaplar\u0131 30\u2019u a\u015fk\u0131n dile \u00e7evrilmi\u015f ve 1 milyondan fazla satm\u0131\u015f i\u015f y\u00f6netim d\u00e2hileri Alexander Osterwalder ve Yves Pigneur, b\u00fcy\u00fck ilgi g\u00f6ren i\u015f modeli y\u00f6ntemlerini bu sefer Tim Clark\u2019\u0131n kariyer geli\u015fim y\u00f6ntemiyle birle\u015ftirerek ortaya koyuyorlar.Hayalini kurdu\u011funuz mesle\u011fi yapmak i\u00e7in hi\u00e7bir zaman ge\u00e7 de\u011fil.<\/p>\n","protected":false},"excerpt":{"rendered":"<p>Bir\u00e7o\u011fumuz hayat\u0131m\u0131z\u0131n bir k\u0131sm\u0131n\u0131 sevmedi\u011fimiz i\u015fleri yaparak ge\u00e7iriyoruz. Veya sevdi\u011fimiz halde y\u00f6ntemine bir t\u00fcrl\u00fc karar veremedi\u011fimiz i\u00e7in ba\u015far\u0131s\u0131z oldu\u011fumuz alanlarda faaliyet g\u00f6steriyoruz. Belki de y\u0131llard\u0131r yapmay\u0131<span class=\"excerpt-hellip\"> [\u2026]<\/span><\/p>\n","protected":false},"featured_media":0,"template":"","meta":{"_monsterinsights_skip_tracking":false,"_monsterinsights_sitenote_active":false,"_monsterinsights_sitenote_note":"","_monsterinsights_sitenote_category":0},"product_brand":[],"product_cat":[13043,17647],"product_tag":[],"class_list":{"0":"post-707558","1":"product","2":"type-product","3":"status-publish","5":"product_cat-ekonomi","6":"product_cat-is-dunyasi","7":"pa_cilt-ciltsiz","8":"pa_tur-kitap","9":"pa_yayinevi-timas-yayinlari","10":"pa_yazar-tim-clark","12":"first","13":"instock","14":"sale","15":"shipping-taxable","16":"purchasable","17":"product-type-simple"},"_links":{"self":[{"href":"https:\/\/roveyayinevi.com.tr\/index.php\/wp-json\/wp\/v2\/product\/707558","targetHints":{"allow":["GET"]}}],"collection":[{"href":"https:\/\/roveyayinevi.com.tr\/index.php\/wp-json\/wp\/v2\/product"}],"about":[{"href":"https:\/\/roveyayinevi.com.tr\/index.php\/wp-json\/wp\/v2\/types\/product"}],"wp:attachment":[{"href":"https:\/\/roveyayinevi.com.tr\/index.php\/wp-json\/wp\/v2\/media?parent=707558"}],"wp:term":[{"taxonomy":"product_brand","embeddable":true,"href":"https:\/\/roveyayinevi.com.tr\/index.php\/wp-json\/wp\/v2\/product_brand?post=707558"},{"taxonomy":"product_cat","embeddable":true,"href":"https:\/\/roveyayinevi.com.tr\/index.php\/wp-json\/wp\/v2\/product_cat?post=707558"},{"taxonomy":"product_tag","embeddable":true,"href":"https:\/\/roveyayinevi.com.tr\/index.php\/wp-json\/wp\/v2\/product_tag?post=707558"}],"curies":[{"name":"wp","href":"https:\/\/api.w.org\/{rel}","templated":true}]}}