{"id":707556,"date":"2025-08-27T16:06:46","date_gmt":"2025-08-27T13:06:46","guid":{"rendered":"https:\/\/roveyayinevi.com.tr\/index.php\/urun\/fangirl\/"},"modified":"2026-04-16T02:16:19","modified_gmt":"2026-04-15T23:16:19","slug":"fangirl","status":"publish","type":"product","link":"https:\/\/roveyayinevi.com.tr\/index.php\/urun\/fangirl\/","title":{"rendered":"Fangirl"},"content":{"rendered":"<p>Ger\u00e7ek ve d\u00fc\u015f aras\u0131nda s\u0131k\u0131\u015fm\u0131\u015f hayalperest bir gen\u00e7 k\u0131z&#8230;Bir elman\u0131n iki yar\u0131s\u0131yken farkl\u0131 hayatlara savrulan iki karde\u015fCath bir Simon Snow hayran\u0131d\u0131r.\u00d6yle ya, t\u00fcm d\u00fcnya Simon Snow hayran\u0131d\u0131r&#8230;Ancak bu Cath i\u00e7in bir hayat felsefesidir ve o takip\u00e7i olma konusunda \u00e7ok iyidir. \u0130kiz k\u0131z karde\u015fi Wren&#8217;le \u00e7ocukluklar\u0131ndan beri Simon Snow kitaplar\u0131n\u0131 defalarca okumaktan, hayran kurgusu yazmaya kadar, kendilerini seriye adam\u0131\u015f, annelerini kaybetmelerini de ancak bu \u015fekilde atlatabilmi\u015flerdir. B\u00fcy\u00fcd\u00fck\u00e7e Wren&#8217;in hayranl\u0131\u011f\u0131 azalsa da Cath&#8217;in vazge\u00e7meye niyeti yoktur.\u00dcniversiteye gidecekleri s\u0131rada Wren, onunla ayn\u0131 odada kalmak istemedi\u011fini s\u00f6yleyince Cath kendi rahat d\u00fcnyas\u0131n\u0131n tamamen d\u0131\u015f\u0131nda, bir ba\u015f\u0131na kal\u0131r. Son derece utanga\u00e7 olan Cath, kendini yazd\u0131\u011f\u0131 hayran kurgusuna kapt\u0131rm\u0131\u015ft\u0131r. Hik\u00e2yesinde her zaman ne diyece\u011fini gayet iyi bilmekte ve ger\u00e7ek hayatta hi\u00e7 tecr\u00fcbe etmedi\u011fi romantizmi \u00f6yk\u00fcs\u00fcne yans\u0131tabilmektedir. Wren elinden tutmadan da Cath her \u015feyin \u00fcstesinden gelebilecek midir? Kendi hayat\u0131na ba\u015flamaya ger\u00e7ekten haz\u0131r m\u0131d\u0131r? Ya kendi hik\u00e2yelerini yazmaya?..En \u00f6nemlisi de Simon Snow sevdas\u0131n\u0131 geride b\u0131rakma pahas\u0131na yola devam etmeyi istemekte midir?&#8221;Son derece keyifli, sevgi dolu bir gen\u00e7lik masal\u0131; ba\u015far\u0131 kaderinde var.&#8221;-New York Journal of Books-&#8220;Kesinlikle b\u00fcy\u00fcleyici.&#8221;-Kirkus Reviews-&#8220;Rowell, son derece pop\u00fclerle\u015fmi\u015f hayran kurgusu evrenini ve on sekiz ya\u015f\u0131ndaki bir k\u0131z\u0131n akl\u0131ndan ge\u00e7enleri ba\u015far\u0131yla aktar\u0131yor.&#8221;-Entertainment Weekly-&#8220;E\u011flenceli ve duygusal bir on sekiz ya\u015f hik\u00e2yesi, ayn\u0131 zamanda da gen\u00e7 bir yazar\u0131n kendi sesini aray\u0131\u015f\u0131&#8230; Dokunakl\u0131 ve son derece ger\u00e7ek\u00e7i.&#8221;-Publishers Weekly-&#8220;Bu kitapta b\u00fcy\u00fc yaln\u0131zca de\u011fneklerle yap\u0131lm\u0131yor; Rowell&#8217;\u0131n karma\u015f\u0131k, canl\u0131, sorunlu ve m\u00fckemmel ili\u015fkiler kaleme alma konusundaki inan\u0131lmaz yetene\u011fi sayesinde yaz\u0131, b\u00fcy\u00fcye d\u00f6n\u00fc\u015f\u00fcyor.&#8221;-Booklist-&#8220;Etkileyici bir on sekiz ya\u015f roman\u0131&#8230; Ger\u00e7ek\u00e7i bir yakla\u015f\u0131mla ele al\u0131nm\u0131\u015f karma\u015f\u0131k konularla dolu; zahmetsiz ve kusursuz anlat\u0131m da bu temalar\u0131 ustaca birbirine ba\u011flam\u0131\u015f.&#8221;-School Library Journal-<\/p>\n","protected":false},"excerpt":{"rendered":"<p>Ger\u00e7ek ve d\u00fc\u015f aras\u0131nda s\u0131k\u0131\u015fm\u0131\u015f hayalperest bir gen\u00e7 k\u0131z&#8230;Bir elman\u0131n iki yar\u0131s\u0131yken farkl\u0131 hayatlara savrulan iki karde\u015fCath bir Simon Snow hayran\u0131d\u0131r.\u00d6yle ya, t\u00fcm d\u00fcnya Simon Snow<span class=\"excerpt-hellip\"> [\u2026]<\/span><\/p>\n","protected":false},"featured_media":0,"template":"","meta":{"_monsterinsights_skip_tracking":false,"_monsterinsights_sitenote_active":false,"_monsterinsights_sitenote_note":"","_monsterinsights_sitenote_category":0},"product_brand":[],"product_cat":[12291,12711],"product_tag":[],"class_list":{"0":"post-707556","1":"product","2":"type-product","3":"status-publish","5":"product_cat-edebiyat","6":"product_cat-roman-oyku","7":"pa_cilt-ciltli","8":"pa_tur-kitap","9":"pa_yayinevi-pegasus-yayinlari","10":"pa_yazar-rainbow-rowell","12":"first","13":"instock","14":"sale","15":"shipping-taxable","16":"purchasable","17":"product-type-simple"},"_links":{"self":[{"href":"https:\/\/roveyayinevi.com.tr\/index.php\/wp-json\/wp\/v2\/product\/707556","targetHints":{"allow":["GET"]}}],"collection":[{"href":"https:\/\/roveyayinevi.com.tr\/index.php\/wp-json\/wp\/v2\/product"}],"about":[{"href":"https:\/\/roveyayinevi.com.tr\/index.php\/wp-json\/wp\/v2\/types\/product"}],"wp:attachment":[{"href":"https:\/\/roveyayinevi.com.tr\/index.php\/wp-json\/wp\/v2\/media?parent=707556"}],"wp:term":[{"taxonomy":"product_brand","embeddable":true,"href":"https:\/\/roveyayinevi.com.tr\/index.php\/wp-json\/wp\/v2\/product_brand?post=707556"},{"taxonomy":"product_cat","embeddable":true,"href":"https:\/\/roveyayinevi.com.tr\/index.php\/wp-json\/wp\/v2\/product_cat?post=707556"},{"taxonomy":"product_tag","embeddable":true,"href":"https:\/\/roveyayinevi.com.tr\/index.php\/wp-json\/wp\/v2\/product_tag?post=707556"}],"curies":[{"name":"wp","href":"https:\/\/api.w.org\/{rel}","templated":true}]}}