{"id":707554,"date":"2025-08-27T16:06:45","date_gmt":"2025-08-27T13:06:45","guid":{"rendered":"https:\/\/roveyayinevi.com.tr\/index.php\/urun\/aziz-nesin-ali-nesin-mektuplasmalari\/"},"modified":"2026-04-16T02:16:19","modified_gmt":"2026-04-15T23:16:19","slug":"aziz-nesin-ali-nesin-mektuplasmalari","status":"publish","type":"product","link":"https:\/\/roveyayinevi.com.tr\/index.php\/urun\/aziz-nesin-ali-nesin-mektuplasmalari\/","title":{"rendered":"Aziz Nesin &#8211; Ali Nesin Mektupla\u015fmalar\u0131"},"content":{"rendered":"<p>Aziz Nesin &#8211; Ali Nesin mektupla\u015fmalar\u0131n\u0131 tek ciltte toplayan bu kitap Ali Nesin&#8217;in \u0130stanbul&#8217;da Kad\u0131k\u00f6y ABC \u0130lkokuluna gitti\u011fi 1965 y\u0131l\u0131ndan ba\u015flayarak Saint Joseph Lisesinde okudu\u011fu d\u00f6nemi (1967-1981), \u0130svi\u00e7re&#8217;deki lise (1973-1977), Paris&#8217;teki \u00fcniversite y\u0131llar\u0131n\u0131 kapsayan (1977-1981), ard\u0131ndan ABD&#8217;ye gidip matematik doktoru olmas\u0131ndan Aziz Nesin&#8217;in \u00f6l\u00fcm\u00fcne kadar ge\u00e7en d\u00f6nemi ve bu d\u00f6nemde askerlik g\u00f6revi i\u00e7in T\u00fcrkiye&#8217;ye d\u00f6nd\u00fc\u011f\u00fcnde kendisine kar\u015f\u0131 a\u00e7\u0131lan davadan beraat edene kadar tutuklu kald\u0131\u011f\u0131 s\u00fcreci de i\u00e7eren uzun bir zaman dilimine yay\u0131lm\u0131\u015f baba-o\u011ful mektupla\u015fmalar\u0131ndan olu\u015fuyor. Bu mektuplar yaln\u0131z onlar\u0131n ya\u015fam ser\u00fcvenini de\u011fil yazd\u0131klar\u0131 tarihlerin ac\u0131 tatl\u0131 ger\u00e7eklerini de g\u00f6zler \u00f6n\u00fcne seriyor.&#8221;Ali&#8217;yle mektupla\u015fmalar\u0131m\u0131z\u0131n birinci cildindeki mektuplar\u0131 bas\u0131mevine g\u00f6ndermeden \u00f6nce yeniden ve b\u00fct\u00fcn\u00fcyle okuyunca \u00e7ok duyguland\u0131m, \u00e7ok etkilendim. Kendi mektuplar\u0131m\u0131, sanki y\u0131llar sonra ba\u015fka birisi yazm\u0131\u015f gibi okudum. Anlatamayaca\u011f\u0131m duygular i\u00e7indeyim.&#8221;&#8221;Mektuplar\u0131, insan\u0131n anla\u015f\u0131lmas\u0131, bireysel ve toplumsal olaylar\u0131n a\u00e7\u0131klanmas\u0131 bak\u0131m\u0131ndan, an\u0131 ve g\u00fcncelerden daha de\u011ferli bulmaktay\u0131m. Mektuplar\u0131m\u0131z\u0131 yay\u0131mlamam\u0131n nedeni de budur.&#8221;Aziz Nesin&#8217;in \u00f6ns\u00f6z\u00fcnden\u0130lk olarak 1994-1995 y\u0131llar\u0131 aras\u0131nda d\u00f6rt cilt olarak yay\u0131mlanan Aziz Nesin &#8211; Ali Nesin Mektupla\u015fmalar\u0131 2002 y\u0131l\u0131nda Can\u0131m O\u011flum Can\u0131m Babac\u0131\u011f\u0131m ad\u0131 alt\u0131nda iki ciltte toplanm\u0131\u015f ve son olarak \u00f6zel bir bask\u0131yla tek ciltte yay\u0131mlanm\u0131\u015ft\u0131r.<\/p>\n","protected":false},"excerpt":{"rendered":"<p>Aziz Nesin &#8211; Ali Nesin mektupla\u015fmalar\u0131n\u0131 tek ciltte toplayan bu kitap Ali Nesin&#8217;in \u0130stanbul&#8217;da Kad\u0131k\u00f6y ABC \u0130lkokuluna gitti\u011fi 1965 y\u0131l\u0131ndan ba\u015flayarak Saint Joseph Lisesinde okudu\u011fu d\u00f6nemi<span class=\"excerpt-hellip\"> [\u2026]<\/span><\/p>\n","protected":false},"featured_media":0,"template":"","meta":{"_monsterinsights_skip_tracking":false,"_monsterinsights_sitenote_active":false,"_monsterinsights_sitenote_note":"","_monsterinsights_sitenote_category":0},"product_brand":[],"product_cat":[13701,12291],"product_tag":[],"class_list":{"0":"post-707554","1":"product","2":"type-product","3":"status-publish","5":"product_cat-ani-mektup-gunluk","6":"product_cat-edebiyat","7":"pa_cilt-ciltli","8":"pa_tur-kitap","9":"pa_yayinevi-nesin-yayinlari","10":"pa_yazar-aziz-nesin","12":"first","13":"instock","14":"sale","15":"shipping-taxable","16":"purchasable","17":"product-type-simple"},"_links":{"self":[{"href":"https:\/\/roveyayinevi.com.tr\/index.php\/wp-json\/wp\/v2\/product\/707554","targetHints":{"allow":["GET"]}}],"collection":[{"href":"https:\/\/roveyayinevi.com.tr\/index.php\/wp-json\/wp\/v2\/product"}],"about":[{"href":"https:\/\/roveyayinevi.com.tr\/index.php\/wp-json\/wp\/v2\/types\/product"}],"wp:attachment":[{"href":"https:\/\/roveyayinevi.com.tr\/index.php\/wp-json\/wp\/v2\/media?parent=707554"}],"wp:term":[{"taxonomy":"product_brand","embeddable":true,"href":"https:\/\/roveyayinevi.com.tr\/index.php\/wp-json\/wp\/v2\/product_brand?post=707554"},{"taxonomy":"product_cat","embeddable":true,"href":"https:\/\/roveyayinevi.com.tr\/index.php\/wp-json\/wp\/v2\/product_cat?post=707554"},{"taxonomy":"product_tag","embeddable":true,"href":"https:\/\/roveyayinevi.com.tr\/index.php\/wp-json\/wp\/v2\/product_tag?post=707554"}],"curies":[{"name":"wp","href":"https:\/\/api.w.org\/{rel}","templated":true}]}}