{"id":707551,"date":"2025-08-27T16:06:43","date_gmt":"2025-08-27T13:06:43","guid":{"rendered":"https:\/\/roveyayinevi.com.tr\/index.php\/urun\/benim-kucuk-deneylerim-nasil-yaptilar\/"},"modified":"2026-04-16T02:16:19","modified_gmt":"2026-04-15T23:16:19","slug":"benim-kucuk-deneylerim-nasil-yaptilar","status":"publish","type":"product","link":"https:\/\/roveyayinevi.com.tr\/index.php\/urun\/benim-kucuk-deneylerim-nasil-yaptilar\/","title":{"rendered":"Benim K\u00fc\u00e7\u00fck Deneylerim: Nas\u0131l Yapt\u0131lar?"},"content":{"rendered":"<p>Gen\u00e7 bilim insanlar\u0131 bu kitab\u0131 \u00e7ok sevecek!U\u00e7urtma, mikroskop, saat veya termometre gibi ara\u00e7lar\u0131 sen de evde yapabilirsin. Bu ve benzer ara\u00e7lar\u0131 yaparken hem d\u00fcnyam\u0131z\u0131 daha iyi kavrayabilir hem de bilimin nas\u0131l \u00e7al\u0131\u015ft\u0131\u011f\u0131n\u0131 g\u00f6rebilirsin.<\/p>\n","protected":false},"excerpt":{"rendered":"<p>Gen\u00e7 bilim insanlar\u0131 bu kitab\u0131 \u00e7ok sevecek!U\u00e7urtma, mikroskop, saat veya termometre gibi ara\u00e7lar\u0131 sen de evde yapabilirsin. Bu ve benzer ara\u00e7lar\u0131 yaparken hem d\u00fcnyam\u0131z\u0131 daha iyi<span class=\"excerpt-hellip\"> [\u2026]<\/span><\/p>\n","protected":false},"featured_media":0,"template":"","meta":{"_monsterinsights_skip_tracking":false,"_monsterinsights_sitenote_active":false,"_monsterinsights_sitenote_note":"","_monsterinsights_sitenote_category":0},"product_brand":[],"product_cat":[13829,12274],"product_tag":[],"class_list":{"0":"post-707551","1":"product","2":"type-product","3":"status-publish","5":"product_cat-bilimsel-kitaplar","6":"product_cat-cocuk-ve-genclik-kitaplari","7":"pa_cilt-ciltsiz","8":"pa_tur-kitap","9":"pa_yayinevi-odtu-gelistirme-vakfi-yayincilik","10":"pa_yazar-melanie-perez","12":"first","13":"instock","14":"sale","15":"shipping-taxable","16":"purchasable","17":"product-type-simple"},"_links":{"self":[{"href":"https:\/\/roveyayinevi.com.tr\/index.php\/wp-json\/wp\/v2\/product\/707551","targetHints":{"allow":["GET"]}}],"collection":[{"href":"https:\/\/roveyayinevi.com.tr\/index.php\/wp-json\/wp\/v2\/product"}],"about":[{"href":"https:\/\/roveyayinevi.com.tr\/index.php\/wp-json\/wp\/v2\/types\/product"}],"wp:attachment":[{"href":"https:\/\/roveyayinevi.com.tr\/index.php\/wp-json\/wp\/v2\/media?parent=707551"}],"wp:term":[{"taxonomy":"product_brand","embeddable":true,"href":"https:\/\/roveyayinevi.com.tr\/index.php\/wp-json\/wp\/v2\/product_brand?post=707551"},{"taxonomy":"product_cat","embeddable":true,"href":"https:\/\/roveyayinevi.com.tr\/index.php\/wp-json\/wp\/v2\/product_cat?post=707551"},{"taxonomy":"product_tag","embeddable":true,"href":"https:\/\/roveyayinevi.com.tr\/index.php\/wp-json\/wp\/v2\/product_tag?post=707551"}],"curies":[{"name":"wp","href":"https:\/\/api.w.org\/{rel}","templated":true}]}}