{"id":707550,"date":"2025-08-27T16:06:42","date_gmt":"2025-08-27T13:06:42","guid":{"rendered":"https:\/\/roveyayinevi.com.tr\/index.php\/urun\/benim-kucuk-deneylerim-mutfak\/"},"modified":"2026-04-16T02:16:19","modified_gmt":"2026-04-15T23:16:19","slug":"benim-kucuk-deneylerim-mutfak","status":"publish","type":"product","link":"https:\/\/roveyayinevi.com.tr\/index.php\/urun\/benim-kucuk-deneylerim-mutfak\/","title":{"rendered":"Benim K\u00fc\u00e7\u00fck Deneylerim: Mutfak"},"content":{"rendered":"<p>K\u00fc\u00e7\u00fck a\u015f\u00e7\u0131lar bu kitab\u0131 \u00e7ok sevecek!K\u00fc\u00e7\u00fck pizza, elmal\u0131 turta, meyve \u015fi\u015fleri ve muz tatl\u0131s\u0131 gibi yiyecekleri kendi ba\u015f\u0131na yapabilece\u011fini biliyor musun?Bu kitap yard\u0131m\u0131yla bir yandan \u00e7e\u015fitli mutfak ara\u00e7 gere\u00e7lerini nas\u0131l kullanaca\u011f\u0131n\u0131 \u00f6\u011frenirken bir yandan da birbirinden lezzetli yiyecekler yapabileceksin. Yapt\u0131klar\u0131n\u0131 arkada\u015flar\u0131n ya da ailenle payla\u015fabilirsin.<\/p>\n","protected":false},"excerpt":{"rendered":"<p>K\u00fc\u00e7\u00fck a\u015f\u00e7\u0131lar bu kitab\u0131 \u00e7ok sevecek!K\u00fc\u00e7\u00fck pizza, elmal\u0131 turta, meyve \u015fi\u015fleri ve muz tatl\u0131s\u0131 gibi yiyecekleri kendi ba\u015f\u0131na yapabilece\u011fini biliyor musun?Bu kitap yard\u0131m\u0131yla bir yandan \u00e7e\u015fitli<span class=\"excerpt-hellip\"> [\u2026]<\/span><\/p>\n","protected":false},"featured_media":0,"template":"","meta":{"_monsterinsights_skip_tracking":false,"_monsterinsights_sitenote_active":false,"_monsterinsights_sitenote_note":"","_monsterinsights_sitenote_category":0},"product_brand":[],"product_cat":[13829,12274],"product_tag":[],"class_list":{"0":"post-707550","1":"product","2":"type-product","3":"status-publish","5":"product_cat-bilimsel-kitaplar","6":"product_cat-cocuk-ve-genclik-kitaplari","7":"pa_cilt-ciltsiz","8":"pa_tur-kitap","9":"pa_yayinevi-odtu-gelistirme-vakfi-yayincilik","10":"pa_yazar-francesca-massa","12":"first","13":"instock","14":"sale","15":"shipping-taxable","16":"purchasable","17":"product-type-simple"},"_links":{"self":[{"href":"https:\/\/roveyayinevi.com.tr\/index.php\/wp-json\/wp\/v2\/product\/707550","targetHints":{"allow":["GET"]}}],"collection":[{"href":"https:\/\/roveyayinevi.com.tr\/index.php\/wp-json\/wp\/v2\/product"}],"about":[{"href":"https:\/\/roveyayinevi.com.tr\/index.php\/wp-json\/wp\/v2\/types\/product"}],"wp:attachment":[{"href":"https:\/\/roveyayinevi.com.tr\/index.php\/wp-json\/wp\/v2\/media?parent=707550"}],"wp:term":[{"taxonomy":"product_brand","embeddable":true,"href":"https:\/\/roveyayinevi.com.tr\/index.php\/wp-json\/wp\/v2\/product_brand?post=707550"},{"taxonomy":"product_cat","embeddable":true,"href":"https:\/\/roveyayinevi.com.tr\/index.php\/wp-json\/wp\/v2\/product_cat?post=707550"},{"taxonomy":"product_tag","embeddable":true,"href":"https:\/\/roveyayinevi.com.tr\/index.php\/wp-json\/wp\/v2\/product_tag?post=707550"}],"curies":[{"name":"wp","href":"https:\/\/api.w.org\/{rel}","templated":true}]}}