{"id":707520,"date":"2025-08-27T16:06:29","date_gmt":"2025-08-27T13:06:29","guid":{"rendered":"https:\/\/roveyayinevi.com.tr\/index.php\/urun\/mesnevi-tercumesi-6-cilt-ciltli\/"},"modified":"2026-04-16T02:16:18","modified_gmt":"2026-04-15T23:16:18","slug":"mesnevi-tercumesi-6-cilt-ciltli","status":"publish","type":"product","link":"https:\/\/roveyayinevi.com.tr\/index.php\/urun\/mesnevi-tercumesi-6-cilt-ciltli\/","title":{"rendered":"Mesnevi Terc\u00fcmesi 6 Cilt (Ciltli)"},"content":{"rendered":"<p>Mesnev\u00ee, hak\u00eekate ula\u015fmak ve Allah&#8217;\u0131n s\u0131rlar\u0131na \u00e2g\u00e2h olmak isteyenler i\u00e7in bir yoldur. Mevl\u00e2na, eserini etkili k\u0131lmak, fikirlerini, duygular\u0131n\u0131 daha g\u00fczel a\u00e7\u0131klamak i\u00e7in baz\u0131 garip, m\u00fcstesn\u00e2 hik\u00e2yeleri \u00f6rnek olarak vermekte, irf\u00e2n sahibi ki\u015fileri \u00e2det\u00e2 b\u00fcy\u00fcleyen g\u00fczel beyitlerini, bu hik\u00e2yeler aras\u0131na s\u0131k\u0131\u015ft\u0131rmaktad\u0131r. Birbiri i\u00e7ine giren bu n\u00e2dir hik\u00e2yeler aras\u0131nda gizlenmi\u015f bulunan Mesnev\u00ee cevherlerini, bu il\u00e2h\u00ee hikmetleri bulup \u00e7\u0131karmak i\u00e7in \u00e7ok dikkatle u\u011fra\u015fmak, emek sarf etmek ve \u00e7ok sab\u0131rl\u0131 olmak gerekmektedir. Bu eme\u011fi hakk\u0131yla sarf edenlerin ba\u015f\u0131nda doksan alt\u0131 y\u0131ll\u0131k \u00f6mr\u00fcn\u00fc Mesnev\u00ee&#8217;ye adayan, son icazetli mesnev\u00eehan, rahmetli \u015eefik Can gelir. \u015eefik Can, Mevl\u00e2n\u00e2 ve Mesnev\u00eesi hakk\u0131nda farkl\u0131 dillerde yaz\u0131lan kayda de\u011fer t\u00fcm kitaplar\u0131 okuduktan, Mesnev\u00ee terc\u00fcmelerini y\u0131llar s\u00fcren bir dikkatle tarad\u0131ktan sonra bu eseri kaleme alm\u0131\u015ft\u0131r. Beyitler, anlam kayb\u0131 olu\u015fmamas\u0131na \u00f6zen g\u00f6sterilerek, en do\u011fru \u015fekilde ve g\u00fczel bir T\u00fcrk\u00e7eyle ifade edilmi\u015ftir. Eserde ge\u00e7en k\u0131ssalar\u0131n kaynaklar\u0131 belirtilmi\u015f, ima edilen ve a\u00e7\u0131klanan konular\u0131n Kur&#8217;an-\u0131 Kerim&#8217;deki ve di\u011fer b\u00fcy\u00fck kitaplardaki yeri g\u00f6sterilmi\u015ftir.<\/p>\n","protected":false},"excerpt":{"rendered":"<p>Mesnev\u00ee, hak\u00eekate ula\u015fmak ve Allah&#8217;\u0131n s\u0131rlar\u0131na \u00e2g\u00e2h olmak isteyenler i\u00e7in bir yoldur. Mevl\u00e2na, eserini etkili k\u0131lmak, fikirlerini, duygular\u0131n\u0131 daha g\u00fczel a\u00e7\u0131klamak i\u00e7in baz\u0131 garip, m\u00fcstesn\u00e2 hik\u00e2yeleri<span class=\"excerpt-hellip\"> [\u2026]<\/span><\/p>\n","protected":false},"featured_media":0,"template":"","meta":{"_monsterinsights_skip_tracking":false,"_monsterinsights_sitenote_active":false,"_monsterinsights_sitenote_note":"","_monsterinsights_sitenote_category":0},"product_brand":[],"product_cat":[12718,12719,15238],"product_tag":[],"class_list":{"0":"post-707520","1":"product","2":"type-product","3":"status-publish","5":"product_cat-din","6":"product_cat-islam","7":"product_cat-tasavvuf","8":"pa_cilt-ciltli","9":"pa_tur-kitap","10":"pa_yayinevi-otuken-nesriyat","11":"pa_yazar-mevlana-celaleddin-rumi","13":"first","14":"instock","15":"sale","16":"shipping-taxable","17":"purchasable","18":"product-type-simple"},"_links":{"self":[{"href":"https:\/\/roveyayinevi.com.tr\/index.php\/wp-json\/wp\/v2\/product\/707520","targetHints":{"allow":["GET"]}}],"collection":[{"href":"https:\/\/roveyayinevi.com.tr\/index.php\/wp-json\/wp\/v2\/product"}],"about":[{"href":"https:\/\/roveyayinevi.com.tr\/index.php\/wp-json\/wp\/v2\/types\/product"}],"wp:attachment":[{"href":"https:\/\/roveyayinevi.com.tr\/index.php\/wp-json\/wp\/v2\/media?parent=707520"}],"wp:term":[{"taxonomy":"product_brand","embeddable":true,"href":"https:\/\/roveyayinevi.com.tr\/index.php\/wp-json\/wp\/v2\/product_brand?post=707520"},{"taxonomy":"product_cat","embeddable":true,"href":"https:\/\/roveyayinevi.com.tr\/index.php\/wp-json\/wp\/v2\/product_cat?post=707520"},{"taxonomy":"product_tag","embeddable":true,"href":"https:\/\/roveyayinevi.com.tr\/index.php\/wp-json\/wp\/v2\/product_tag?post=707520"}],"curies":[{"name":"wp","href":"https:\/\/api.w.org\/{rel}","templated":true}]}}