{"id":707514,"date":"2025-08-27T16:06:26","date_gmt":"2025-08-27T13:06:26","guid":{"rendered":"https:\/\/roveyayinevi.com.tr\/index.php\/urun\/benim-kucuk-deneylerim-yaratici-fikirler\/"},"modified":"2026-04-16T02:16:18","modified_gmt":"2026-04-15T23:16:18","slug":"benim-kucuk-deneylerim-yaratici-fikirler","status":"publish","type":"product","link":"https:\/\/roveyayinevi.com.tr\/index.php\/urun\/benim-kucuk-deneylerim-yaratici-fikirler\/","title":{"rendered":"Benim K\u00fc\u00e7\u00fck Deneylerim &#8211; Yarat\u0131c\u0131 Fikirler"},"content":{"rendered":"<p>E\u011flenirken \u00d6\u011freniyoruz!Bir \u015fato veya ya\u011fmur sopas\u0131 yapmak, kendi y\u00fcz\u00fcn\u00fcn maskesini \u00e7\u0131karmak ya da ejder kuklas\u0131, \u00e7i\u00e7ek kolye yapmak son derece \u00f6\u011fretici ve e\u011flendirici \u00e7al\u0131\u015fmalard\u0131r. Bu kitapta bir yandan d\u00fcnya halklar\u0131n\u0131n k\u00fclt\u00fcrlerini \u00f6\u011frenirken bir yandan da kitaptaki fikirleri kolayca ger\u00e7ekle\u015ftirme olana\u011f\u0131 bulacaks\u0131n. Yarat\u0131c\u0131l\u0131\u011f\u0131n\u0131 serbest b\u0131rak<\/p>\n","protected":false},"excerpt":{"rendered":"<p>E\u011flenirken \u00d6\u011freniyoruz!Bir \u015fato veya ya\u011fmur sopas\u0131 yapmak, kendi y\u00fcz\u00fcn\u00fcn maskesini \u00e7\u0131karmak ya da ejder kuklas\u0131, \u00e7i\u00e7ek kolye yapmak son derece \u00f6\u011fretici ve e\u011flendirici \u00e7al\u0131\u015fmalard\u0131r. Bu kitapta<span class=\"excerpt-hellip\"> [\u2026]<\/span><\/p>\n","protected":false},"featured_media":0,"template":"","meta":{"_monsterinsights_skip_tracking":false,"_monsterinsights_sitenote_active":false,"_monsterinsights_sitenote_note":"","_monsterinsights_sitenote_category":0},"product_brand":[],"product_cat":[13829,12274],"product_tag":[],"class_list":{"0":"post-707514","1":"product","2":"type-product","3":"status-publish","5":"product_cat-bilimsel-kitaplar","6":"product_cat-cocuk-ve-genclik-kitaplari","7":"pa_cilt-ciltsiz","8":"pa_tur-kitap","9":"pa_yayinevi-odtu-gelistirme-vakfi-yayincilik","10":"pa_yazar-espace-arts-lebeudy-association","12":"first","13":"instock","14":"sale","15":"shipping-taxable","16":"purchasable","17":"product-type-simple"},"_links":{"self":[{"href":"https:\/\/roveyayinevi.com.tr\/index.php\/wp-json\/wp\/v2\/product\/707514","targetHints":{"allow":["GET"]}}],"collection":[{"href":"https:\/\/roveyayinevi.com.tr\/index.php\/wp-json\/wp\/v2\/product"}],"about":[{"href":"https:\/\/roveyayinevi.com.tr\/index.php\/wp-json\/wp\/v2\/types\/product"}],"wp:attachment":[{"href":"https:\/\/roveyayinevi.com.tr\/index.php\/wp-json\/wp\/v2\/media?parent=707514"}],"wp:term":[{"taxonomy":"product_brand","embeddable":true,"href":"https:\/\/roveyayinevi.com.tr\/index.php\/wp-json\/wp\/v2\/product_brand?post=707514"},{"taxonomy":"product_cat","embeddable":true,"href":"https:\/\/roveyayinevi.com.tr\/index.php\/wp-json\/wp\/v2\/product_cat?post=707514"},{"taxonomy":"product_tag","embeddable":true,"href":"https:\/\/roveyayinevi.com.tr\/index.php\/wp-json\/wp\/v2\/product_tag?post=707514"}],"curies":[{"name":"wp","href":"https:\/\/api.w.org\/{rel}","templated":true}]}}