{"id":707513,"date":"2025-08-27T16:06:26","date_gmt":"2025-08-27T13:06:26","guid":{"rendered":"https:\/\/roveyayinevi.com.tr\/index.php\/urun\/sanat-nedir-2\/"},"modified":"2026-04-16T02:16:18","modified_gmt":"2026-04-15T23:16:18","slug":"sanat-nedir-2","status":"publish","type":"product","link":"https:\/\/roveyayinevi.com.tr\/index.php\/urun\/sanat-nedir-2\/","title":{"rendered":"Sanat Nedir"},"content":{"rendered":"<p>Bir sanat eserini sanat eseri k\u0131lan nedir? \u00dcnl\u00fc d\u00fc\u015f\u00fcn\u00fcr ve sanat ele\u015ftirmeni Arthur C. Danto bunu &#8220;anlam&#8221; ve &#8220;cisimle\u015fme&#8221; olmak \u00fczere iki ana kriterin belirledi\u011fi, sanat seyircisinin de \u00fc\u00e7\u00fcnc\u00fc kriter olarak yorum katt\u0131\u011f\u0131 fikri do\u011frultusunda bu \u00e7ok temel ve bir o kadar da karma\u015f\u0131k soruya yan\u0131t ar\u0131yor. Sanat Nedir, sanat\u0131n tan\u0131mlanamaz bir kavram oldu\u011fu y\u00f6n\u00fcndeki yayg\u0131n kan\u0131ya meydan okuyarak evrensel anlam\u0131 meydana getiren niteliklerin pe\u015fine d\u00fc\u015f\u00fcyor.Danto arg\u00fcman\u0131n\u0131 olu\u015ftururken Platon&#8217;un Devlet&#8217;inden ba\u015flayarak Descartes, Kant, Hegel ve Heidegger gibi d\u00fc\u015f\u00fcn\u00fcrlerden yararlan\u0131yor; Michelangelo, Poussin, Manet, Duchamp ve Warhol gibi sanat\u00e7\u0131lar\u0131n eserlerini ele al\u0131yor. Bu d\u00fc\u015f\u00fcnsel yolculu\u011fa Sistina \u015eapeli&#8217;nin muhte\u015fem tavan\u0131, Duchamp&#8217;\u0131n pisuar\u0131, Warhol&#8217;un kutular\u0131 gibi d\u00f6n\u00fcm noktas\u0131 niteli\u011finde eserler e\u015flik ediyor. Danto&#8217;nun felsefi irdelemesinde sanata dair pek \u00e7ok g\u00fcncel soruya da ufuk a\u00e7\u0131c\u0131 yan\u0131tlar sunuluyor.<\/p>\n","protected":false},"excerpt":{"rendered":"<p>Bir sanat eserini sanat eseri k\u0131lan nedir? \u00dcnl\u00fc d\u00fc\u015f\u00fcn\u00fcr ve sanat ele\u015ftirmeni Arthur C. Danto bunu &#8220;anlam&#8221; ve &#8220;cisimle\u015fme&#8221; olmak \u00fczere iki ana kriterin belirledi\u011fi, sanat<span class=\"excerpt-hellip\"> [\u2026]<\/span><\/p>\n","protected":false},"featured_media":0,"template":"","meta":{"_monsterinsights_skip_tracking":false,"_monsterinsights_sitenote_active":false,"_monsterinsights_sitenote_note":"","_monsterinsights_sitenote_category":0},"product_brand":[],"product_cat":[12408],"product_tag":[],"class_list":{"0":"post-707513","1":"product","2":"type-product","3":"status-publish","5":"product_cat-sanat","6":"pa_cilt-ciltsiz","7":"pa_tur-kitap","8":"pa_yayinevi-sel-yayincilik","9":"pa_yazar-arthur-c-danto","11":"first","12":"instock","13":"sale","14":"shipping-taxable","15":"purchasable","16":"product-type-simple"},"_links":{"self":[{"href":"https:\/\/roveyayinevi.com.tr\/index.php\/wp-json\/wp\/v2\/product\/707513","targetHints":{"allow":["GET"]}}],"collection":[{"href":"https:\/\/roveyayinevi.com.tr\/index.php\/wp-json\/wp\/v2\/product"}],"about":[{"href":"https:\/\/roveyayinevi.com.tr\/index.php\/wp-json\/wp\/v2\/types\/product"}],"wp:attachment":[{"href":"https:\/\/roveyayinevi.com.tr\/index.php\/wp-json\/wp\/v2\/media?parent=707513"}],"wp:term":[{"taxonomy":"product_brand","embeddable":true,"href":"https:\/\/roveyayinevi.com.tr\/index.php\/wp-json\/wp\/v2\/product_brand?post=707513"},{"taxonomy":"product_cat","embeddable":true,"href":"https:\/\/roveyayinevi.com.tr\/index.php\/wp-json\/wp\/v2\/product_cat?post=707513"},{"taxonomy":"product_tag","embeddable":true,"href":"https:\/\/roveyayinevi.com.tr\/index.php\/wp-json\/wp\/v2\/product_tag?post=707513"}],"curies":[{"name":"wp","href":"https:\/\/api.w.org\/{rel}","templated":true}]}}