{"id":707512,"date":"2025-08-27T16:06:25","date_gmt":"2025-08-27T13:06:25","guid":{"rendered":"https:\/\/roveyayinevi.com.tr\/index.php\/urun\/oldugun-yerde-kal\/"},"modified":"2026-04-16T02:16:18","modified_gmt":"2026-04-15T23:16:18","slug":"oldugun-yerde-kal","status":"publish","type":"product","link":"https:\/\/roveyayinevi.com.tr\/index.php\/urun\/oldugun-yerde-kal\/","title":{"rendered":"Oldu\u011fun Yerde Kal"},"content":{"rendered":"<p>Birinci D\u00fcnya Sava\u015f\u0131\u2019n\u0131n ba\u015flad\u0131\u011f\u0131 g\u00fcn, Alfie\u2019nin be\u015finci do\u011fum g\u00fcn\u00fc partisine denk gelmi\u015fti. Alfie, sava\u015f\u0131n nelere yol a\u00e7aca\u011f\u0131n\u0131 tahmin edemese de bu s\u00fcre boyunca hayatlar\u0131n\u0131n eskisi gibi ilerlemeyece\u011fini biliyordu. Babas\u0131 Alfie\u2019yi terk etmeyece\u011fine s\u00f6z vermi\u015fti vermesine, ancak bu s\u00f6z\u00fc, eli silah tutan her erkek gibi orduya yaz\u0131lmas\u0131na engel olmam\u0131\u015ft\u0131. \u00c7ok sevdi\u011fi ailesini geride b\u0131rakarak Avrupa cephelerinde sava\u015fmaya giden babas\u0131n\u0131n hayat\u0131nda kanl\u0131 bir sayfa a\u00e7\u0131lm\u0131\u015ft\u0131 art\u0131k. Londra\u2019da b\u0131rakt\u0131\u011f\u0131 sevdiklerini ise \u00e7aresizlik, yoksulluk ve ac\u0131 dolu bir m\u00fccadele bekliyordu\u2026Cephede ge\u00e7en d\u00f6rt koca y\u0131l boyunca Alfie b\u00fcy\u00fcm\u00fc\u015f, babas\u0131 ise gizli bir g\u00f6revde oldu\u011fu gerek\u00e7esiyle ailesi ile olan t\u00fcm ileti\u015fimini koparm\u0131\u015ft\u0131. Sava\u015f t\u00fcm ac\u0131mas\u0131zl\u0131\u011f\u0131yla s\u00fcr\u00fcyor, Alifie\u2019nin ruhunda kopan f\u0131rt\u0131nalar dinmek bilmiyordu. \u00d6te yandan tuhaf giden bir \u015feyler vard\u0131. Babas\u0131n\u0131n \u015fu gizli g\u00f6revi neydi? Alfie ne yap\u0131p edip bulmal\u0131yd\u0131 babas\u0131n\u0131. \u00dcstelik d\u00fcnyan\u0131n en iyi nedeni u\u011fruna her \u015feyi yapmaya haz\u0131rd\u0131: Sevgi u\u011fruna\u2026Johne Boyne, onlarca farkl\u0131 dile \u00e7evrilerek d\u00fcnya \u00e7ap\u0131nda milyonlarca okurun kalbine dokunan \u00c7izgili Pijamal\u0131 \u00c7ocuk adl\u0131 kitab\u0131nda oldu\u011fu gibi sava\u015fa yine k\u00fc\u00e7\u00fck bir \u00e7ocu\u011fun g\u00f6z\u00fcnden bakarak, bu b\u00fcy\u00fck felaketin insanlar \u00fczerinde b\u0131rakt\u0131\u011f\u0131 kal\u0131c\u0131 izleri \u015fiirsel bir dille, umut dolu bir baba o\u011ful hik\u00e2yesine d\u00f6n\u00fc\u015ft\u00fcr\u00fcyor.<\/p>\n","protected":false},"excerpt":{"rendered":"<p>Birinci D\u00fcnya Sava\u015f\u0131\u2019n\u0131n ba\u015flad\u0131\u011f\u0131 g\u00fcn, Alfie\u2019nin be\u015finci do\u011fum g\u00fcn\u00fc partisine denk gelmi\u015fti. Alfie, sava\u015f\u0131n nelere yol a\u00e7aca\u011f\u0131n\u0131 tahmin edemese de bu s\u00fcre boyunca hayatlar\u0131n\u0131n eskisi gibi<span class=\"excerpt-hellip\"> [\u2026]<\/span><\/p>\n","protected":false},"featured_media":0,"template":"","meta":{"_monsterinsights_skip_tracking":false,"_monsterinsights_sitenote_active":false,"_monsterinsights_sitenote_note":"","_monsterinsights_sitenote_category":0},"product_brand":[],"product_cat":[12689,12274],"product_tag":[],"class_list":{"0":"post-707512","1":"product","2":"type-product","3":"status-publish","5":"product_cat-cizgi-roman-cocuk-ve-genclik-kitaplari","6":"product_cat-cocuk-ve-genclik-kitaplari","7":"pa_cilt-ciltsiz","8":"pa_tur-kitap","9":"pa_yayinevi-tudem-yayinlari","10":"pa_yazar-john-boyne","12":"first","13":"instock","14":"sale","15":"shipping-taxable","16":"purchasable","17":"product-type-simple"},"_links":{"self":[{"href":"https:\/\/roveyayinevi.com.tr\/index.php\/wp-json\/wp\/v2\/product\/707512","targetHints":{"allow":["GET"]}}],"collection":[{"href":"https:\/\/roveyayinevi.com.tr\/index.php\/wp-json\/wp\/v2\/product"}],"about":[{"href":"https:\/\/roveyayinevi.com.tr\/index.php\/wp-json\/wp\/v2\/types\/product"}],"wp:attachment":[{"href":"https:\/\/roveyayinevi.com.tr\/index.php\/wp-json\/wp\/v2\/media?parent=707512"}],"wp:term":[{"taxonomy":"product_brand","embeddable":true,"href":"https:\/\/roveyayinevi.com.tr\/index.php\/wp-json\/wp\/v2\/product_brand?post=707512"},{"taxonomy":"product_cat","embeddable":true,"href":"https:\/\/roveyayinevi.com.tr\/index.php\/wp-json\/wp\/v2\/product_cat?post=707512"},{"taxonomy":"product_tag","embeddable":true,"href":"https:\/\/roveyayinevi.com.tr\/index.php\/wp-json\/wp\/v2\/product_tag?post=707512"}],"curies":[{"name":"wp","href":"https:\/\/api.w.org\/{rel}","templated":true}]}}