{"id":707511,"date":"2025-08-27T16:06:24","date_gmt":"2025-08-27T13:06:24","guid":{"rendered":"https:\/\/roveyayinevi.com.tr\/index.php\/urun\/kurt-ve-kuzgun\/"},"modified":"2026-04-16T02:16:18","modified_gmt":"2026-04-15T23:16:18","slug":"kurt-ve-kuzgun","status":"publish","type":"product","link":"https:\/\/roveyayinevi.com.tr\/index.php\/urun\/kurt-ve-kuzgun\/","title":{"rendered":"Kurt ve Kuzgun"},"content":{"rendered":"<p>Cihan\u0131 titreten bir h\u00fck\u00fcmdar, Yavuz Sultan Selim\u2026Do\u011fuya nam salan \u015fahlar\u0131n \u015fah\u0131, \u015eah \u0130smail\u2026Y\u00fcz\u00fcn\u00fc bat\u0131dan sonra do\u011fuya d\u00f6nd\u00fcren Osmanl\u0131lar\u2026Her ge\u00e7en g\u00fcn biraz daha g\u00fc\u00e7lenen, g\u00fc\u00e7lendik\u00e7e de sesi y\u00fckselen Safeviler\u2026Ve d\u00fcnyan\u0131n kaderini de\u011fi\u015ftiren bir sava\u015f, \u00c7ald\u0131ran\u2026Osmanl\u0131\u2019ya do\u011funun kap\u0131lar\u0131n\u0131 a\u00e7an sava\u015f\u0131n, en zorlu \u00e7arp\u0131\u015fma anlar\u0131nda g\u00fcle oynaya \u00f6l\u00fcme y\u00fcr\u00fcyebilen ads\u0131z kahramanlar, Karatu\u011flar\u2026Ve Osmanl\u0131\u2019n\u0131n gelece\u011fine damga vuran casuslar\u0131n piri, Vehimi!Tarihi romanlar\u0131yla y\u00fcz binlerce okuru ge\u00e7mi\u015fin \u015fanl\u0131 zaferleri ve heyecan dolu sahneleriyle bulu\u015fturan \u00f6d\u00fcll\u00fc yazar Okay Tiryakio\u011flu, \u00c7ald\u0131ran Muharebesi\u2019nin 500. y\u0131l\u0131nda bug\u00fcnk\u00fc Ortado\u011fu haritas\u0131n\u0131n temellerini atan sava\u015f\u0131 yazd\u0131.KURT VE KUZGUN\u2026Yaln\u0131zca k\u0131l\u0131\u00e7lar\u0131n de\u011fil, \u015fiirlerin de en g\u00fc\u00e7l\u00fc silahlar kadar etkili oldu\u011fu k\u0131ran k\u0131rana bir m\u00fccadele\u2026<\/p>\n","protected":false},"excerpt":{"rendered":"<p>Cihan\u0131 titreten bir h\u00fck\u00fcmdar, Yavuz Sultan Selim\u2026Do\u011fuya nam salan \u015fahlar\u0131n \u015fah\u0131, \u015eah \u0130smail\u2026Y\u00fcz\u00fcn\u00fc bat\u0131dan sonra do\u011fuya d\u00f6nd\u00fcren Osmanl\u0131lar\u2026Her ge\u00e7en g\u00fcn biraz daha g\u00fc\u00e7lenen, g\u00fc\u00e7lendik\u00e7e de sesi<span class=\"excerpt-hellip\"> [\u2026]<\/span><\/p>\n","protected":false},"featured_media":0,"template":"","meta":{"_monsterinsights_skip_tracking":false,"_monsterinsights_sitenote_active":false,"_monsterinsights_sitenote_note":"","_monsterinsights_sitenote_category":0},"product_brand":[],"product_cat":[12291,12745],"product_tag":[],"class_list":{"0":"post-707511","1":"product","2":"type-product","3":"status-publish","5":"product_cat-edebiyat","6":"product_cat-tarihi-roman","7":"pa_cilt-ciltsiz","8":"pa_tur-kitap","9":"pa_yayinevi-timas-yayinlari","10":"pa_yazar-okay-tiryakioglu","12":"first","13":"instock","14":"sale","15":"shipping-taxable","16":"purchasable","17":"product-type-simple"},"_links":{"self":[{"href":"https:\/\/roveyayinevi.com.tr\/index.php\/wp-json\/wp\/v2\/product\/707511","targetHints":{"allow":["GET"]}}],"collection":[{"href":"https:\/\/roveyayinevi.com.tr\/index.php\/wp-json\/wp\/v2\/product"}],"about":[{"href":"https:\/\/roveyayinevi.com.tr\/index.php\/wp-json\/wp\/v2\/types\/product"}],"wp:attachment":[{"href":"https:\/\/roveyayinevi.com.tr\/index.php\/wp-json\/wp\/v2\/media?parent=707511"}],"wp:term":[{"taxonomy":"product_brand","embeddable":true,"href":"https:\/\/roveyayinevi.com.tr\/index.php\/wp-json\/wp\/v2\/product_brand?post=707511"},{"taxonomy":"product_cat","embeddable":true,"href":"https:\/\/roveyayinevi.com.tr\/index.php\/wp-json\/wp\/v2\/product_cat?post=707511"},{"taxonomy":"product_tag","embeddable":true,"href":"https:\/\/roveyayinevi.com.tr\/index.php\/wp-json\/wp\/v2\/product_tag?post=707511"}],"curies":[{"name":"wp","href":"https:\/\/api.w.org\/{rel}","templated":true}]}}