{"id":707510,"date":"2025-08-27T16:06:24","date_gmt":"2025-08-27T13:06:24","guid":{"rendered":"https:\/\/roveyayinevi.com.tr\/index.php\/urun\/neden-yaziyorum\/"},"modified":"2026-04-16T02:16:18","modified_gmt":"2026-04-15T23:16:18","slug":"neden-yaziyorum","status":"publish","type":"product","link":"https:\/\/roveyayinevi.com.tr\/index.php\/urun\/neden-yaziyorum\/","title":{"rendered":"Neden Yaz\u0131yorum"},"content":{"rendered":"<p>Edebiyat anlay\u0131\u015f\u0131 hi\u00e7bir zaman politik d\u00fc\u015f\u00fcncelerinden ve g\u00f6zlemlerinden ayr\u0131 d\u00fc\u015f\u00fcn\u00fclemeyecek bir yazar olan George Orwell, Neden Yaz\u0131yorum&#8217;da bir araya getirilen denemelerinde, hemen her yazar\u0131n hayat\u0131n\u0131n bir noktas\u0131nda kendisine sordu\u011fu ya da ba\u015fkalar\u0131n\u0131n ona y\u00f6neltti\u011fi, beylik &#8220;Neden Yaz\u0131yorum?&#8221; sorusuna politik ve insani g\u00f6zlemlerle yo\u011furdu\u011fu cevaplar veriyor. Politikac\u0131lar\u0131n ipli\u011fini pazara \u00e7\u0131kar\u0131rken, \u0130ngiliz karakterini bir kadavra gibi par\u00e7alar\u0131na ay\u0131r\u0131rken, sava\u015fa dair dile getirilmeyenleri dile getirirken i\u011fneyi ba\u015fkalar\u0131 kadar kendine de bat\u0131rmaktan sak\u0131nm\u0131yor. &#8220;T\u00fcm yazarlar kibirli, bencil ve tembeldir ve yazma d\u00fcrt\u00fclerinin alt\u0131nda bir gizem yatar. Kitap yazmak, ac\u0131dan k\u0131vrand\u0131ran bir hastal\u0131\u011f\u0131n uzun s\u00fcren n\u00f6betleri gibi insan\u0131 yiyip bitiren korkun\u00e7 bir m\u00fccadeledir. \u0130nsan, kar\u015f\u0131 koyamayaca\u011f\u0131 ve anlayamayaca\u011f\u0131 bir iblis taraf\u0131ndan itilmese kesinlikle b\u00f6yle bir i\u015fe kalk\u0131\u015fmazd\u0131. Biliyoruz ki bu iblis herkeste vard\u0131r ve bir bebe\u011fin ilgi \u00e7ekmek i\u00e7in ciyak ciyak a\u011flamas\u0131na yol a\u00e7an i\u00e7g\u00fcd\u00fcn\u00fcn ayn\u0131s\u0131d\u0131r. Fakat yine de s\u00fcrekli kendi ki\u015fili\u011fini gizleme m\u00fccadelesi vermedi\u011fi s\u00fcrece insan\u0131n okunabilir hi\u00e7bir \u015fey yazamayaca\u011f\u0131 da bir o kadar do\u011fru.&#8221; \ufffcTan\u0131t\u0131m Metni<\/p>\n","protected":false},"excerpt":{"rendered":"<p>Edebiyat anlay\u0131\u015f\u0131 hi\u00e7bir zaman politik d\u00fc\u015f\u00fcncelerinden ve g\u00f6zlemlerinden ayr\u0131 d\u00fc\u015f\u00fcn\u00fclemeyecek bir yazar olan George Orwell, Neden Yaz\u0131yorum&#8217;da bir araya getirilen denemelerinde, hemen her yazar\u0131n hayat\u0131n\u0131n bir<span class=\"excerpt-hellip\"> [\u2026]<\/span><\/p>\n","protected":false},"featured_media":0,"template":"","meta":{"_monsterinsights_skip_tracking":false,"_monsterinsights_sitenote_active":false,"_monsterinsights_sitenote_note":"","_monsterinsights_sitenote_category":0},"product_brand":[],"product_cat":[12777,12291],"product_tag":[],"class_list":{"0":"post-707510","1":"product","2":"type-product","3":"status-publish","5":"product_cat-deneme","6":"product_cat-edebiyat","7":"pa_cilt-ciltsiz","8":"pa_tur-kitap","9":"pa_yayinevi-sel-yayincilik","10":"pa_yazar-george-orwell","12":"first","13":"instock","14":"sale","15":"shipping-taxable","16":"purchasable","17":"product-type-simple"},"_links":{"self":[{"href":"https:\/\/roveyayinevi.com.tr\/index.php\/wp-json\/wp\/v2\/product\/707510","targetHints":{"allow":["GET"]}}],"collection":[{"href":"https:\/\/roveyayinevi.com.tr\/index.php\/wp-json\/wp\/v2\/product"}],"about":[{"href":"https:\/\/roveyayinevi.com.tr\/index.php\/wp-json\/wp\/v2\/types\/product"}],"wp:attachment":[{"href":"https:\/\/roveyayinevi.com.tr\/index.php\/wp-json\/wp\/v2\/media?parent=707510"}],"wp:term":[{"taxonomy":"product_brand","embeddable":true,"href":"https:\/\/roveyayinevi.com.tr\/index.php\/wp-json\/wp\/v2\/product_brand?post=707510"},{"taxonomy":"product_cat","embeddable":true,"href":"https:\/\/roveyayinevi.com.tr\/index.php\/wp-json\/wp\/v2\/product_cat?post=707510"},{"taxonomy":"product_tag","embeddable":true,"href":"https:\/\/roveyayinevi.com.tr\/index.php\/wp-json\/wp\/v2\/product_tag?post=707510"}],"curies":[{"name":"wp","href":"https:\/\/api.w.org\/{rel}","templated":true}]}}