{"id":707505,"date":"2025-08-27T16:06:21","date_gmt":"2025-08-27T13:06:21","guid":{"rendered":"https:\/\/roveyayinevi.com.tr\/index.php\/urun\/cizgili-pijamali-cocuk\/"},"modified":"2026-04-03T02:21:34","modified_gmt":"2026-04-02T23:21:34","slug":"cizgili-pijamali-cocuk","status":"publish","type":"product","link":"https:\/\/roveyayinevi.com.tr\/index.php\/urun\/cizgili-pijamali-cocuk\/","title":{"rendered":"\u00c7izgili Pijamal\u0131 \u00c7ocuk"},"content":{"rendered":"<p>Bu kitab\u0131 okumaya ba\u015flad\u0131\u011f\u0131n\u0131zda, kendinizi Bruno ad\u0131nda dokuz ya\u015f\u0131nda bir \u00e7ocukla yolculu\u011fa \u00e7\u0131km\u0131\u015f bulacaks\u0131n\u0131z (ama bu kitap dokuz ya\u015f\u0131ndakiler i\u00e7in de\u011fil, her ya\u015f grubunun okumas\u0131 gereken bir kitap). Ve er ge\u00e7 kendinizi Bruno ile birlikte bir tel \u00f6rg\u00fcde bulacaks\u0131n\u0131z. Umar\u0131z, hayat\u0131n\u0131z boyunca b\u00f6yle bir tel \u00f6rg\u00fcn\u00fcn \u00f6b\u00fcr ucuna ge\u00e7mek zorunda kalmazs\u0131n\u0131z. &#8220;Derinden etkileyen, \u00e7ok g\u00fczel ve tane tane kaleme al\u0131nm\u0131\u015f&#8221; Wall Street Journal &#8220;Heyecan verici ve sars\u0131c\u0131&#8221; USA Today &#8220;Ola\u011fan\u00fcst\u00fc bir kitap!&#8221; Irish Examiner &#8220;Arkada\u015fl\u0131k ve sava\u015f\u0131n korkun\u00e7lu\u011funu i\u015fleyen ola\u011fan\u00fcst\u00fc bir roman.&#8221; Irish Independent  &#8220;Derinden etkileyen, \u00e7ok g\u00fczel ve tane tane kaleme al\u0131nm\u0131\u015f.&#8221;Wall Street Journal&#8221;Heyecan verici ve sars\u0131c\u0131!&#8221;USA Today&#8221;Ola\u011fan\u00fcst\u00fc bir kitap!&#8221;Irish Examiner&#8221;Arkada\u015fl\u0131k ve sava\u015f\u0131n korkun\u00e7lu\u011funu i\u015fleyen ola\u011fan\u00fcst\u00fc bir roman!&#8221;Irish Independent\u201cKesinlikle \u00e7ok iyi yaz\u0131lm\u0131\u015f, dokunakl\u0131 bir \u00f6yk\u00fc. Okuduklar\u0131m \u00e7ok \u00e7ok uzun s\u00fcre akl\u0131mdan \u00e7\u0131kmayacak!\u201dThe Star\u201cYazar, kitap boyunca okurun hep bir ad\u0131m \u00f6n\u00fcndeki konumunu korurken, \u00f6ld\u00fcr\u00fcc\u00fc darbeyi son sayfalarda indiriyor.\u201dThe Independent<\/p>\n","protected":false},"excerpt":{"rendered":"<p>Bu kitab\u0131 okumaya ba\u015flad\u0131\u011f\u0131n\u0131zda, kendinizi Bruno ad\u0131nda dokuz ya\u015f\u0131nda bir \u00e7ocukla yolculu\u011fa \u00e7\u0131km\u0131\u015f bulacaks\u0131n\u0131z (ama bu kitap dokuz ya\u015f\u0131ndakiler i\u00e7in de\u011fil, her ya\u015f grubunun okumas\u0131 gereken<span class=\"excerpt-hellip\"> [\u2026]<\/span><\/p>\n","protected":false},"featured_media":0,"template":"","meta":{"_monsterinsights_skip_tracking":false,"_monsterinsights_sitenote_active":false,"_monsterinsights_sitenote_note":"","_monsterinsights_sitenote_category":0},"product_brand":[],"product_cat":[12291,12711],"product_tag":[],"class_list":{"0":"post-707505","1":"product","2":"type-product","3":"status-publish","5":"product_cat-edebiyat","6":"product_cat-roman-oyku","7":"pa_cilt-ciltsiz","8":"pa_tur-kitap","9":"pa_yayinevi-tudem-yayinlari","10":"pa_yazar-john-boyne","12":"first","13":"instock","14":"sale","15":"shipping-taxable","16":"purchasable","17":"product-type-simple"},"_links":{"self":[{"href":"https:\/\/roveyayinevi.com.tr\/index.php\/wp-json\/wp\/v2\/product\/707505","targetHints":{"allow":["GET"]}}],"collection":[{"href":"https:\/\/roveyayinevi.com.tr\/index.php\/wp-json\/wp\/v2\/product"}],"about":[{"href":"https:\/\/roveyayinevi.com.tr\/index.php\/wp-json\/wp\/v2\/types\/product"}],"wp:attachment":[{"href":"https:\/\/roveyayinevi.com.tr\/index.php\/wp-json\/wp\/v2\/media?parent=707505"}],"wp:term":[{"taxonomy":"product_brand","embeddable":true,"href":"https:\/\/roveyayinevi.com.tr\/index.php\/wp-json\/wp\/v2\/product_brand?post=707505"},{"taxonomy":"product_cat","embeddable":true,"href":"https:\/\/roveyayinevi.com.tr\/index.php\/wp-json\/wp\/v2\/product_cat?post=707505"},{"taxonomy":"product_tag","embeddable":true,"href":"https:\/\/roveyayinevi.com.tr\/index.php\/wp-json\/wp\/v2\/product_tag?post=707505"}],"curies":[{"name":"wp","href":"https:\/\/api.w.org\/{rel}","templated":true}]}}